{"id":3095,"date":"2018-12-03T18:00:20","date_gmt":"2018-12-03T17:00:20","guid":{"rendered":"https:\/\/phiessences.com\/Romania\/?post_type=product&#038;p=3095"},"modified":"2026-01-08T17:44:49","modified_gmt":"2026-01-08T15:44:49","slug":"131-pewsey-oare-uk-2010-pewsey-oare-marea-britanie-2010","status":"publish","type":"product","link":"https:\/\/esentevibrationale.com\/?product=131-pewsey-oare-uk-2010-pewsey-oare-marea-britanie-2010","title":{"rendered":"131.) Pewsey Oare, UK (2010) \/ Pewsey Oare, Marea Britanie (2010)"},"content":{"rendered":"<p><img decoding=\"async\" class=\"img-responsive\" title=\"131.) Pewsey Oare, UK (2010)\" src=\"https:\/\/www.phiessences.com\/images\/product_images\/info_images\/nr._131_502_2.jpg\" alt=\"131.) Pewsey Oare, UK (2010)\" data-magnifier-src=\"images\/product_images\/original_images\/nr._131_502_2.jpg\" \/><\/p>\n<p>Cercul ap\u0103rut \u00een lanul de recolt\u0103 este \u00een form\u0103 unei diagrame centrate, cod sau calendar. Esen\u021ba ne ajut\u0103 s\u0103 r\u0103m\u00e2nem calmi \u0219i focusa\u021bi, s\u0103 nu pierdem din vedere scopul nostru. Ajut\u0103 mai degrab\u0103 oamenii \u00eengrijora\u021bi, u\u0219or distra\u0219i. Ofer\u0103 \u00eencredere \u0219i calmitate, chiar \u0219i \u00een situa\u021biile dificile<\/p>\n","protected":false},"excerpt":{"rendered":"<p>Cercul ap\u0103rut \u00een lanul de recolt\u0103 este \u00een form\u0103 unei diagrame centrate, cod sau calendar. Esen\u021ba ne ajut\u0103 s\u0103 r\u0103m\u00e2nem calmi \u0219i focusa\u021bi, s\u0103 nu pierdem din vedere scopul nostru. Ajut\u0103 mai degrab\u0103 oamenii \u00eengrijora\u021bi, u\u0219or distra\u0219i. Ofer\u0103 \u00eencredere \u0219i calmitate, chiar \u0219i \u00een situa\u021biile dificile<\/p>\n","protected":false},"featured_media":3096,"template":"","meta":[],"product_brand":[],"product_cat":[54],"product_tag":[],"class_list":{"0":"post-3095","1":"product","2":"type-product","3":"status-publish","4":"has-post-thumbnail","6":"product_cat-esentele-crete-cu-ajutorul-energiei-cercurilor-aparute-in-lanurile-de-recolte","7":"pa_size-15ml","8":"pa_size-30ml","10":"first","11":"instock","12":"shipping-taxable","13":"purchasable","14":"product-type-variable","15":"has-default-attributes"},"_links":{"self":[{"href":"https:\/\/esentevibrationale.com\/index.php?rest_route=\/wp\/v2\/product\/3095","targetHints":{"allow":["GET"]}}],"collection":[{"href":"https:\/\/esentevibrationale.com\/index.php?rest_route=\/wp\/v2\/product"}],"about":[{"href":"https:\/\/esentevibrationale.com\/index.php?rest_route=\/wp\/v2\/types\/product"}],"wp:featuredmedia":[{"embeddable":true,"href":"https:\/\/esentevibrationale.com\/index.php?rest_route=\/wp\/v2\/media\/3096"}],"wp:attachment":[{"href":"https:\/\/esentevibrationale.com\/index.php?rest_route=%2Fwp%2Fv2%2Fmedia&parent=3095"}],"wp:term":[{"taxonomy":"product_brand","embeddable":true,"href":"https:\/\/esentevibrationale.com\/index.php?rest_route=%2Fwp%2Fv2%2Fproduct_brand&post=3095"},{"taxonomy":"product_cat","embeddable":true,"href":"https:\/\/esentevibrationale.com\/index.php?rest_route=%2Fwp%2Fv2%2Fproduct_cat&post=3095"},{"taxonomy":"product_tag","embeddable":true,"href":"https:\/\/esentevibrationale.com\/index.php?rest_route=%2Fwp%2Fv2%2Fproduct_tag&post=3095"}],"curies":[{"name":"wp","href":"https:\/\/api.w.org\/{rel}","templated":true}]}}