{"id":3152,"date":"2018-12-04T11:05:14","date_gmt":"2018-12-04T10:05:14","guid":{"rendered":"https:\/\/phiessences.com\/Romania\/?post_type=product&#038;p=3152"},"modified":"2026-01-14T10:12:01","modified_gmt":"2026-01-14T08:12:01","slug":"141-busingen-d-2012-busingen-germania-2012","status":"publish","type":"product","link":"https:\/\/esentevibrationale.com\/?product=141-busingen-d-2012-busingen-germania-2012","title":{"rendered":"141.) B\u00fcsingen, D (2012) \/ B\u00fcsingen, Germania  (2012)"},"content":{"rendered":"<p><img loading=\"lazy\" decoding=\"async\" class=\"alignnone size-full wp-image-13406\" src=\"https:\/\/esentevibrationale.com\/wp-content\/uploads\/2018\/12\/141_561_1-2.jpg\" alt=\"\" width=\"101\" height=\"300\" \/><\/p>\n<p>Aceast\u0103 esen\u021b\u0103 ne ajut\u0103 s\u0103 ne conect\u0103m cu sacralitatea \u0219i cu Dumnezeu.<\/p>\n","protected":false},"excerpt":{"rendered":"<p>Aceast\u0103 esen\u021b\u0103 ne ajut\u0103 s\u0103 ne conect\u0103m cu sacralitatea \u0219i cu Dumnezeu.<\/p>\n","protected":false},"featured_media":4192,"template":"","meta":[],"product_brand":[],"product_cat":[54],"product_tag":[],"class_list":{"0":"post-3152","1":"product","2":"type-product","3":"status-publish","4":"has-post-thumbnail","6":"product_cat-esentele-crete-cu-ajutorul-energiei-cercurilor-aparute-in-lanurile-de-recolte","7":"pa_size-15ml","8":"pa_size-30ml","10":"first","11":"instock","12":"shipping-taxable","13":"purchasable","14":"product-type-variable","15":"has-default-attributes"},"_links":{"self":[{"href":"https:\/\/esentevibrationale.com\/index.php?rest_route=\/wp\/v2\/product\/3152","targetHints":{"allow":["GET"]}}],"collection":[{"href":"https:\/\/esentevibrationale.com\/index.php?rest_route=\/wp\/v2\/product"}],"about":[{"href":"https:\/\/esentevibrationale.com\/index.php?rest_route=\/wp\/v2\/types\/product"}],"wp:featuredmedia":[{"embeddable":true,"href":"https:\/\/esentevibrationale.com\/index.php?rest_route=\/wp\/v2\/media\/4192"}],"wp:attachment":[{"href":"https:\/\/esentevibrationale.com\/index.php?rest_route=%2Fwp%2Fv2%2Fmedia&parent=3152"}],"wp:term":[{"taxonomy":"product_brand","embeddable":true,"href":"https:\/\/esentevibrationale.com\/index.php?rest_route=%2Fwp%2Fv2%2Fproduct_brand&post=3152"},{"taxonomy":"product_cat","embeddable":true,"href":"https:\/\/esentevibrationale.com\/index.php?rest_route=%2Fwp%2Fv2%2Fproduct_cat&post=3152"},{"taxonomy":"product_tag","embeddable":true,"href":"https:\/\/esentevibrationale.com\/index.php?rest_route=%2Fwp%2Fv2%2Fproduct_tag&post=3152"}],"curies":[{"name":"wp","href":"https:\/\/api.w.org\/{rel}","templated":true}]}}