{"id":3203,"date":"2018-12-04T15:38:48","date_gmt":"2018-12-04T14:38:48","guid":{"rendered":"https:\/\/phiessences.com\/Romania\/?post_type=product&#038;p=3203"},"modified":"2026-01-14T10:23:31","modified_gmt":"2026-01-14T08:23:31","slug":"151-rheinau-ch-2013-rheinau-elvetia-2013","status":"publish","type":"product","link":"https:\/\/esentevibrationale.com\/?product=151-rheinau-ch-2013-rheinau-elvetia-2013","title":{"rendered":"151.) Rheinau, CH (2013) \/  Rheinau Elve\u0163ia (2013)"},"content":{"rendered":"<p><img decoding=\"async\" class=\"img-responsive\" title=\"151.) Rheinau, CH (2013)\" src=\"https:\/\/www.phiessences.com\/images\/product_images\/info_images\/nr.151.jpg\" alt=\"151.) Rheinau, CH (2013)\" data-magnifier-src=\"images\/product_images\/original_images\/nr.151.jpg\" \/><\/p>\n<p>Experimenteaz\u0103 abunden\u021ba. Pentru oamenii care \u00ee\u0219i caut\u0103 locul \u00een via\u021b\u0103, care \u00eenc\u0103 se confrunt\u0103 cu temeri existen\u021biale. Esen\u0163a cur\u0103\u021b\u0103 procesele profunde din subcon\u0219tient. Ne face con\u0219tien\u021bi c\u0103 orice str\u0103duin\u021b\u0103 pentru lucrurile materiale poate fi o expresie a nesiguran\u021bei. Ne \u00eenva\u021b\u0103 c\u0103 este vorba de a avea \u00eencredere, de a experimenta adev\u0103rata abunden\u021b\u0103, de a avea \u00eencredere \u00een Dumnezeu \u0219i de a \u0219ti c\u0103 aceast\u0103 via\u021b\u0103 este doar un pasaj \u0219i c\u0103 adev\u0103rata bog\u0103\u021bie st\u0103 \u00een iubire \u0219i \u00een leg\u0103tur\u0103 cu Dumnezeu. Toate celulele noastre sunt inundate cu aceast\u0103 informa\u021bie \u0219i vechile suferin\u021be \u0219i amintiri la nivel celular, iar subcon\u0219tientul poate fi transformat \u0219i dizolvat prin con\u0219tiin\u021ba noastr\u0103.<\/p>\n<p>&nbsp;<\/p>\n<p>&nbsp;<\/p>\n<p>&nbsp;<\/p>\n<p>&nbsp;<\/p>\n","protected":false},"excerpt":{"rendered":"<p>Experimenteaz\u0103 abunden\u021ba. Pentru oamenii care \u00ee\u0219i caut\u0103 locul \u00een via\u021b\u0103, care \u00eenc\u0103 se confrunt\u0103 cu temeri existen\u021biale. Esen\u0163a cur\u0103\u021b\u0103 procesele profunde din subcon\u0219tient. Ne face con\u0219tien\u021bi c\u0103 orice str\u0103duin\u021b\u0103 pentru lucrurile materiale poate fi o expresie a nesiguran\u021bei. Ne \u00eenva\u021b\u0103 c\u0103 este vorba de a avea \u00eencredere, de a experimenta adev\u0103rata abunden\u021b\u0103, de a avea &hellip; <a href=\"https:\/\/esentevibrationale.com\/?product=151-rheinau-ch-2013-rheinau-elvetia-2013\" class=\"more-link\">Continu\u0103 lectura <span class=\"screen-reader-text\">151.) Rheinau, CH (2013) \/  Rheinau Elve\u0163ia (2013)<\/span> <span class=\"meta-nav\">&rarr;<\/span><\/a><\/p>\n","protected":false},"featured_media":3204,"template":"","meta":[],"product_brand":[],"product_cat":[54],"product_tag":[],"class_list":{"0":"post-3203","1":"product","2":"type-product","3":"status-publish","4":"has-post-thumbnail","6":"product_cat-esentele-crete-cu-ajutorul-energiei-cercurilor-aparute-in-lanurile-de-recolte","7":"pa_size-15ml","8":"pa_size-30ml","10":"first","11":"instock","12":"shipping-taxable","13":"purchasable","14":"product-type-variable","15":"has-default-attributes"},"_links":{"self":[{"href":"https:\/\/esentevibrationale.com\/index.php?rest_route=\/wp\/v2\/product\/3203","targetHints":{"allow":["GET"]}}],"collection":[{"href":"https:\/\/esentevibrationale.com\/index.php?rest_route=\/wp\/v2\/product"}],"about":[{"href":"https:\/\/esentevibrationale.com\/index.php?rest_route=\/wp\/v2\/types\/product"}],"wp:featuredmedia":[{"embeddable":true,"href":"https:\/\/esentevibrationale.com\/index.php?rest_route=\/wp\/v2\/media\/3204"}],"wp:attachment":[{"href":"https:\/\/esentevibrationale.com\/index.php?rest_route=%2Fwp%2Fv2%2Fmedia&parent=3203"}],"wp:term":[{"taxonomy":"product_brand","embeddable":true,"href":"https:\/\/esentevibrationale.com\/index.php?rest_route=%2Fwp%2Fv2%2Fproduct_brand&post=3203"},{"taxonomy":"product_cat","embeddable":true,"href":"https:\/\/esentevibrationale.com\/index.php?rest_route=%2Fwp%2Fv2%2Fproduct_cat&post=3203"},{"taxonomy":"product_tag","embeddable":true,"href":"https:\/\/esentevibrationale.com\/index.php?rest_route=%2Fwp%2Fv2%2Fproduct_tag&post=3203"}],"curies":[{"name":"wp","href":"https:\/\/api.w.org\/{rel}","templated":true}]}}