{"id":3208,"date":"2018-12-04T15:54:26","date_gmt":"2018-12-04T14:54:26","guid":{"rendered":"https:\/\/phiessences.com\/Romania\/?post_type=product&#038;p=3208"},"modified":"2026-01-14T10:25:26","modified_gmt":"2026-01-14T08:25:26","slug":"152-robella-italy-2013-robella-italia-2013","status":"publish","type":"product","link":"https:\/\/esentevibrationale.com\/?product=152-robella-italy-2013-robella-italia-2013","title":{"rendered":"152.) Robella, Italy (2013) \/ Robella, Italia (2013)"},"content":{"rendered":"<p><img loading=\"lazy\" decoding=\"async\" class=\"alignnone size-full wp-image-13410\" src=\"https:\/\/esentevibrationale.com\/wp-content\/uploads\/2018\/12\/nr.152-1.jpg\" alt=\"\" width=\"101\" height=\"300\" \/><\/p>\n<p>Esen\u021ba transform\u0103rii. A\u0219a cum alchimi\u015fti \u015fi-au imaginat transformarea elementelor, esen\u021ba ne transform\u0103 \u00een interior \u0219i ne elibereaz\u0103 de emo\u021biile stresante. Forma\u0163iunea stimuleaz\u0103 calmul \u0219i bucuria interioar\u0103. Ne face s\u0103 evit\u0103m emo\u021biile stresante din interior, ne face mai relaxa\u021bi \u00een interior \u0219i ne elibereaz\u0103 de vechile poveri \u0219i ne ofer\u0103 un sentiment de unitate cu tot ceea ce este. Principiul transform\u0103rii om &#8211; \u00een\u0103untru &#8211; \u00een afara vie\u021bii &#8211; univers: at\u00e2t la scar\u0103 mare c\u00e2t \u0219i la scar\u0103 mic\u0103. \u00cenv\u0103\u021b\u0103m c\u0103 depinde de g\u00e2ndurile noastre \u0219i de con\u0219tiin\u021ba noastr\u0103, s\u0103 cre\u0103m realitatea noastr\u0103 interioar\u0103 \u0219i exterioar\u0103.<\/p>\n","protected":false},"excerpt":{"rendered":"<p>Grafic\u0103\u00a0: Corinne Schmid<\/p>\n","protected":false},"featured_media":3211,"template":"","meta":[],"product_brand":[],"product_cat":[54],"product_tag":[],"class_list":{"0":"post-3208","1":"product","2":"type-product","3":"status-publish","4":"has-post-thumbnail","6":"product_cat-esentele-crete-cu-ajutorul-energiei-cercurilor-aparute-in-lanurile-de-recolte","7":"pa_size-15ml","8":"pa_size-30ml","10":"first","11":"instock","12":"shipping-taxable","13":"purchasable","14":"product-type-variable","15":"has-default-attributes"},"_links":{"self":[{"href":"https:\/\/esentevibrationale.com\/index.php?rest_route=\/wp\/v2\/product\/3208","targetHints":{"allow":["GET"]}}],"collection":[{"href":"https:\/\/esentevibrationale.com\/index.php?rest_route=\/wp\/v2\/product"}],"about":[{"href":"https:\/\/esentevibrationale.com\/index.php?rest_route=\/wp\/v2\/types\/product"}],"wp:featuredmedia":[{"embeddable":true,"href":"https:\/\/esentevibrationale.com\/index.php?rest_route=\/wp\/v2\/media\/3211"}],"wp:attachment":[{"href":"https:\/\/esentevibrationale.com\/index.php?rest_route=%2Fwp%2Fv2%2Fmedia&parent=3208"}],"wp:term":[{"taxonomy":"product_brand","embeddable":true,"href":"https:\/\/esentevibrationale.com\/index.php?rest_route=%2Fwp%2Fv2%2Fproduct_brand&post=3208"},{"taxonomy":"product_cat","embeddable":true,"href":"https:\/\/esentevibrationale.com\/index.php?rest_route=%2Fwp%2Fv2%2Fproduct_cat&post=3208"},{"taxonomy":"product_tag","embeddable":true,"href":"https:\/\/esentevibrationale.com\/index.php?rest_route=%2Fwp%2Fv2%2Fproduct_tag&post=3208"}],"curies":[{"name":"wp","href":"https:\/\/api.w.org\/{rel}","templated":true}]}}