{"id":3233,"date":"2018-12-04T17:17:29","date_gmt":"2018-12-04T16:17:29","guid":{"rendered":"https:\/\/phiessences.com\/Romania\/?post_type=product&#038;p=3233"},"modified":"2026-01-14T10:31:14","modified_gmt":"2026-01-14T08:31:14","slug":"157-ridgeway-avebury-uk-2013-ridgeway-avebury-uk-2013","status":"publish","type":"product","link":"https:\/\/esentevibrationale.com\/?product=157-ridgeway-avebury-uk-2013-ridgeway-avebury-uk-2013","title":{"rendered":"157.) Ridgeway, Avebury UK (2013) \/ Ridgeway, Avebury UK (2013)"},"content":{"rendered":"<p><img decoding=\"async\" class=\"img-responsive\" title=\"157.) Ridgeway, Avebury UK (2013)\" src=\"https:\/\/www.phiessences.com\/images\/product_images\/info_images\/nr.157.jpg\" alt=\"157.) Ridgeway, Avebury UK (2013)\" data-magnifier-src=\"images\/product_images\/original_images\/nr.157.jpg\" \/><\/p>\n<p>Energia vortexului. Pornind din inima legat\u0103 de Dumnezeu, energia se extinde de dedesubt \u00een sus. \u00cenv\u0103\u021b\u0103m s\u0103 nu ne mai vedem victime ale situa\u021biei ci co-creatorii realit\u0103\u021bii. Ne conecteaz\u0103 cu Dumnezeu \u0219i ac\u021bioneaz\u0103 din inim\u0103, astfel \u00eenv\u0103\u021b\u0103m s\u0103 ne folosim puterea creativ\u0103 doar pentru bine. G\u00e2ndul se materializeaz\u0103, se r\u0103sp\u00e2nde\u0219te \u0219i creeaz\u0103 rezonan\u021ba, transform\u00e2nd astfel realitatea. E\u0219ti ceea ce g\u00e2nde\u0219ti, e\u0219ti creatorul realit\u0103\u021bii tale.<\/p>\n","protected":false},"excerpt":{"rendered":"<p>Fotografie: Frank Laumen<\/p>\n","protected":false},"featured_media":3235,"template":"","meta":[],"product_brand":[],"product_cat":[54],"product_tag":[],"class_list":{"0":"post-3233","1":"product","2":"type-product","3":"status-publish","4":"has-post-thumbnail","6":"product_cat-esentele-crete-cu-ajutorul-energiei-cercurilor-aparute-in-lanurile-de-recolte","7":"pa_size-15ml","8":"pa_size-30ml","10":"first","11":"instock","12":"shipping-taxable","13":"purchasable","14":"product-type-variable","15":"has-default-attributes"},"_links":{"self":[{"href":"https:\/\/esentevibrationale.com\/index.php?rest_route=\/wp\/v2\/product\/3233","targetHints":{"allow":["GET"]}}],"collection":[{"href":"https:\/\/esentevibrationale.com\/index.php?rest_route=\/wp\/v2\/product"}],"about":[{"href":"https:\/\/esentevibrationale.com\/index.php?rest_route=\/wp\/v2\/types\/product"}],"wp:featuredmedia":[{"embeddable":true,"href":"https:\/\/esentevibrationale.com\/index.php?rest_route=\/wp\/v2\/media\/3235"}],"wp:attachment":[{"href":"https:\/\/esentevibrationale.com\/index.php?rest_route=%2Fwp%2Fv2%2Fmedia&parent=3233"}],"wp:term":[{"taxonomy":"product_brand","embeddable":true,"href":"https:\/\/esentevibrationale.com\/index.php?rest_route=%2Fwp%2Fv2%2Fproduct_brand&post=3233"},{"taxonomy":"product_cat","embeddable":true,"href":"https:\/\/esentevibrationale.com\/index.php?rest_route=%2Fwp%2Fv2%2Fproduct_cat&post=3233"},{"taxonomy":"product_tag","embeddable":true,"href":"https:\/\/esentevibrationale.com\/index.php?rest_route=%2Fwp%2Fv2%2Fproduct_tag&post=3233"}],"curies":[{"name":"wp","href":"https:\/\/api.w.org\/{rel}","templated":true}]}}