{"id":3250,"date":"2018-12-07T14:37:16","date_gmt":"2018-12-07T13:37:16","guid":{"rendered":"https:\/\/phiessences.com\/Romania\/?post_type=product&#038;p=3250"},"modified":"2026-01-15T17:51:43","modified_gmt":"2026-01-15T15:51:43","slug":"formatiunea-aparuta-in-lanul-de-recolta-avebury-marea-britanie-2014","status":"publish","type":"product","link":"https:\/\/esentevibrationale.com\/?product=formatiunea-aparuta-in-lanul-de-recolta-avebury-marea-britanie-2014","title":{"rendered":"160.) Cropcircle Avebury, UK (2014) \/ Forma\u0163iunea ap\u0103rut\u0103 \u00een lanul de recolt\u0103, Avebury, Marea Britanie (2014)"},"content":{"rendered":"<p><img decoding=\"async\" class=\"img-responsive\" title=\"160.) Cropcircle Avebury, UK (2014)\" src=\"https:\/\/www.phiessences.com\/images\/product_images\/info_images\/160.jpg\" alt=\"160.) Cropcircle Avebury, UK (2014)\" data-magnifier-src=\"images\/product_images\/original_images\/160.jpg\" \/><\/p>\n<p>Esen\u021ba ne conecteaz\u0103 cu poten\u021bialul nostru interior. \u00cenv\u0103\u021b\u0103m s\u0103 avem \u00eencredere \u00een puterea noastr\u0103 interioar\u0103 \u0219i \u00een Dumnezeu. Ne d\u0103 optimism \u0219i \u00eencredere, chiar \u0219i \u00een situa\u021biile dificile \u0219i are un efect energetic de \u00eent\u0103rire asupra Chakrei inimii.<\/p>\n","protected":false},"excerpt":{"rendered":"<p>Esen\u021ba ne conecteaz\u0103 cu poten\u021bialul nostru interior. \u00cenv\u0103\u021b\u0103m s\u0103 avem \u00eencredere \u00een puterea noastr\u0103 interioar\u0103 \u0219i \u00een Dumnezeu. Ne d\u0103 optimism \u0219i \u00eencredere, chiar \u0219i \u00een situa\u021biile dificile \u0219i are un efect energetic de \u00eent\u0103rire asupra Chakrei inimii.<\/p>\n","protected":false},"featured_media":3252,"template":"","meta":[],"product_brand":[],"product_cat":[54],"product_tag":[],"class_list":{"0":"post-3250","1":"product","2":"type-product","3":"status-publish","4":"has-post-thumbnail","6":"product_cat-esentele-crete-cu-ajutorul-energiei-cercurilor-aparute-in-lanurile-de-recolte","7":"pa_size-15ml","8":"pa_size-30ml","10":"first","11":"instock","12":"shipping-taxable","13":"purchasable","14":"product-type-variable","15":"has-default-attributes"},"_links":{"self":[{"href":"https:\/\/esentevibrationale.com\/index.php?rest_route=\/wp\/v2\/product\/3250","targetHints":{"allow":["GET"]}}],"collection":[{"href":"https:\/\/esentevibrationale.com\/index.php?rest_route=\/wp\/v2\/product"}],"about":[{"href":"https:\/\/esentevibrationale.com\/index.php?rest_route=\/wp\/v2\/types\/product"}],"wp:featuredmedia":[{"embeddable":true,"href":"https:\/\/esentevibrationale.com\/index.php?rest_route=\/wp\/v2\/media\/3252"}],"wp:attachment":[{"href":"https:\/\/esentevibrationale.com\/index.php?rest_route=%2Fwp%2Fv2%2Fmedia&parent=3250"}],"wp:term":[{"taxonomy":"product_brand","embeddable":true,"href":"https:\/\/esentevibrationale.com\/index.php?rest_route=%2Fwp%2Fv2%2Fproduct_brand&post=3250"},{"taxonomy":"product_cat","embeddable":true,"href":"https:\/\/esentevibrationale.com\/index.php?rest_route=%2Fwp%2Fv2%2Fproduct_cat&post=3250"},{"taxonomy":"product_tag","embeddable":true,"href":"https:\/\/esentevibrationale.com\/index.php?rest_route=%2Fwp%2Fv2%2Fproduct_tag&post=3250"}],"curies":[{"name":"wp","href":"https:\/\/api.w.org\/{rel}","templated":true}]}}