{"id":3326,"date":"2018-12-10T08:58:56","date_gmt":"2018-12-10T07:58:56","guid":{"rendered":"https:\/\/phiessences.com\/Romania\/?post_type=product&#038;p=3326"},"modified":"2026-01-15T18:14:05","modified_gmt":"2026-01-15T16:14:05","slug":"170-fairford-circles-uk-2015-cercurile-fairford-marea-britanie-2015","status":"publish","type":"product","link":"https:\/\/esentevibrationale.com\/?product=170-fairford-circles-uk-2015-cercurile-fairford-marea-britanie-2015","title":{"rendered":"170.) Fairford Circles, UK (2015) \/ Cercurile Fairford, Marea Britanie (2015)"},"content":{"rendered":"<p><img decoding=\"async\" class=\"img-responsive\" title=\"170.) Fairford circles, UK (2015)\" src=\"https:\/\/www.phiessences.com\/images\/product_images\/info_images\/nr.170.jpg\" alt=\"170.) Fairford circles, UK (2015)\" data-magnifier-src=\"images\/product_images\/original_images\/nr.170.jpg\" \/><\/p>\n<p>Forma\u0163iunea de cercuri ap\u0103rute \u00een lanul de recolte are dou\u0103 cercuri.\u00a0Aceasta ne reaminte\u015fte de dualitate, unde exist\u0103 lumina, exist\u0103 \u015fi umbra, una nu exist\u0103 f\u0103r\u0103 cealalt\u0103. De asemenea, ajungem s\u0103 ne baz\u0103m pe Dumnezeu \u00een momentele dificile din via\u021ba noastr\u0103, s\u0103 \u00eenv\u0103\u021b\u0103m s\u0103 reflect\u0103m asupra pozitivului \u0219i s\u0103 ne baz\u0103m pe \u00eendrumarea interioar\u0103 a lui Dumnezeu.<\/p>\n","protected":false},"excerpt":{"rendered":"<p>Forma\u0163iunea de cercuri ap\u0103rute \u00een lanul de recolte are dou\u0103 cercuri.\u00a0Aceasta ne reaminte\u015fte de dualitate, unde exist\u0103 lumina, exist\u0103 \u015fi umbra, una nu exist\u0103 f\u0103r\u0103 cealalt\u0103. De asemenea, ajungem s\u0103 ne baz\u0103m pe Dumnezeu \u00een momentele dificile din via\u021ba noastr\u0103, s\u0103 \u00eenv\u0103\u021b\u0103m s\u0103 reflect\u0103m asupra pozitivului \u0219i s\u0103 ne baz\u0103m pe \u00eendrumarea interioar\u0103 a lui &hellip; <a href=\"https:\/\/esentevibrationale.com\/?product=170-fairford-circles-uk-2015-cercurile-fairford-marea-britanie-2015\" class=\"more-link\">Continu\u0103 lectura <span class=\"screen-reader-text\">170.) Fairford Circles, UK (2015) \/ Cercurile Fairford, Marea Britanie (2015)<\/span> <span class=\"meta-nav\">&rarr;<\/span><\/a><\/p>\n","protected":false},"featured_media":3329,"template":"","meta":[],"product_brand":[],"product_cat":[54],"product_tag":[],"class_list":{"0":"post-3326","1":"product","2":"type-product","3":"status-publish","4":"has-post-thumbnail","6":"product_cat-esentele-crete-cu-ajutorul-energiei-cercurilor-aparute-in-lanurile-de-recolte","7":"pa_size-15ml","8":"pa_size-30ml","10":"first","11":"instock","12":"shipping-taxable","13":"purchasable","14":"product-type-variable","15":"has-default-attributes"},"_links":{"self":[{"href":"https:\/\/esentevibrationale.com\/index.php?rest_route=\/wp\/v2\/product\/3326","targetHints":{"allow":["GET"]}}],"collection":[{"href":"https:\/\/esentevibrationale.com\/index.php?rest_route=\/wp\/v2\/product"}],"about":[{"href":"https:\/\/esentevibrationale.com\/index.php?rest_route=\/wp\/v2\/types\/product"}],"wp:featuredmedia":[{"embeddable":true,"href":"https:\/\/esentevibrationale.com\/index.php?rest_route=\/wp\/v2\/media\/3329"}],"wp:attachment":[{"href":"https:\/\/esentevibrationale.com\/index.php?rest_route=%2Fwp%2Fv2%2Fmedia&parent=3326"}],"wp:term":[{"taxonomy":"product_brand","embeddable":true,"href":"https:\/\/esentevibrationale.com\/index.php?rest_route=%2Fwp%2Fv2%2Fproduct_brand&post=3326"},{"taxonomy":"product_cat","embeddable":true,"href":"https:\/\/esentevibrationale.com\/index.php?rest_route=%2Fwp%2Fv2%2Fproduct_cat&post=3326"},{"taxonomy":"product_tag","embeddable":true,"href":"https:\/\/esentevibrationale.com\/index.php?rest_route=%2Fwp%2Fv2%2Fproduct_tag&post=3326"}],"curies":[{"name":"wp","href":"https:\/\/api.w.org\/{rel}","templated":true}]}}