{"id":3336,"date":"2018-12-10T09:24:32","date_gmt":"2018-12-10T08:24:32","guid":{"rendered":"https:\/\/phiessences.com\/Romania\/?post_type=product&#038;p=3336"},"modified":"2026-01-15T17:57:15","modified_gmt":"2026-01-15T15:57:15","slug":"172-antenna-odstock-uk-2015-antena-odstock-marea-britanie-2015","status":"publish","type":"product","link":"https:\/\/esentevibrationale.com\/?product=172-antenna-odstock-uk-2015-antena-odstock-marea-britanie-2015","title":{"rendered":"172.) Antenna Odstock, UK (2015) \/ Antena Odstock, Marea Britanie (2015)"},"content":{"rendered":"<p>&nbsp;<\/p>\n<p><strong><img decoding=\"async\" class=\"img-responsive\" title=\"172.) Antenna Odstock, UK (2015)\" src=\"https:\/\/www.phiessences.com\/images\/product_images\/info_images\/nr.172.jpg\" alt=\"172.) Antenna Odstock, UK (2015)\" data-magnifier-src=\"images\/product_images\/original_images\/nr.172.jpg\" \/><\/strong><\/p>\n<p>Aceast\u0103 forma\u0163iune mare, sub forma unei antene parabolice duble, ne conecteaz\u0103 pe de o parte, cu nivelul spiritual \u0219i cosmic \u0219i pe de alt\u0103 parte, purific\u0103 diferitele niveluri ale subcon\u0219tientului nostru de informa\u021biile vechi \u0219i impurit\u0103\u021bile energetice, pe care le-am acumulat \u00een cursul evolu\u021biei \u0219i al vie\u021bii noastre. Aceasta presupune restaurarea energetic\u0103 a informa\u021biei originale a ADN-ului purificate de toate informa\u021biile negative.<\/p>\n<p>&nbsp;<\/p>\n","protected":false},"excerpt":{"rendered":"<p>Fotografie: Steve Alexander<\/p>\n","protected":false},"featured_media":3339,"template":"","meta":[],"product_brand":[],"product_cat":[54],"product_tag":[],"class_list":{"0":"post-3336","1":"product","2":"type-product","3":"status-publish","4":"has-post-thumbnail","6":"product_cat-esentele-crete-cu-ajutorul-energiei-cercurilor-aparute-in-lanurile-de-recolte","7":"pa_size-15ml","8":"pa_size-30ml","10":"first","11":"instock","12":"shipping-taxable","13":"purchasable","14":"product-type-variable","15":"has-default-attributes"},"_links":{"self":[{"href":"https:\/\/esentevibrationale.com\/index.php?rest_route=\/wp\/v2\/product\/3336","targetHints":{"allow":["GET"]}}],"collection":[{"href":"https:\/\/esentevibrationale.com\/index.php?rest_route=\/wp\/v2\/product"}],"about":[{"href":"https:\/\/esentevibrationale.com\/index.php?rest_route=\/wp\/v2\/types\/product"}],"wp:featuredmedia":[{"embeddable":true,"href":"https:\/\/esentevibrationale.com\/index.php?rest_route=\/wp\/v2\/media\/3339"}],"wp:attachment":[{"href":"https:\/\/esentevibrationale.com\/index.php?rest_route=%2Fwp%2Fv2%2Fmedia&parent=3336"}],"wp:term":[{"taxonomy":"product_brand","embeddable":true,"href":"https:\/\/esentevibrationale.com\/index.php?rest_route=%2Fwp%2Fv2%2Fproduct_brand&post=3336"},{"taxonomy":"product_cat","embeddable":true,"href":"https:\/\/esentevibrationale.com\/index.php?rest_route=%2Fwp%2Fv2%2Fproduct_cat&post=3336"},{"taxonomy":"product_tag","embeddable":true,"href":"https:\/\/esentevibrationale.com\/index.php?rest_route=%2Fwp%2Fv2%2Fproduct_tag&post=3336"}],"curies":[{"name":"wp","href":"https:\/\/api.w.org\/{rel}","templated":true}]}}