{"id":337,"date":"2018-10-12T16:39:57","date_gmt":"2018-10-12T15:39:57","guid":{"rendered":"http:\/\/phiessences.com\/Romania\/?post_type=product&#038;p=337"},"modified":"2025-12-30T12:57:52","modified_gmt":"2025-12-30T10:57:52","slug":"amethyst-ametist-2","status":"publish","type":"product","link":"https:\/\/esentevibrationale.com\/?product=amethyst-ametist-2","title":{"rendered":"Amethyst \/ Ametist"},"content":{"rendered":"<p><em>Ametistul este un dioxid de siliciu transparent, se poate g\u0103si \u00een tonuri de violet, violet deschis \u0219i violet ro\u0219cat. Formeaz\u0103 druze frumoase pline de energie. Denumirea \u00een Greac\u0103 <\/em>amethystos \u00eenseamn\u0103 <em>&#8222;sunt treaz&#8221;. \u00cen Grecia antic\u0103, mineralul a fost purtat pentru a se evita vr\u0103jile, nostalgia \u0219i g\u00e2ndirea negativ\u0103, \u00een special, \u00een st\u0103rile de ebrietate. Sf. Hildegarde din Bingen aplica Ametistul pentru a vindeca pistruii, umfl\u0103turile recente \u0219i ca un tratament dermatologic pentru a ob\u021bine o piele mai fin\u0103. C\u0103lug\u0103rii Budi\u0219ti \u00een India aveau ametist ro\u0219cat \u0219i \u00eel foloseau \u00een medita\u021bii.<\/em><\/p>\n<p><strong><em>Efectul Esen\u021bei: <\/em><\/strong>Esen\u021ba cu oscila\u021biile sale delicate \u0219i lini\u0219titoare contribuie la atingerea unei capacit\u0103\u021bi de relaxare mai profunde, intensific\u0103 intui\u021bia \u0219i promoveaz\u0103 dezvoltarea spiritual\u0103.<\/p>\n<p><strong><em>Efectul Esen\u021bei la Nivel Fizic<\/em><\/strong>: Aceast\u0103 esen\u021b\u0103 este eficient\u0103 dac\u0103 o aplic\u0103m, atunci c\u00e2nd agita\u021bia \u0219i influen\u021bele stresante ale corpului &#8222;ne controleaz\u0103&#8221;. Ne ajut\u0103 s\u0103 ne relax\u0103m \u0219i s\u0103 dormim bine dup\u0103 o zi stresant\u0103. C\u00e2nd suntem mult prea ra\u021bionali, aceast\u0103 &#8222;ra\u021biune&#8221; se poate manifesta \u00een corp prin diferite simptome, \u00een aceste situa\u021bii esen\u021ba Ametistului aduce echilibru contra-balans\u00e2nd polii.<\/p>\n<p><strong><em>Efectul Esen\u021bei la Nivel Emo\u021bional: <\/em><\/strong>Esen\u021b\u0103 ne poate sprijini s\u0103 lucr\u0103m cu durerile \u0219i pierderile noastre \u0219i s\u0103 le transform\u0103m \u00een bucurie \u0219i armonie. Esen\u021ba ne ajut\u0103 s\u0103 ne redirec\u021bion\u0103m sentimentele de agresivitate \u0219i stimuleaz\u0103 g\u00e2ndurile pure.<\/p>\n<p><strong><em>Efectul Esen\u021bei la Nivel Mental: <\/em><\/strong>Vibra\u021bia de echilibrare a esen\u021bei ne ajut\u0103 s\u0103 dep\u0103\u0219im stresului \u0219i s\u0103 ne \u00eembun\u0103t\u0103\u021bim memoria \u0219i capacitate de concentrare. Deci, apare o nou\u0103 g\u00e2ndire clar\u0103, care ne serve\u0219te ca baz\u0103 a muncii spirituale \u0219i a sim\u021bului realit\u0103\u021bii. Esen\u021ba \u00eempreun\u0103 cu intui\u021bia noastr\u0103 pot urma un scop nobil.<\/p>\n<p><strong><em>Efectul Esen\u021bei la Nivel Spiritual: <\/em><\/strong>Cu aceast\u0103 esen\u021b\u0103 ne putem cre\u0219te u\u0219or nivelurile intui\u021biei \u0219i ale somnului. Ne sus\u021bine atunci c\u00e2nd lucr\u0103m cu nivelurile viselor noastre. Esen\u021ba Ametistului este un preparat ideal pentru medita\u021bie. Este suficient s\u0103 \u021binem sticla cu esen\u021ba \u00een m\u00e2n\u0103, \u00een timpul medita\u021biei. Experien\u021bele pe care le tr\u0103im \u00een timpul medita\u021biei, pot fi primite cu o mai mare intensitate \u0219i astfel, pot fi implementate ulterior cu o mai mare precizie. \u00cencurajeaz\u0103 dezvoltarea spiritual\u0103, \u00een special, stimuleaz\u0103 Chakra Frun\u021bii (Al Treilea Ochi), (Chakra a-VI-a) \u0219i Chakra Coroan\u0103 (Chakra a-VII-a).<\/p>\n<p><strong>Esen\u021ba de Orhidee Coprespondent\u0103<\/strong><\/p>\n<p>Orhideea Psihic<\/p>\n<p><strong><em>Afirma\u021bia: <\/em><\/strong>M\u0103 v\u0103d pe mine cu intensitatea g\u00e2ndirii depline \u00een toate nivelurile \u0219i simt fluxul luminii \u0219i al iubirii.<\/p>\n","protected":false},"excerpt":{"rendered":"<p>Ametistul este un dioxid de siliciu transparent, se poate g\u0103si \u00een tonuri de violet, violet deschis \u0219i violet ro\u0219cat. Formeaz\u0103 druze frumoase pline de energie. Denumirea \u00een Greac\u0103 amethystos \u00eenseamn\u0103 &#8222;sunt treaz&#8221;. \u00cen Grecia antic\u0103, mineralul a fost purtat pentru a se evita vr\u0103jile, nostalgia \u0219i g\u00e2ndirea negativ\u0103, \u00een special, \u00een st\u0103rile de ebrietate. Sf. &hellip; <a href=\"https:\/\/esentevibrationale.com\/?product=amethyst-ametist-2\" class=\"more-link\">Continu\u0103 lectura <span class=\"screen-reader-text\">Amethyst \/ Ametist<\/span> <span class=\"meta-nav\">&rarr;<\/span><\/a><\/p>\n","protected":false},"featured_media":14826,"template":"","meta":[],"product_brand":[],"product_cat":[18],"product_tag":[],"class_list":{"0":"post-337","1":"product","2":"type-product","3":"status-publish","4":"has-post-thumbnail","6":"product_cat-esente-de-geme","7":"pa_size-15ml","8":"pa_size-30-ml","10":"first","11":"instock","12":"shipping-taxable","13":"purchasable","14":"product-type-variable","15":"has-default-attributes"},"_links":{"self":[{"href":"https:\/\/esentevibrationale.com\/index.php?rest_route=\/wp\/v2\/product\/337","targetHints":{"allow":["GET"]}}],"collection":[{"href":"https:\/\/esentevibrationale.com\/index.php?rest_route=\/wp\/v2\/product"}],"about":[{"href":"https:\/\/esentevibrationale.com\/index.php?rest_route=\/wp\/v2\/types\/product"}],"wp:featuredmedia":[{"embeddable":true,"href":"https:\/\/esentevibrationale.com\/index.php?rest_route=\/wp\/v2\/media\/14826"}],"wp:attachment":[{"href":"https:\/\/esentevibrationale.com\/index.php?rest_route=%2Fwp%2Fv2%2Fmedia&parent=337"}],"wp:term":[{"taxonomy":"product_brand","embeddable":true,"href":"https:\/\/esentevibrationale.com\/index.php?rest_route=%2Fwp%2Fv2%2Fproduct_brand&post=337"},{"taxonomy":"product_cat","embeddable":true,"href":"https:\/\/esentevibrationale.com\/index.php?rest_route=%2Fwp%2Fv2%2Fproduct_cat&post=337"},{"taxonomy":"product_tag","embeddable":true,"href":"https:\/\/esentevibrationale.com\/index.php?rest_route=%2Fwp%2Fv2%2Fproduct_tag&post=337"}],"curies":[{"name":"wp","href":"https:\/\/api.w.org\/{rel}","templated":true}]}}