{"id":3386,"date":"2018-12-10T17:02:20","date_gmt":"2018-12-10T16:02:20","guid":{"rendered":"https:\/\/phiessences.com\/Romania\/?post_type=product&#038;p=3386"},"modified":"2024-12-23T13:51:41","modified_gmt":"2024-12-23T11:51:41","slug":"183-stonhenge-uk-2016-stonehenge-marea-britanie-2016","status":"publish","type":"product","link":"https:\/\/esentevibrationale.com\/?product=183-stonhenge-uk-2016-stonehenge-marea-britanie-2016","title":{"rendered":"183.) Stonhenge, UK (2016) \/ Stonehenge, Marea Britanie (2016)"},"content":{"rendered":"<p><img decoding=\"async\" class=\"img-responsive\" title=\"183.) Stonhenge, UK (2016)\" src=\"https:\/\/www.phiessences.com\/images\/product_images\/info_images\/1831.jpg\" alt=\"183.) Stonhenge, UK (2016)\" data-magnifier-src=\"images\/product_images\/original_images\/1831.jpg\" \/><\/p>\n<p>Forma\u021biune opus\u0103 lui Stonehenge. Ne conecteaz\u0103 cu picioarele noastre, cu r\u0103d\u0103cinile noastre. Ne tragem din puterea interioar\u0103 a originilor \u0219i trecutului nostru. Suntem con\u0219tien\u021bi de puterea noastr\u0103 interioar\u0103, de a face fa\u021b\u0103 provoc\u0103rilor prezentului \u0219i viitorului. Esen\u021ba cur\u0103\u021b\u0103 ambiguit\u0103\u021bile \u0219i \u00eendoielile \u0219i ne d\u0103 vitalitate \u0219i \u00eencredere puternic\u0103 \u00een unirea cu Dumnezeu sau Creatorul nostru.<\/p>\n","protected":false},"excerpt":{"rendered":"<p>Forma\u021biune opus\u0103 lui Stonehenge. Ne conecteaz\u0103 cu picioarele noastre, cu r\u0103d\u0103cinile noastre. Ne tragem din puterea interioar\u0103 a originilor \u0219i trecutului nostru. Suntem con\u0219tien\u021bi de puterea noastr\u0103 interioar\u0103, de a face fa\u021b\u0103 provoc\u0103rilor prezentului \u0219i viitorului. Esen\u021ba cur\u0103\u021b\u0103 ambiguit\u0103\u021bile \u0219i \u00eendoielile \u0219i ne d\u0103 vitalitate \u0219i \u00eencredere puternic\u0103 \u00een unirea cu Dumnezeu sau Creatorul nostru.<\/p>\n","protected":false},"featured_media":3387,"template":"","meta":[],"product_brand":[],"product_cat":[54],"product_tag":[],"class_list":{"0":"post-3386","1":"product","2":"type-product","3":"status-publish","4":"has-post-thumbnail","6":"product_cat-esentele-crete-cu-ajutorul-energiei-cercurilor-aparute-in-lanurile-de-recolte","7":"pa_size-15ml","8":"pa_size-30ml","10":"first","11":"instock","12":"shipping-taxable","13":"purchasable","14":"product-type-variable","15":"has-default-attributes"},"_links":{"self":[{"href":"https:\/\/esentevibrationale.com\/index.php?rest_route=\/wp\/v2\/product\/3386","targetHints":{"allow":["GET"]}}],"collection":[{"href":"https:\/\/esentevibrationale.com\/index.php?rest_route=\/wp\/v2\/product"}],"about":[{"href":"https:\/\/esentevibrationale.com\/index.php?rest_route=\/wp\/v2\/types\/product"}],"wp:featuredmedia":[{"embeddable":true,"href":"https:\/\/esentevibrationale.com\/index.php?rest_route=\/wp\/v2\/media\/3387"}],"wp:attachment":[{"href":"https:\/\/esentevibrationale.com\/index.php?rest_route=%2Fwp%2Fv2%2Fmedia&parent=3386"}],"wp:term":[{"taxonomy":"product_brand","embeddable":true,"href":"https:\/\/esentevibrationale.com\/index.php?rest_route=%2Fwp%2Fv2%2Fproduct_brand&post=3386"},{"taxonomy":"product_cat","embeddable":true,"href":"https:\/\/esentevibrationale.com\/index.php?rest_route=%2Fwp%2Fv2%2Fproduct_cat&post=3386"},{"taxonomy":"product_tag","embeddable":true,"href":"https:\/\/esentevibrationale.com\/index.php?rest_route=%2Fwp%2Fv2%2Fproduct_tag&post=3386"}],"curies":[{"name":"wp","href":"https:\/\/api.w.org\/{rel}","templated":true}]}}