{"id":3396,"date":"2018-12-10T17:33:28","date_gmt":"2018-12-10T16:33:28","guid":{"rendered":"https:\/\/phiessences.com\/Romania\/?post_type=product&#038;p=3396"},"modified":"2024-12-23T13:53:14","modified_gmt":"2024-12-23T11:53:14","slug":"185-phi-mammendorf-d-2016-phi-mammendorf-germania-2016","status":"publish","type":"product","link":"https:\/\/esentevibrationale.com\/?product=185-phi-mammendorf-d-2016-phi-mammendorf-germania-2016","title":{"rendered":"185.) Phi, Mammendorf, D (2016) \/ Phi, Mammendorf, Germania (2016)"},"content":{"rendered":"<p><img decoding=\"async\" class=\"img-responsive\" title=\"185.)  Mammendorf, D (2016)\" src=\"https:\/\/www.phiessences.com\/images\/product_images\/info_images\/Nr.-185.jpg\" alt=\"185.)  Mammendorf, D (2016)\" data-magnifier-src=\"images\/product_images\/original_images\/Nr.-185.jpg\" \/><\/p>\n<p>Cercul ap\u0103rut \u00een lanul de recolt\u0103 arat\u0103 perfec\u021biunea num\u0103rul Phi al geometriei sacre. Rememorarea interconect\u0103rii \u00eentregii vie\u021bi cu Dumnezeu. Esen\u021ba are un efect de regenerare energetic\u0103 asupra informa\u021biilor despre celulele originale ale ADN-ului \u00een starea lor ini\u021bial\u0103.\u00a0 Activarea puterilor de auto-vindecare. Individul revine \u00een centrele sale energetice.<\/p>\n","protected":false},"excerpt":{"rendered":"<p>Cercul ap\u0103rut \u00een lanul de recolt\u0103 arat\u0103 perfec\u021biunea num\u0103rul Phi al geometriei sacre. Rememorarea interconect\u0103rii \u00eentregii vie\u021bi cu Dumnezeu. Esen\u021ba are un efect de regenerare energetic\u0103 asupra informa\u021biilor despre celulele originale ale ADN-ului \u00een starea lor ini\u021bial\u0103.\u00a0 Activarea puterilor de auto-vindecare. Individul revine \u00een centrele sale energetice.<\/p>\n","protected":false},"featured_media":3397,"template":"","meta":[],"product_brand":[],"product_cat":[54],"product_tag":[],"class_list":{"0":"post-3396","1":"product","2":"type-product","3":"status-publish","4":"has-post-thumbnail","6":"product_cat-esentele-crete-cu-ajutorul-energiei-cercurilor-aparute-in-lanurile-de-recolte","7":"pa_size-15ml","8":"pa_size-30ml","10":"first","11":"instock","12":"shipping-taxable","13":"purchasable","14":"product-type-variable","15":"has-default-attributes"},"_links":{"self":[{"href":"https:\/\/esentevibrationale.com\/index.php?rest_route=\/wp\/v2\/product\/3396","targetHints":{"allow":["GET"]}}],"collection":[{"href":"https:\/\/esentevibrationale.com\/index.php?rest_route=\/wp\/v2\/product"}],"about":[{"href":"https:\/\/esentevibrationale.com\/index.php?rest_route=\/wp\/v2\/types\/product"}],"wp:featuredmedia":[{"embeddable":true,"href":"https:\/\/esentevibrationale.com\/index.php?rest_route=\/wp\/v2\/media\/3397"}],"wp:attachment":[{"href":"https:\/\/esentevibrationale.com\/index.php?rest_route=%2Fwp%2Fv2%2Fmedia&parent=3396"}],"wp:term":[{"taxonomy":"product_brand","embeddable":true,"href":"https:\/\/esentevibrationale.com\/index.php?rest_route=%2Fwp%2Fv2%2Fproduct_brand&post=3396"},{"taxonomy":"product_cat","embeddable":true,"href":"https:\/\/esentevibrationale.com\/index.php?rest_route=%2Fwp%2Fv2%2Fproduct_cat&post=3396"},{"taxonomy":"product_tag","embeddable":true,"href":"https:\/\/esentevibrationale.com\/index.php?rest_route=%2Fwp%2Fv2%2Fproduct_tag&post=3396"}],"curies":[{"name":"wp","href":"https:\/\/api.w.org\/{rel}","templated":true}]}}