{"id":3429,"date":"2018-12-11T10:27:24","date_gmt":"2018-12-11T09:27:24","guid":{"rendered":"https:\/\/phiessences.com\/Romania\/?post_type=product&#038;p=3429"},"modified":"2024-12-23T17:07:02","modified_gmt":"2024-12-23T15:07:02","slug":"192-goerlingen-fr-2018-goerlingen-franta-2018","status":"publish","type":"product","link":"https:\/\/esentevibrationale.com\/?product=192-goerlingen-fr-2018-goerlingen-franta-2018","title":{"rendered":"192.) Goerlingen, FR (2018) \/ Goerlingen, Fran\u0163a (2018)"},"content":{"rendered":"<p><img loading=\"lazy\" decoding=\"async\" class=\"alignnone wp-image-3767\" src=\"https:\/\/esentevibrationale.com\/wp-content\/uploads\/2018\/12\/1921.jpg\" alt=\"\" width=\"93\" height=\"278\" \/><\/p>\n<p>Elibereaz\u0103 informa\u0163ia generat\u0103 de terapia prin durere. Forma\u0163iunea \u00een sensul acelor de ceasornic are un efect puternic de cur\u0103\u0163are. P\u0103trunde \u00een mintea subcon\u015ftient\u0103 \u015fi \u015fterge informa\u0163iile generate de vechile specii \u015fi dureri. Cur\u0103\u0163\u0103 vechile amintiri \u015fi devenim liberi \u015fi puternici l\u0103untric. Ne ajut\u0103 s\u0103 r\u0103scump\u0103r\u0103m vechile lucruri, s\u0103 dezvolt\u0103m poten\u0163ialul nostru \u015fi s\u0103 ne eliber\u0103m de informa\u0163iile incriminatoare. Esen\u0163a este potrivit\u0103 pentru cur\u0103\u0163area \u015fi vindecarea energetic\u0103 a c\u00e2mpurilor vechi de lupt\u0103 (\u00eenainte conecta\u0163i-v\u0103 cu Dumnezeu, pentru a primii permisiune \u015fi protec\u0163ie). Ne protejeaz\u0103 intern \u015fi elibereaz\u0103 genera\u0163iile viitoare de aceast\u0103 informa\u0163ie.<\/p>\n","protected":false},"excerpt":{"rendered":"<p>Fotografie: Nick Bull<\/p>\n","protected":false},"featured_media":3432,"template":"","meta":[],"product_brand":[],"product_cat":[54],"product_tag":[],"class_list":{"0":"post-3429","1":"product","2":"type-product","3":"status-publish","4":"has-post-thumbnail","6":"product_cat-esentele-crete-cu-ajutorul-energiei-cercurilor-aparute-in-lanurile-de-recolte","7":"pa_size-15ml","8":"pa_size-30ml","10":"first","11":"instock","12":"shipping-taxable","13":"purchasable","14":"product-type-variable","15":"has-default-attributes"},"_links":{"self":[{"href":"https:\/\/esentevibrationale.com\/index.php?rest_route=\/wp\/v2\/product\/3429","targetHints":{"allow":["GET"]}}],"collection":[{"href":"https:\/\/esentevibrationale.com\/index.php?rest_route=\/wp\/v2\/product"}],"about":[{"href":"https:\/\/esentevibrationale.com\/index.php?rest_route=\/wp\/v2\/types\/product"}],"wp:featuredmedia":[{"embeddable":true,"href":"https:\/\/esentevibrationale.com\/index.php?rest_route=\/wp\/v2\/media\/3432"}],"wp:attachment":[{"href":"https:\/\/esentevibrationale.com\/index.php?rest_route=%2Fwp%2Fv2%2Fmedia&parent=3429"}],"wp:term":[{"taxonomy":"product_brand","embeddable":true,"href":"https:\/\/esentevibrationale.com\/index.php?rest_route=%2Fwp%2Fv2%2Fproduct_brand&post=3429"},{"taxonomy":"product_cat","embeddable":true,"href":"https:\/\/esentevibrationale.com\/index.php?rest_route=%2Fwp%2Fv2%2Fproduct_cat&post=3429"},{"taxonomy":"product_tag","embeddable":true,"href":"https:\/\/esentevibrationale.com\/index.php?rest_route=%2Fwp%2Fv2%2Fproduct_tag&post=3429"}],"curies":[{"name":"wp","href":"https:\/\/api.w.org\/{rel}","templated":true}]}}