{"id":3458,"date":"2018-12-11T12:28:22","date_gmt":"2018-12-11T11:28:22","guid":{"rendered":"https:\/\/phiessences.com\/Romania\/?post_type=product&#038;p=3458"},"modified":"2024-12-23T17:14:35","modified_gmt":"2024-12-23T15:14:35","slug":"198-baggwil-12-spiral-ch-2018-12-spirale-elvetia-2018","status":"publish","type":"product","link":"https:\/\/esentevibrationale.com\/?product=198-baggwil-12-spiral-ch-2018-12-spirale-elvetia-2018","title":{"rendered":"198.) Baggwil, 12 Spiral, CH (2018) \/ 12 Spirale, Elve\u0163ia (2018)"},"content":{"rendered":"<p><img decoding=\"async\" class=\"img-responsive\" title=\"198.)  Baggwil, 12 Spiral, CH (2018)\" src=\"https:\/\/www.phiessences.com\/images\/product_images\/info_images\/198.jpg\" alt=\"198.)  Baggwil, 12 Spiral, CH (2018)\" data-magnifier-src=\"images\/product_images\/original_images\/198.jpg\" \/><\/p>\n<p>(27.07.2018 lun\u0103 plin\u0103 ro\u015fie \u015fi eclipse). Cercul ap\u0103rut \u00een lanul de recolt\u0103 are o ferm\u0103 putere de cur\u0103\u0163are. Ac\u0163ioneaz\u0103 pe toate nivelele subcon\u015ftientului. Ne ajut\u0103 s\u0103 cur\u0103\u0163\u0103m \u015fi s\u0103 eliber\u0103m mental vechile experien\u0163e dureroase. Amintirile chinuitoare despre trecut sunt \u00eenlocuite \u015fi ne deschide pe noi \u00een\u015fine intern c\u0103tre noi experien\u0163e. Prin urmare blocajele energetice sunt rezolvate mai u\u015for \u015fi energia vital\u0103 circul\u0103 liber din nou \u015fi nestingherit\u0103.\u00a0 Stimuleaz\u0103 energetic corpul energetic (Torul).<\/p>\n<p>&nbsp;<\/p>\n","protected":false},"excerpt":{"rendered":"<p>(27.07.2018 lun\u0103 plin\u0103 ro\u015fie \u015fi eclipse). Cercul ap\u0103rut \u00een lanul de recolt\u0103 are o ferm\u0103 putere de cur\u0103\u0163are. Ac\u0163ioneaz\u0103 pe toate nivelele subcon\u015ftientului. Ne ajut\u0103 s\u0103 cur\u0103\u0163\u0103m \u015fi s\u0103 eliber\u0103m mental vechile experien\u0163e dureroase. Amintirile chinuitoare despre trecut sunt \u00eenlocuite \u015fi ne deschide pe noi \u00een\u015fine intern c\u0103tre noi experien\u0163e. Prin urmare blocajele energetice sunt &hellip; <a href=\"https:\/\/esentevibrationale.com\/?product=198-baggwil-12-spiral-ch-2018-12-spirale-elvetia-2018\" class=\"more-link\">Continu\u0103 lectura <span class=\"screen-reader-text\">198.) Baggwil, 12 Spiral, CH (2018) \/ 12 Spirale, Elve\u0163ia (2018)<\/span> <span class=\"meta-nav\">&rarr;<\/span><\/a><\/p>\n","protected":false},"featured_media":3459,"template":"","meta":[],"product_brand":[],"product_cat":[54],"product_tag":[],"class_list":{"0":"post-3458","1":"product","2":"type-product","3":"status-publish","4":"has-post-thumbnail","6":"product_cat-esentele-crete-cu-ajutorul-energiei-cercurilor-aparute-in-lanurile-de-recolte","7":"pa_size-15ml","8":"pa_size-30ml","10":"first","11":"instock","12":"shipping-taxable","13":"purchasable","14":"product-type-variable","15":"has-default-attributes"},"_links":{"self":[{"href":"https:\/\/esentevibrationale.com\/index.php?rest_route=\/wp\/v2\/product\/3458","targetHints":{"allow":["GET"]}}],"collection":[{"href":"https:\/\/esentevibrationale.com\/index.php?rest_route=\/wp\/v2\/product"}],"about":[{"href":"https:\/\/esentevibrationale.com\/index.php?rest_route=\/wp\/v2\/types\/product"}],"wp:featuredmedia":[{"embeddable":true,"href":"https:\/\/esentevibrationale.com\/index.php?rest_route=\/wp\/v2\/media\/3459"}],"wp:attachment":[{"href":"https:\/\/esentevibrationale.com\/index.php?rest_route=%2Fwp%2Fv2%2Fmedia&parent=3458"}],"wp:term":[{"taxonomy":"product_brand","embeddable":true,"href":"https:\/\/esentevibrationale.com\/index.php?rest_route=%2Fwp%2Fv2%2Fproduct_brand&post=3458"},{"taxonomy":"product_cat","embeddable":true,"href":"https:\/\/esentevibrationale.com\/index.php?rest_route=%2Fwp%2Fv2%2Fproduct_cat&post=3458"},{"taxonomy":"product_tag","embeddable":true,"href":"https:\/\/esentevibrationale.com\/index.php?rest_route=%2Fwp%2Fv2%2Fproduct_tag&post=3458"}],"curies":[{"name":"wp","href":"https:\/\/api.w.org\/{rel}","templated":true}]}}