{"id":3474,"date":"2018-12-11T17:21:55","date_gmt":"2018-12-11T16:21:55","guid":{"rendered":"https:\/\/phiessences.com\/Romania\/?post_type=product&#038;p=3474"},"modified":"2026-01-01T18:22:18","modified_gmt":"2026-01-01T16:22:18","slug":"kalanchoe-planta-candelabru","status":"publish","type":"product","link":"https:\/\/esentevibrationale.com\/?product=kalanchoe-planta-candelabru","title":{"rendered":"Kalanchoe \/ Planta Candelabru"},"content":{"rendered":"<p><strong>(Kalanchoe tubiflora)<\/strong><\/p>\n<p>Aceast\u0103 plant\u0103 apar\u0163ine plantelor suculente din Madagascar \u015fi are o inflore\u015fcen\u0163\u0103 ro\u015fie \u00een form\u0103 de tub. Cre\u015fte pe plante tinere, care se dezvolt\u0103 pe marginea frunzelor \u015fi apoi cobor\u0103.<\/p>\n<p><strong>Esen\u0163a: <\/strong>Are o capacitate puternic\u0103 de a ne regenera \u015fi \u00eent\u0103rii energetic. Promoveaz\u0103 armonia \u015fi are un efect de relaxare.<br \/>\n<strong>La nivel fizic<\/strong>: putem sim\u0163i o relaxare \u00een zona stomacului \u015fi a plexului solar. Ac\u0163ioneaz\u0103 asupra furiei \u015fi a stresului, care au fost \u00a0psihosomatic pe stomac. Are un efect fundamental \u015fi ne ajut\u0103 s\u0103 integr\u0103m emo\u0163iile. Pentru persoanele care nu sunt bine \u00eemp\u0103m\u00e2ntate, care devin rapid furioase \u015fi iritate pe al\u0163ii, ele \u00eenv\u0103\u0163a s\u0103 reflecteze, s\u0103-\u015fi armonizeze emo\u0163iile \u015fi reac\u0163iile. Reface sistemul imunitar.<\/p>\n","protected":false},"excerpt":{"rendered":"<p>(Kalanchoe tubiflora) Aceast\u0103 plant\u0103 apar\u0163ine plantelor suculente din Madagascar \u015fi are o inflore\u015fcen\u0163\u0103 ro\u015fie \u00een form\u0103 de tub. Cre\u015fte pe plante tinere, care se dezvolt\u0103 pe marginea frunzelor \u015fi apoi cobor\u0103. Esen\u0163a: Are o capacitate puternic\u0103 de a ne regenera \u015fi \u00eent\u0103rii energetic. Promoveaz\u0103 armonia \u015fi are un efect de relaxare. La nivel fizic: putem &hellip; <a href=\"https:\/\/esentevibrationale.com\/?product=kalanchoe-planta-candelabru\" class=\"more-link\">Continu\u0103 lectura <span class=\"screen-reader-text\">Kalanchoe \/ Planta Candelabru<\/span> <span class=\"meta-nav\">&rarr;<\/span><\/a><\/p>\n","protected":false},"featured_media":3477,"template":"","meta":[],"product_brand":[],"product_cat":[57],"product_tag":[],"class_list":{"0":"post-3474","1":"product","2":"type-product","3":"status-publish","4":"has-post-thumbnail","6":"product_cat-alte-esente","7":"pa_size-15ml","8":"pa_size-30ml","10":"first","11":"instock","12":"shipping-taxable","13":"purchasable","14":"product-type-variable","15":"has-default-attributes"},"_links":{"self":[{"href":"https:\/\/esentevibrationale.com\/index.php?rest_route=\/wp\/v2\/product\/3474","targetHints":{"allow":["GET"]}}],"collection":[{"href":"https:\/\/esentevibrationale.com\/index.php?rest_route=\/wp\/v2\/product"}],"about":[{"href":"https:\/\/esentevibrationale.com\/index.php?rest_route=\/wp\/v2\/types\/product"}],"wp:featuredmedia":[{"embeddable":true,"href":"https:\/\/esentevibrationale.com\/index.php?rest_route=\/wp\/v2\/media\/3477"}],"wp:attachment":[{"href":"https:\/\/esentevibrationale.com\/index.php?rest_route=%2Fwp%2Fv2%2Fmedia&parent=3474"}],"wp:term":[{"taxonomy":"product_brand","embeddable":true,"href":"https:\/\/esentevibrationale.com\/index.php?rest_route=%2Fwp%2Fv2%2Fproduct_brand&post=3474"},{"taxonomy":"product_cat","embeddable":true,"href":"https:\/\/esentevibrationale.com\/index.php?rest_route=%2Fwp%2Fv2%2Fproduct_cat&post=3474"},{"taxonomy":"product_tag","embeddable":true,"href":"https:\/\/esentevibrationale.com\/index.php?rest_route=%2Fwp%2Fv2%2Fproduct_tag&post=3474"}],"curies":[{"name":"wp","href":"https:\/\/api.w.org\/{rel}","templated":true}]}}