{"id":3481,"date":"2018-12-12T09:04:51","date_gmt":"2018-12-12T08:04:51","guid":{"rendered":"https:\/\/phiessences.com\/Romania\/?post_type=product&#038;p=3481"},"modified":"2025-04-29T09:43:45","modified_gmt":"2025-04-29T06:43:45","slug":"hlt-delph-luminarium-hlt-delfin-luminarium","status":"publish","type":"product","link":"https:\/\/esentevibrationale.com\/?product=hlt-delph-luminarium-hlt-delfin-luminarium","title":{"rendered":"HLT\u00ae Delph Luminarium \/ HLT\u00ae \u2013 Delfin Luminarium"},"content":{"rendered":"<p><img loading=\"lazy\" decoding=\"async\" class=\"alignnone  wp-image-14561\" src=\"https:\/\/esentevibrationale.com\/wp-content\/uploads\/2018\/12\/path-3-300x63.jpg\" alt=\"\" width=\"505\" height=\"106\" srcset=\"https:\/\/esentevibrationale.com\/wp-content\/uploads\/2018\/12\/path-3-300x63.jpg 300w, https:\/\/esentevibrationale.com\/wp-content\/uploads\/2018\/12\/path-3.jpg 754w\" sizes=\"auto, (max-width: 505px) 100vw, 505px\" \/><\/p>\n<p>Patent: 30 2009 004 380<\/p>\n<p><iframe loading=\"lazy\" title=\"The Holistic Light Therapy - HLT\u00ae\" width=\"604\" height=\"453\" src=\"https:\/\/www.youtube.com\/embed\/tQprw5iQFlI?start=5&#038;feature=oembed\" frameborder=\"0\" allow=\"accelerometer; autoplay; clipboard-write; encrypted-media; gyroscope; picture-in-picture; web-share\" referrerpolicy=\"strict-origin-when-cross-origin\" allowfullscreen><\/iframe><\/p>\n<p>&nbsp;<\/p>\n<p>Setul con\u0163ine:<\/p>\n<p>1x Delfin\u00ae Diapozitiv cu energie<br \/>\n1x Delfin 30 ml<br \/>\n1x Delfin Spray 50 ml<br \/>\n1x Licen\u0163a<\/p>\n<p><img loading=\"lazy\" decoding=\"async\" class=\"alignnone size-full wp-image-3482\" src=\"https:\/\/phiessences.com\/Romania\/wp-content\/uploads\/2018\/12\/delphtreatment754.jpg\" alt=\"\" width=\"300\" height=\"225\" \/><\/p>\n<figure id=\"attachment_3484\" aria-describedby=\"caption-attachment-3484\" style=\"width: 600px\" class=\"wp-caption alignnone\"><img loading=\"lazy\" decoding=\"async\" class=\"size-full wp-image-3484\" src=\"https:\/\/phiessences.com\/Romania\/wp-content\/uploads\/2018\/12\/hlt-delph-luminarium-Kopie.jpg\" alt=\"\" width=\"600\" height=\"600\" srcset=\"https:\/\/esentevibrationale.com\/wp-content\/uploads\/2018\/12\/hlt-delph-luminarium-Kopie.jpg 600w, https:\/\/esentevibrationale.com\/wp-content\/uploads\/2018\/12\/hlt-delph-luminarium-Kopie-200x200.jpg 200w, https:\/\/esentevibrationale.com\/wp-content\/uploads\/2018\/12\/hlt-delph-luminarium-Kopie-300x300.jpg 300w, https:\/\/esentevibrationale.com\/wp-content\/uploads\/2018\/12\/hlt-delph-luminarium-Kopie-150x150.jpg 150w, https:\/\/esentevibrationale.com\/wp-content\/uploads\/2018\/12\/hlt-delph-luminarium-Kopie-100x100.jpg 100w\" sizes=\"auto, (max-width: 600px) 100vw, 600px\" \/><figcaption id=\"caption-attachment-3484\" class=\"wp-caption-text\"><strong>HLT &#8211; poza: Peter Wind<\/strong><\/figcaption><\/figure>\n<p><strong>Descrierea procedurii protejat\u0103 prin patentare a Terapiei Holistice cu Lumin\u0103 HLT<sup>\u00ae <\/sup><\/strong><\/p>\n<p>Recent dezvoltat\u0103, procedura reprezint\u0103 o combina\u0163ie de lumin\u0103-, culoare-, esen\u0163e vibra\u0163ionale \u015fi sunete terapeutice, aceasta poate fi f\u0103cut\u0103 fie \u00een institu\u0163iile deja existente sau \u00een noile loca\u0163ii care pot fi create \u00een concordan\u0163a cu cerin\u0163ele tratamentului.<\/p>\n<p>&#8211;\u00a0\u00a0\u00a0\u00a0\u00a0\u00a0\u00a0\u00a0 Efectul a fost verifica stin\u0163iific de c\u0103tre Institutul de Cercetarea Comunic\u0103rii \u015fi Creierului din Stuttgart, Germania, (Dr. Haffelder). \u00a0Procedura nu are doar un efect asupra corpului de lumin\u0103 (aurei), aceasta este absorbit\u0103 de piele. In prezent este dovedit \u015ftiin\u0163ific faptul c\u0103 celulele comunica unele cu celelalte cu ajutorul impulsurilor luminoase.<br \/>\n&#8211;\u00a0\u00a0\u00a0\u00a0\u00a0\u00a0\u00a0 Aceast tratament \u00eent\u0103re\u015fte stima de sine a persoanei, echilibreaza energiile sale. Prin intermediul s\u0103u anxietatea poate disp\u0103rea \u015fi impulsurile de auto-vindecare pot fi activate.<br \/>\n&#8211;\u00a0\u00a0\u00a0\u00a0\u00a0\u00a0\u00a0Delph Luminarium este cea mai mic\u0103 versiune a HLT<sup>\u00ae<\/sup> con\u0163ine diapozitivul \u015fi esen\u0163a Delfin.<br \/>\nAcest c\u00e2mp de lumin\u0103 delfin este creat analog cu terapia delfin. Este foarte bun pentru tratarea copiilor hiperactivi.<\/p>\n<p>Avantajele terapiei:<\/p>\n<p>O nou\u0103 metod\u0103 a tratamentului cu lumin\u0103, culoare \u015fi sunet, informa\u0163ii relevante sunt combinate cu esen\u0163e. Fiin\u0163\u0103 uman\u0103 este \u00een centru aten\u0163iei. Ea ar trebui s\u0103 se recunoasc\u0103 pe ea \u00een\u015f\u0103\u015fi din nou, ca parte din natur\u0103 \u015fi s\u0103-\u015fi activeze posibilit\u0103\u0163ile de auto-vindecare.<\/p>\n<p>Bazat pe efectul \u2013 Fotoelectric, descoperit de Albert Einstein (premiul Nobel 1992).<\/p>\n","protected":false},"excerpt":{"rendered":"<p>Patent: 30 2009 004 380 &nbsp; Setul con\u0163ine: 1x Delfin\u00ae Diapozitiv cu energie 1x Delfin 30 ml 1x Delfin Spray 50 ml 1x Licen\u0163a Descrierea procedurii protejat\u0103 prin patentare a Terapiei Holistice cu Lumin\u0103 HLT\u00ae Recent dezvoltat\u0103, procedura reprezint\u0103 o combina\u0163ie de lumin\u0103-, culoare-, esen\u0163e vibra\u0163ionale \u015fi sunete terapeutice, aceasta poate fi f\u0103cut\u0103 fie \u00een &hellip; <a href=\"https:\/\/esentevibrationale.com\/?product=hlt-delph-luminarium-hlt-delfin-luminarium\" class=\"more-link\">Continu\u0103 lectura <span class=\"screen-reader-text\">HLT\u00ae Delph Luminarium \/ HLT\u00ae \u2013 Delfin Luminarium<\/span> <span class=\"meta-nav\">&rarr;<\/span><\/a><\/p>\n","protected":false},"featured_media":13128,"template":"","meta":[],"product_brand":[],"product_cat":[61],"product_tag":[],"class_list":{"0":"post-3481","1":"product","2":"type-product","3":"status-publish","4":"has-post-thumbnail","6":"product_cat-hlt-tratamentul-holistic-cu-lumina","8":"first","9":"instock","10":"shipping-taxable","11":"purchasable","12":"product-type-simple"},"_links":{"self":[{"href":"https:\/\/esentevibrationale.com\/index.php?rest_route=\/wp\/v2\/product\/3481","targetHints":{"allow":["GET"]}}],"collection":[{"href":"https:\/\/esentevibrationale.com\/index.php?rest_route=\/wp\/v2\/product"}],"about":[{"href":"https:\/\/esentevibrationale.com\/index.php?rest_route=\/wp\/v2\/types\/product"}],"wp:featuredmedia":[{"embeddable":true,"href":"https:\/\/esentevibrationale.com\/index.php?rest_route=\/wp\/v2\/media\/13128"}],"wp:attachment":[{"href":"https:\/\/esentevibrationale.com\/index.php?rest_route=%2Fwp%2Fv2%2Fmedia&parent=3481"}],"wp:term":[{"taxonomy":"product_brand","embeddable":true,"href":"https:\/\/esentevibrationale.com\/index.php?rest_route=%2Fwp%2Fv2%2Fproduct_brand&post=3481"},{"taxonomy":"product_cat","embeddable":true,"href":"https:\/\/esentevibrationale.com\/index.php?rest_route=%2Fwp%2Fv2%2Fproduct_cat&post=3481"},{"taxonomy":"product_tag","embeddable":true,"href":"https:\/\/esentevibrationale.com\/index.php?rest_route=%2Fwp%2Fv2%2Fproduct_tag&post=3481"}],"curies":[{"name":"wp","href":"https:\/\/api.w.org\/{rel}","templated":true}]}}