{"id":3517,"date":"2018-12-12T11:58:24","date_gmt":"2018-12-12T10:58:24","guid":{"rendered":"https:\/\/phiessences.com\/Romania\/?post_type=product&#038;p=3517"},"modified":"2026-01-02T16:40:31","modified_gmt":"2026-01-02T14:40:31","slug":"spectacled-bear-ursul-cu-ochelari","status":"publish","type":"product","link":"https:\/\/esentevibrationale.com\/?product=spectacled-bear-ursul-cu-ochelari","title":{"rendered":"Spectacled Bear \/ Ursul cu Ochelari"},"content":{"rendered":"<p><strong>(Tremarctos ornatus)<\/strong><\/p>\n<p>Esen\u0163a \u00eentare\u015fte \u015fi deschide inima. \u020anv\u0103\u0163\u0103m s\u0103 oferim \u015fi s\u0103 primim dragoste \u00een mod necondi\u0163ionat. \u020anv\u0103\u0163\u0103m s\u0103 ne dezvolt\u0103m \u00eencrederea \u00een noi\u00a0 \u00een\u015fine \u015fi ne putem adapta mult mai u\u015for la situa\u0163iile sau locurile noi din via\u0163a noastr\u0103, s\u0103 ne sim\u0163im \u00eencrez\u0103tori \u015fi proteja\u0163i.<\/p>\n<p>Fotografie: Dreamstime<\/p>\n<p>&nbsp;<\/p>\n","protected":false},"excerpt":{"rendered":"<p>(Tremarctos ornatus) Esen\u0163a \u00eentare\u015fte \u015fi deschide inima. \u020anv\u0103\u0163\u0103m s\u0103 oferim \u015fi s\u0103 primim dragoste \u00een mod necondi\u0163ionat. \u020anv\u0103\u0163\u0103m s\u0103 ne dezvolt\u0103m \u00eencrederea \u00een noi\u00a0 \u00een\u015fine \u015fi ne putem adapta mult mai u\u015for la situa\u0163iile sau locurile noi din via\u0163a noastr\u0103, s\u0103 ne sim\u0163im \u00eencrez\u0103tori \u015fi proteja\u0163i. Fotografie: Dreamstime &nbsp;<\/p>\n","protected":false},"featured_media":3518,"template":"","meta":[],"product_brand":[],"product_cat":[62],"product_tag":[],"class_list":{"0":"post-3517","1":"product","2":"type-product","3":"status-publish","4":"has-post-thumbnail","6":"product_cat-esente-de-animale-3","7":"pa_size-15ml","8":"pa_size-30ml","10":"first","11":"instock","12":"shipping-taxable","13":"purchasable","14":"product-type-variable","15":"has-default-attributes"},"_links":{"self":[{"href":"https:\/\/esentevibrationale.com\/index.php?rest_route=\/wp\/v2\/product\/3517","targetHints":{"allow":["GET"]}}],"collection":[{"href":"https:\/\/esentevibrationale.com\/index.php?rest_route=\/wp\/v2\/product"}],"about":[{"href":"https:\/\/esentevibrationale.com\/index.php?rest_route=\/wp\/v2\/types\/product"}],"wp:featuredmedia":[{"embeddable":true,"href":"https:\/\/esentevibrationale.com\/index.php?rest_route=\/wp\/v2\/media\/3518"}],"wp:attachment":[{"href":"https:\/\/esentevibrationale.com\/index.php?rest_route=%2Fwp%2Fv2%2Fmedia&parent=3517"}],"wp:term":[{"taxonomy":"product_brand","embeddable":true,"href":"https:\/\/esentevibrationale.com\/index.php?rest_route=%2Fwp%2Fv2%2Fproduct_brand&post=3517"},{"taxonomy":"product_cat","embeddable":true,"href":"https:\/\/esentevibrationale.com\/index.php?rest_route=%2Fwp%2Fv2%2Fproduct_cat&post=3517"},{"taxonomy":"product_tag","embeddable":true,"href":"https:\/\/esentevibrationale.com\/index.php?rest_route=%2Fwp%2Fv2%2Fproduct_tag&post=3517"}],"curies":[{"name":"wp","href":"https:\/\/api.w.org\/{rel}","templated":true}]}}