{"id":3525,"date":"2018-12-12T12:26:17","date_gmt":"2018-12-12T11:26:17","guid":{"rendered":"https:\/\/phiessences.com\/Romania\/?post_type=product&#038;p=3525"},"modified":"2026-01-02T16:36:40","modified_gmt":"2026-01-02T14:36:40","slug":"lama-lama","status":"publish","type":"product","link":"https:\/\/esentevibrationale.com\/?product=lama-lama","title":{"rendered":"Lama \/ Lama"},"content":{"rendered":"<p><strong>(Lama glama)<\/strong><\/p>\n<p>Esen\u0163a ne ajut\u0103 s\u0103 devenim mai bl\u00e2nzi \u015fi sensibili la nevoile celorlal\u0163i. Poate sus\u0163ine \u00eent\u0103rirea sentimentului de grup. Dezvolt\u0103m mai mult\u0103 c\u0103ldur\u0103 \u015fi siguran\u0163\u0103 de sine \u00een cadrul grupului. Ajut\u0103 persoanele care se simt reci \u00een interior, s\u0103 devin\u0103 mai confortabile \u015fi mai receptive.<\/p>\n<p>Fotografie: Dreamstime<\/p>\n","protected":false},"excerpt":{"rendered":"<p>(Lama glama) Esen\u0163a ne ajut\u0103 s\u0103 devenim mai bl\u00e2nzi \u015fi sensibili la nevoile celorlal\u0163i. Poate sus\u0163ine \u00eent\u0103rirea sentimentului de grup. Dezvolt\u0103m mai mult\u0103 c\u0103ldur\u0103 \u015fi siguran\u0163\u0103 de sine \u00een cadrul grupului. Ajut\u0103 persoanele care se simt reci \u00een interior, s\u0103 devin\u0103 mai confortabile \u015fi mai receptive. Fotografie: Dreamstime<\/p>\n","protected":false},"featured_media":3526,"template":"","meta":[],"product_brand":[],"product_cat":[62],"product_tag":[],"class_list":{"0":"post-3525","1":"product","2":"type-product","3":"status-publish","4":"has-post-thumbnail","6":"product_cat-esente-de-animale-3","7":"pa_size-15ml","8":"pa_size-30ml","10":"first","11":"instock","12":"shipping-taxable","13":"purchasable","14":"product-type-variable","15":"has-default-attributes"},"_links":{"self":[{"href":"https:\/\/esentevibrationale.com\/index.php?rest_route=\/wp\/v2\/product\/3525","targetHints":{"allow":["GET"]}}],"collection":[{"href":"https:\/\/esentevibrationale.com\/index.php?rest_route=\/wp\/v2\/product"}],"about":[{"href":"https:\/\/esentevibrationale.com\/index.php?rest_route=\/wp\/v2\/types\/product"}],"wp:featuredmedia":[{"embeddable":true,"href":"https:\/\/esentevibrationale.com\/index.php?rest_route=\/wp\/v2\/media\/3526"}],"wp:attachment":[{"href":"https:\/\/esentevibrationale.com\/index.php?rest_route=%2Fwp%2Fv2%2Fmedia&parent=3525"}],"wp:term":[{"taxonomy":"product_brand","embeddable":true,"href":"https:\/\/esentevibrationale.com\/index.php?rest_route=%2Fwp%2Fv2%2Fproduct_brand&post=3525"},{"taxonomy":"product_cat","embeddable":true,"href":"https:\/\/esentevibrationale.com\/index.php?rest_route=%2Fwp%2Fv2%2Fproduct_cat&post=3525"},{"taxonomy":"product_tag","embeddable":true,"href":"https:\/\/esentevibrationale.com\/index.php?rest_route=%2Fwp%2Fv2%2Fproduct_tag&post=3525"}],"curies":[{"name":"wp","href":"https:\/\/api.w.org\/{rel}","templated":true}]}}