{"id":3534,"date":"2018-12-12T13:12:17","date_gmt":"2018-12-12T12:12:17","guid":{"rendered":"https:\/\/phiessences.com\/Romania\/?post_type=product&#038;p=3534"},"modified":"2026-01-02T16:42:48","modified_gmt":"2026-01-02T14:42:48","slug":"parrot-papagal","status":"publish","type":"product","link":"https:\/\/esentevibrationale.com\/?product=parrot-papagal","title":{"rendered":"Parrot \/ Papagal"},"content":{"rendered":"<p><strong>(Amazona tucumana)<\/strong><\/p>\n<p>Acest\u0103 esen\u0163a sus\u0163ine comunicarea deschis\u0103, cre\u015fte \u00a0\u00eencrederea de sine \u015fi abilit\u0103\u0163ile de comunicare. \u020anv\u0103\u0163\u0103m s\u0103 ne relax\u0103m \u015fi s\u0103 ne exprim\u0103m din inim\u0103, astfel blocajele pot pur\u00a0 \u015fi simplu s\u0103 curg\u0103, devenim mult mai sociabili.<\/p>\n<p>Fotografie: Dreamstime<\/p>\n","protected":false},"excerpt":{"rendered":"<p>(Amazona tucumana) Acest\u0103 esen\u0163a sus\u0163ine comunicarea deschis\u0103, cre\u015fte \u00a0\u00eencrederea de sine \u015fi abilit\u0103\u0163ile de comunicare. \u020anv\u0103\u0163\u0103m s\u0103 ne relax\u0103m \u015fi s\u0103 ne exprim\u0103m din inim\u0103, astfel blocajele pot pur\u00a0 \u015fi simplu s\u0103 curg\u0103, devenim mult mai sociabili. Fotografie: Dreamstime<\/p>\n","protected":false},"featured_media":3535,"template":"","meta":[],"product_brand":[],"product_cat":[62],"product_tag":[],"class_list":{"0":"post-3534","1":"product","2":"type-product","3":"status-publish","4":"has-post-thumbnail","6":"product_cat-esente-de-animale-3","7":"pa_size-15ml","8":"pa_size-30ml","10":"first","11":"instock","12":"shipping-taxable","13":"purchasable","14":"product-type-variable","15":"has-default-attributes"},"_links":{"self":[{"href":"https:\/\/esentevibrationale.com\/index.php?rest_route=\/wp\/v2\/product\/3534","targetHints":{"allow":["GET"]}}],"collection":[{"href":"https:\/\/esentevibrationale.com\/index.php?rest_route=\/wp\/v2\/product"}],"about":[{"href":"https:\/\/esentevibrationale.com\/index.php?rest_route=\/wp\/v2\/types\/product"}],"wp:featuredmedia":[{"embeddable":true,"href":"https:\/\/esentevibrationale.com\/index.php?rest_route=\/wp\/v2\/media\/3535"}],"wp:attachment":[{"href":"https:\/\/esentevibrationale.com\/index.php?rest_route=%2Fwp%2Fv2%2Fmedia&parent=3534"}],"wp:term":[{"taxonomy":"product_brand","embeddable":true,"href":"https:\/\/esentevibrationale.com\/index.php?rest_route=%2Fwp%2Fv2%2Fproduct_brand&post=3534"},{"taxonomy":"product_cat","embeddable":true,"href":"https:\/\/esentevibrationale.com\/index.php?rest_route=%2Fwp%2Fv2%2Fproduct_cat&post=3534"},{"taxonomy":"product_tag","embeddable":true,"href":"https:\/\/esentevibrationale.com\/index.php?rest_route=%2Fwp%2Fv2%2Fproduct_tag&post=3534"}],"curies":[{"name":"wp","href":"https:\/\/api.w.org\/{rel}","templated":true}]}}