{"id":3542,"date":"2018-12-12T14:20:38","date_gmt":"2018-12-12T13:20:38","guid":{"rendered":"https:\/\/phiessences.com\/Romania\/?post_type=product&#038;p=3542"},"modified":"2026-01-02T16:44:06","modified_gmt":"2026-01-02T14:44:06","slug":"scorpion-scorpion","status":"publish","type":"product","link":"https:\/\/esentevibrationale.com\/?product=scorpion-scorpion","title":{"rendered":"Scorpion \/ Scorpion"},"content":{"rendered":"<p><strong>(Androctonus crassicaude)<\/strong><\/p>\n<p>Acest\u0103 esen\u0163\u0103 ne poate ajuta energetic atunci c\u00e2nd suntem \u00een situa\u0163iile dificile sau manipula\u0163i de al\u0163ii. \u020anv\u0103\u0163\u0103m s\u0103 dezvolt\u0103m o viziune clar\u0103 \u015fi\u00a0s\u0103 devenim con\u015ftien\u0163i \u015fi liberi fat\u0103 de for\u0163a manipulatoare a celorlal\u0163i.<\/p>\n<p>Fotografie: Dreamstime<\/p>\n","protected":false},"excerpt":{"rendered":"<p>(Androctonus crassicaude) Acest\u0103 esen\u0163\u0103 ne poate ajuta energetic atunci c\u00e2nd suntem \u00een situa\u0163iile dificile sau manipula\u0163i de al\u0163ii. \u020anv\u0103\u0163\u0103m s\u0103 dezvolt\u0103m o viziune clar\u0103 \u015fi\u00a0s\u0103 devenim con\u015ftien\u0163i \u015fi liberi fat\u0103 de for\u0163a manipulatoare a celorlal\u0163i. Fotografie: Dreamstime<\/p>\n","protected":false},"featured_media":3543,"template":"","meta":[],"product_brand":[],"product_cat":[62],"product_tag":[],"class_list":{"0":"post-3542","1":"product","2":"type-product","3":"status-publish","4":"has-post-thumbnail","6":"product_cat-esente-de-animale-3","7":"pa_size-15ml","8":"pa_size-30ml","10":"first","11":"instock","12":"shipping-taxable","13":"purchasable","14":"product-type-variable","15":"has-default-attributes"},"_links":{"self":[{"href":"https:\/\/esentevibrationale.com\/index.php?rest_route=\/wp\/v2\/product\/3542","targetHints":{"allow":["GET"]}}],"collection":[{"href":"https:\/\/esentevibrationale.com\/index.php?rest_route=\/wp\/v2\/product"}],"about":[{"href":"https:\/\/esentevibrationale.com\/index.php?rest_route=\/wp\/v2\/types\/product"}],"wp:featuredmedia":[{"embeddable":true,"href":"https:\/\/esentevibrationale.com\/index.php?rest_route=\/wp\/v2\/media\/3543"}],"wp:attachment":[{"href":"https:\/\/esentevibrationale.com\/index.php?rest_route=%2Fwp%2Fv2%2Fmedia&parent=3542"}],"wp:term":[{"taxonomy":"product_brand","embeddable":true,"href":"https:\/\/esentevibrationale.com\/index.php?rest_route=%2Fwp%2Fv2%2Fproduct_brand&post=3542"},{"taxonomy":"product_cat","embeddable":true,"href":"https:\/\/esentevibrationale.com\/index.php?rest_route=%2Fwp%2Fv2%2Fproduct_cat&post=3542"},{"taxonomy":"product_tag","embeddable":true,"href":"https:\/\/esentevibrationale.com\/index.php?rest_route=%2Fwp%2Fv2%2Fproduct_tag&post=3542"}],"curies":[{"name":"wp","href":"https:\/\/api.w.org\/{rel}","templated":true}]}}