{"id":3546,"date":"2018-12-12T15:18:36","date_gmt":"2018-12-12T14:18:36","guid":{"rendered":"https:\/\/phiessences.com\/Romania\/?post_type=product&#038;p=3546"},"modified":"2026-01-02T16:41:26","modified_gmt":"2026-01-02T14:41:26","slug":"southern-two-toed-sloth-lenesul-din-sud-cu-doua-degete","status":"publish","type":"product","link":"https:\/\/esentevibrationale.com\/?product=southern-two-toed-sloth-lenesul-din-sud-cu-doua-degete","title":{"rendered":"Southern two toed Sloth \/ Lene\u015ful din Sud cu Dou\u0103 Degete"},"content":{"rendered":"<p><strong>(Choloepus didactylus)<\/strong><\/p>\n<p>Ne ajut\u0103 s\u0103 ob\u0163inem un sentiment mai bun, atunci c\u00e2nd facem lucrurile singuri \u015fi devenim foarte eficien\u0163i \u00een situa\u0163iile stresante.<br \/>\n<strong>La nivel fizic:<\/strong> Esen\u0163a ne ajut\u0103 s\u0103 g\u0103sim mai mult\u0103 serenitate \u015fi calmitate pentru a echilibra somnul, \u00een timp ce corpul nostru se reface. \u020anv\u0103\u0163\u0103m s\u0103 oferim corpului nostru mai mult\u0103 odihn\u0103 \u015fi timp s\u0103 se refac\u0103 corespunz\u0103tor.<br \/>\n<strong>La nivel emo\u0163ional:<\/strong> Esen\u0163a ne d\u0103 o mai bun\u0103 percep\u0163ie a no\u0163iunii timpului. \u020anv\u0103\u0163\u0103m s\u0103 ne ascult\u0103m corpul \u015fi ce sim\u0163im, c\u00e2nd e necesar s\u0103 ne odihnim. Descoperim c\u0103i diferite pentru a face fa\u0163\u0103 stresului \u015fi s\u0103 prevenim simptomele stresului cum ar fi epuizarea.<br \/>\n<strong>La nivel spiritual:<\/strong> Esen\u0163a ne \u00eenva\u0163\u0103 c\u0103 g\u00e2ndurile noastre determin\u0103 ce facem, determin\u0103 via\u0163a noastr\u0103. \u020anv\u0103\u0163\u0103m s\u0103 nu avem mereu un r\u0103spuns la tot, dar ne las\u0103 chiar s\u0103 petrecem timpul \u00een hamac. De ce s\u0103 ne stres\u0103m? Obiectivul nostru \u00een via\u0163a este s\u0103 murim din cauza unui infarct?\u00a0 \u020anv\u0103\u0163\u0103m s\u0103 ne g\u00e2ndim la sensul vie\u0163ii.<\/p>\n<p>&nbsp;<\/p>\n<p>Fotografie: Dreamstime<\/p>\n","protected":false},"excerpt":{"rendered":"<p>(Choloepus didactylus) Ne ajut\u0103 s\u0103 ob\u0163inem un sentiment mai bun, atunci c\u00e2nd facem lucrurile singuri \u015fi devenim foarte eficien\u0163i \u00een situa\u0163iile stresante. La nivel fizic: Esen\u0163a ne ajut\u0103 s\u0103 g\u0103sim mai mult\u0103 serenitate \u015fi calmitate pentru a echilibra somnul, \u00een timp ce corpul nostru se reface. \u020anv\u0103\u0163\u0103m s\u0103 oferim corpului nostru mai mult\u0103 odihn\u0103 \u015fi &hellip; <a href=\"https:\/\/esentevibrationale.com\/?product=southern-two-toed-sloth-lenesul-din-sud-cu-doua-degete\" class=\"more-link\">Continu\u0103 lectura <span class=\"screen-reader-text\">Southern two toed Sloth \/ Lene\u015ful din Sud cu Dou\u0103 Degete<\/span> <span class=\"meta-nav\">&rarr;<\/span><\/a><\/p>\n","protected":false},"featured_media":3547,"template":"","meta":[],"product_brand":[],"product_cat":[62],"product_tag":[],"class_list":{"0":"post-3546","1":"product","2":"type-product","3":"status-publish","4":"has-post-thumbnail","6":"product_cat-esente-de-animale-3","7":"pa_size-15ml","8":"pa_size-30ml","10":"first","11":"instock","12":"shipping-taxable","13":"purchasable","14":"product-type-variable","15":"has-default-attributes"},"_links":{"self":[{"href":"https:\/\/esentevibrationale.com\/index.php?rest_route=\/wp\/v2\/product\/3546","targetHints":{"allow":["GET"]}}],"collection":[{"href":"https:\/\/esentevibrationale.com\/index.php?rest_route=\/wp\/v2\/product"}],"about":[{"href":"https:\/\/esentevibrationale.com\/index.php?rest_route=\/wp\/v2\/types\/product"}],"wp:featuredmedia":[{"embeddable":true,"href":"https:\/\/esentevibrationale.com\/index.php?rest_route=\/wp\/v2\/media\/3547"}],"wp:attachment":[{"href":"https:\/\/esentevibrationale.com\/index.php?rest_route=%2Fwp%2Fv2%2Fmedia&parent=3546"}],"wp:term":[{"taxonomy":"product_brand","embeddable":true,"href":"https:\/\/esentevibrationale.com\/index.php?rest_route=%2Fwp%2Fv2%2Fproduct_brand&post=3546"},{"taxonomy":"product_cat","embeddable":true,"href":"https:\/\/esentevibrationale.com\/index.php?rest_route=%2Fwp%2Fv2%2Fproduct_cat&post=3546"},{"taxonomy":"product_tag","embeddable":true,"href":"https:\/\/esentevibrationale.com\/index.php?rest_route=%2Fwp%2Fv2%2Fproduct_tag&post=3546"}],"curies":[{"name":"wp","href":"https:\/\/api.w.org\/{rel}","templated":true}]}}