{"id":355,"date":"2018-10-12T17:43:45","date_gmt":"2018-10-12T16:43:45","guid":{"rendered":"http:\/\/phiessences.com\/Romania\/?post_type=product&#038;p=355"},"modified":"2025-12-30T15:18:40","modified_gmt":"2025-12-30T13:18:40","slug":"hematite-hematita","status":"publish","type":"product","link":"https:\/\/esentevibrationale.com\/?product=hematite-hematita","title":{"rendered":"Hematite \/ Hematit\u0103"},"content":{"rendered":"<p><em>Hematita este un oxid de fier. Este opac\u0103, are culoarea negru sau negru argintiu, maro ro\u0219cat sau are o str\u0103lucire metalic\u0103. Numele ini\u021bial al s\u0103u a fost <\/em>Haima, <em>vine din grece\u0219te \u0219i \u00eenseamn\u0103 &#8222;Piatr\u0103 S\u00e2ngerie&#8221;. \u00cen principal, Hematita poate fi g\u0103sit\u0103 \u00een form\u0103 de rinichi sau cristal plat. \u00cen ciuda faptului c\u0103 are tent\u0103 de str\u0103lucire metalic\u0103 \u00een tonuri de negru, aceasta este \u00eentr-adev\u0103r ro\u0219ie (ro\u0219u v\u0103rgat). C\u00e2nd este sculptat\u0103 de apa rece are pete ro\u0219ii s\u00e2ngerii. \u00cen Doctrina Chakrelor, acest mineral este atribut (Primei Chakre) Chakrei Coccigian\u0103.<\/em><\/p>\n<p><strong><em>Efectul Esen\u021bei: <\/em><\/strong>Esen\u021ba Hematitei activeaz\u0103 fiin\u021ba noastr\u0103 \u0219i ne leag\u0103 de P\u0103m\u00e2nt. Ne ajut\u0103 la \u00eent\u0103rirea \u00eencrederii de sine \u0219i \u00eembun\u0103t\u0103\u021be\u0219te intelectul din punct de vedere energetic.<\/p>\n<p><strong><em>Efectul Esen\u021bei la Nivel Fizic: <\/em><\/strong>Esen\u021ba aduce energie pozitiv\u0103, \u00een special pentru s\u00e2nge \u0219i \u00een acela\u0219i timp \u00eenvioreaz\u0103 \u0219i ne re\u00eemprosp\u0103teaz\u0103 \u00eentregul organism. Forma- rea s\u00e2ngelui este stimulat\u0103, astfel \u00eenc\u00e2t esen\u021ba poate fi utilizat\u0103 la copiii \u0219i adul\u021bii anemici. Stabilizeaz\u0103 sistemul circular la nivel energetic \u0219i stimuleaz\u0103 procesele de auto-vindecare \u00een cazul congestiei s\u00e2ngelui. Promoveaz\u0103 energetic \u00eembun\u0103t\u0103\u021birea aprovizion\u0103rii cu oxigen a creierului prin s\u00e2ngele bogat \u00een oxigen.<\/p>\n<p><strong><em>Efectul Esen\u021bei la Nivel Emo\u021bional: <\/em><\/strong>Esen\u021b\u0103 transform\u0103 emo\u021biile negative, pesimiste \u00een energie vital\u0103 pozitiv\u0103. Ne reafirma for\u021ba, ca s\u0103 putem dep\u0103\u0219i situa\u021biile dificile \u0219i cre\u0219te curajul personal. Disip\u0103 prejudec\u0103\u021bile \u0219i g\u00e2ndirea limitativ\u0103 \u00een favoarea emo\u021biilor pozitive \u0219i plenitudinii universale.<\/p>\n<p><strong><em>Efectul Esen\u021bei la Nivel Mental: <\/em><\/strong>Cu esen\u021ba devenim con\u0219tien\u021bi de limitele auto-impuse, care ne constr\u00e2ng mintea \u0219i \u0219tranguleaz\u0103 puterea mental\u0103 existent\u0103. Acum noi putem sc\u0103pa de aceste obstacole \u0219i astfel, cu sentimentele de libertate \u0219i claritate, se dezvolt\u0103 puterea noastr\u0103 mental\u0103 \u00een abordarea clar\u0103 a obiectivelor. Esen\u021ba promoveaz\u0103 curajul de a fi aici \u0219i acum. Ne sim\u021bim \u00een armonie cu noi, ne bucur\u0103m de integritatea proprie \u0219i ne dezvolt\u0103m \u00eencrederea \u00een noi.<\/p>\n<p><strong><em>Efectul Esen\u021bei la Nivel Spiritual: <\/em><\/strong>Efectele intense de regenerare ale esen\u021bei se bazeaz\u0103 pe un temei stabil, care include printre altele purificarea \u0219i eliberarea aurei de vibra\u021biile negative. Protec\u021bia personal\u0103 se extinde \u00een timpul medita\u021biei, deci putem percepe capacit\u0103\u021bile noastre de relaxare \u0219i percep\u021bie ca fiind mult mai pronun\u021bate \u0219i somnul nostru devine mai revigorant \u0219i \u00een\u0103l\u021b\u0103tor. Toate efectele corporale \u0219i spirituale ale sale sunt percepute ca plenitudinea universului.<\/p>\n<p><strong>Esen\u021ba de Orhidee Corespondent\u0103:<\/strong><\/p>\n<p>Orhideea Cattleya<\/p>\n<p><strong><em>Afirma\u021bia: <\/em><\/strong>Plin\u0103tatea Vie\u021bii \u0219i a Universului m\u0103 fac s\u0103 tr\u0103iesc \u0219i s\u0103 eman bucurie interi- oar\u0103.<\/p>\n","protected":false},"excerpt":{"rendered":"<p>Hematita este un oxid de fier. Este opac\u0103, are culoarea negru sau negru argintiu, maro ro\u0219cat sau are o str\u0103lucire metalic\u0103. Numele ini\u021bial al s\u0103u a fost Haima, vine din grece\u0219te \u0219i \u00eenseamn\u0103 &#8222;Piatr\u0103 S\u00e2ngerie&#8221;. \u00cen principal, Hematita poate fi g\u0103sit\u0103 \u00een form\u0103 de rinichi sau cristal plat. \u00cen ciuda faptului c\u0103 are tent\u0103 de &hellip; <a href=\"https:\/\/esentevibrationale.com\/?product=hematite-hematita\" class=\"more-link\">Continu\u0103 lectura <span class=\"screen-reader-text\">Hematite \/ Hematit\u0103<\/span> <span class=\"meta-nav\">&rarr;<\/span><\/a><\/p>\n","protected":false},"featured_media":353,"template":"","meta":[],"product_brand":[],"product_cat":[18],"product_tag":[],"class_list":{"0":"post-355","1":"product","2":"type-product","3":"status-publish","4":"has-post-thumbnail","6":"product_cat-esente-de-geme","7":"pa_size-15ml","8":"pa_size-30ml","10":"first","11":"instock","12":"shipping-taxable","13":"purchasable","14":"product-type-variable","15":"has-default-attributes"},"_links":{"self":[{"href":"https:\/\/esentevibrationale.com\/index.php?rest_route=\/wp\/v2\/product\/355","targetHints":{"allow":["GET"]}}],"collection":[{"href":"https:\/\/esentevibrationale.com\/index.php?rest_route=\/wp\/v2\/product"}],"about":[{"href":"https:\/\/esentevibrationale.com\/index.php?rest_route=\/wp\/v2\/types\/product"}],"wp:featuredmedia":[{"embeddable":true,"href":"https:\/\/esentevibrationale.com\/index.php?rest_route=\/wp\/v2\/media\/353"}],"wp:attachment":[{"href":"https:\/\/esentevibrationale.com\/index.php?rest_route=%2Fwp%2Fv2%2Fmedia&parent=355"}],"wp:term":[{"taxonomy":"product_brand","embeddable":true,"href":"https:\/\/esentevibrationale.com\/index.php?rest_route=%2Fwp%2Fv2%2Fproduct_brand&post=355"},{"taxonomy":"product_cat","embeddable":true,"href":"https:\/\/esentevibrationale.com\/index.php?rest_route=%2Fwp%2Fv2%2Fproduct_cat&post=355"},{"taxonomy":"product_tag","embeddable":true,"href":"https:\/\/esentevibrationale.com\/index.php?rest_route=%2Fwp%2Fv2%2Fproduct_tag&post=355"}],"curies":[{"name":"wp","href":"https:\/\/api.w.org\/{rel}","templated":true}]}}