{"id":3550,"date":"2018-12-12T15:29:30","date_gmt":"2018-12-12T14:29:30","guid":{"rendered":"https:\/\/phiessences.com\/Romania\/?post_type=product&#038;p=3550"},"modified":"2024-12-19T17:30:30","modified_gmt":"2024-12-19T15:30:30","slug":"snow-leopard-leopardul-polar","status":"publish","type":"product","link":"https:\/\/esentevibrationale.com\/?product=snow-leopard-leopardul-polar","title":{"rendered":"Snow Leopard \/ Leopardul Polar"},"content":{"rendered":"<p><strong>(Panthera uncia)<\/strong><\/p>\n<p>Esen\u0163a cre\u015fte siguran\u0163a de sine \u015fi sensul echilibrului. \u020anv\u0103\u0163\u0103m s\u0103 avem o viziune bun\u0103 asupra vie\u0163ii \u015fi spore\u015fte gentile\u0163ea \u015fi determinarea.<\/p>\n<p>Fotografie: Dreamstime<\/p>\n","protected":false},"excerpt":{"rendered":"<p>(Panthera uncia) Esen\u0163a cre\u015fte siguran\u0163a de sine \u015fi sensul echilibrului. \u020anv\u0103\u0163\u0103m s\u0103 avem o viziune bun\u0103 asupra vie\u0163ii \u015fi spore\u015fte gentile\u0163ea \u015fi determinarea. Fotografie: Dreamstime<\/p>\n","protected":false},"featured_media":3516,"template":"","meta":[],"product_brand":[],"product_cat":[62],"product_tag":[],"class_list":{"0":"post-3550","1":"product","2":"type-product","3":"status-publish","4":"has-post-thumbnail","6":"product_cat-esente-de-animale-3","7":"pa_size-15ml","8":"pa_size-30ml","10":"first","11":"instock","12":"shipping-taxable","13":"purchasable","14":"product-type-variable","15":"has-default-attributes"},"_links":{"self":[{"href":"https:\/\/esentevibrationale.com\/index.php?rest_route=\/wp\/v2\/product\/3550","targetHints":{"allow":["GET"]}}],"collection":[{"href":"https:\/\/esentevibrationale.com\/index.php?rest_route=\/wp\/v2\/product"}],"about":[{"href":"https:\/\/esentevibrationale.com\/index.php?rest_route=\/wp\/v2\/types\/product"}],"wp:featuredmedia":[{"embeddable":true,"href":"https:\/\/esentevibrationale.com\/index.php?rest_route=\/wp\/v2\/media\/3516"}],"wp:attachment":[{"href":"https:\/\/esentevibrationale.com\/index.php?rest_route=%2Fwp%2Fv2%2Fmedia&parent=3550"}],"wp:term":[{"taxonomy":"product_brand","embeddable":true,"href":"https:\/\/esentevibrationale.com\/index.php?rest_route=%2Fwp%2Fv2%2Fproduct_brand&post=3550"},{"taxonomy":"product_cat","embeddable":true,"href":"https:\/\/esentevibrationale.com\/index.php?rest_route=%2Fwp%2Fv2%2Fproduct_cat&post=3550"},{"taxonomy":"product_tag","embeddable":true,"href":"https:\/\/esentevibrationale.com\/index.php?rest_route=%2Fwp%2Fv2%2Fproduct_tag&post=3550"}],"curies":[{"name":"wp","href":"https:\/\/api.w.org\/{rel}","templated":true}]}}