{"id":3559,"date":"2018-12-12T16:39:26","date_gmt":"2018-12-12T15:39:26","guid":{"rendered":"https:\/\/phiessences.com\/Romania\/?post_type=product&#038;p=3559"},"modified":"2026-01-02T16:53:40","modified_gmt":"2026-01-02T14:53:40","slug":"pink-amazone-dolphin-delfinul-roz-din-amazon","status":"publish","type":"product","link":"https:\/\/esentevibrationale.com\/?product=pink-amazone-dolphin-delfinul-roz-din-amazon","title":{"rendered":"Pink Amazon-Dolphin \/ Delfinul Roz din Amazon"},"content":{"rendered":"<ol>\n<li><img loading=\"lazy\" decoding=\"async\" class=\"alignnone size-full wp-image-3560\" src=\"https:\/\/esentevibrationale.com\/wp-content\/uploads\/2018\/12\/rosadelph_197_1.jpg\" alt=\"\" width=\"86\" height=\"65\" \/><\/li>\n<\/ol>\n<p><strong>(Sotalia fluviatilis)<\/strong><\/p>\n<p>Ne conecteaz\u0103 cu inima planetei Mam\u0103 P\u0103m\u00e2nt \u015fi ne conecteaz\u0103 profund cu sufletul nostru, cre\u015fte \u015fi\u00a0\u00a0lini\u015fte\u015fte con\u015ftiin\u0163a. Ne deschide propria inim\u0103, o umple de dragoste \u0219i ne ajut\u0103 s\u0103 vindec\u0103m r\u0103nile emo\u021bionale. La fel ca to\u021bi delfinii, delfinii roz din Amazon ne ofer\u0103 u\u0219urin\u021b\u0103 \u0219i bucurie juc\u0103u\u0219\u0103 \u0219i ne amintesc de rolul nostru de gardieni \u00een protejarea crea\u021biei pe planeta noastr\u0103. Ne ajut\u0103 s\u0103 \u00een\u021belegem esen\u021bialul \u0219i s\u0103 vedem cu inima. Ne conecteaz\u0103 inima la natur\u0103 \u0219i ne conecteaz\u0103 cu \u00een\u021belepciunea profund\u0103 din noi, care ne \u00eenva\u021b\u0103 c\u0103 suntem conecta\u021bi la tot. Esen\u021ba ne ajut\u0103 s\u0103 parcurgem calea iubirii \u00een via\u021ba noastr\u0103 cu bucurie \u0219i subliniaz\u0103 mai mult aspectul feminin.<\/p>\n","protected":false},"excerpt":{"rendered":"<p>(Sotalia fluviatilis) Ne conecteaz\u0103 cu inima planetei Mam\u0103 P\u0103m\u00e2nt \u015fi ne conecteaz\u0103 profund cu sufletul nostru, cre\u015fte \u015fi\u00a0\u00a0lini\u015fte\u015fte con\u015ftiin\u0163a. Ne deschide propria inim\u0103, o umple de dragoste \u0219i ne ajut\u0103 s\u0103 vindec\u0103m r\u0103nile emo\u021bionale. La fel ca to\u021bi delfinii, delfinii roz din Amazon ne ofer\u0103 u\u0219urin\u021b\u0103 \u0219i bucurie juc\u0103u\u0219\u0103 \u0219i ne amintesc de rolul nostru &hellip; <a href=\"https:\/\/esentevibrationale.com\/?product=pink-amazone-dolphin-delfinul-roz-din-amazon\" class=\"more-link\">Continu\u0103 lectura <span class=\"screen-reader-text\">Pink Amazon-Dolphin \/ Delfinul Roz din Amazon<\/span> <span class=\"meta-nav\">&rarr;<\/span><\/a><\/p>\n","protected":false},"featured_media":3558,"template":"","meta":[],"product_brand":[],"product_cat":[63],"product_tag":[],"class_list":{"0":"post-3559","1":"product","2":"type-product","3":"status-publish","4":"has-post-thumbnail","6":"product_cat-esente-de-animale-4","7":"pa_size-15ml","8":"pa_size-30ml","10":"first","11":"instock","12":"shipping-taxable","13":"purchasable","14":"product-type-variable","15":"has-default-attributes"},"_links":{"self":[{"href":"https:\/\/esentevibrationale.com\/index.php?rest_route=\/wp\/v2\/product\/3559","targetHints":{"allow":["GET"]}}],"collection":[{"href":"https:\/\/esentevibrationale.com\/index.php?rest_route=\/wp\/v2\/product"}],"about":[{"href":"https:\/\/esentevibrationale.com\/index.php?rest_route=\/wp\/v2\/types\/product"}],"wp:featuredmedia":[{"embeddable":true,"href":"https:\/\/esentevibrationale.com\/index.php?rest_route=\/wp\/v2\/media\/3558"}],"wp:attachment":[{"href":"https:\/\/esentevibrationale.com\/index.php?rest_route=%2Fwp%2Fv2%2Fmedia&parent=3559"}],"wp:term":[{"taxonomy":"product_brand","embeddable":true,"href":"https:\/\/esentevibrationale.com\/index.php?rest_route=%2Fwp%2Fv2%2Fproduct_brand&post=3559"},{"taxonomy":"product_cat","embeddable":true,"href":"https:\/\/esentevibrationale.com\/index.php?rest_route=%2Fwp%2Fv2%2Fproduct_cat&post=3559"},{"taxonomy":"product_tag","embeddable":true,"href":"https:\/\/esentevibrationale.com\/index.php?rest_route=%2Fwp%2Fv2%2Fproduct_tag&post=3559"}],"curies":[{"name":"wp","href":"https:\/\/api.w.org\/{rel}","templated":true}]}}