{"id":356,"date":"2018-10-12T17:52:47","date_gmt":"2018-10-12T16:52:47","guid":{"rendered":"http:\/\/phiessences.com\/Romania\/?post_type=product&#038;p=356"},"modified":"2025-12-30T15:34:12","modified_gmt":"2025-12-30T13:34:12","slug":"moonstone-piatra-lunii","status":"publish","type":"product","link":"https:\/\/esentevibrationale.com\/?product=moonstone-piatra-lunii","title":{"rendered":"Moonstone \/ Piatra Lunii"},"content":{"rendered":"<p><em>Piatra Lunii este un silicat de aluminiu \u0219i potasiu care apar\u021bine feldspatului. Este translucid\u0103 \u0219i incolor\u0103 sau are o tent\u0103 de albastru pal care se aseam\u0103n\u0103 cu o perl\u0103. Poate fi g\u0103sit\u0103 totodat\u0103 \u00een culorile: roz pal, galben sau portocaliu. Este \u00eenv\u0103luit\u0103 \u00een mituri, \u00een special, datorit\u0103 str\u0103lucirii sale secrete, care poate fi v\u0103zut\u0103 c\u00e2nd este crestat\u0103. A fost mereu piatra iubirii \u0219i a \u00eendr\u0103gosti\u021bilor. \u00cen Doctrina Chakrelor corespunde Chakrei Plexului Solar, Chakrei G\u00e2tului \u0219i Chakrei Al Treilea Ochi (Chakrelor a-III-a, a-V-a \u0219i a-VI-a ).<\/em><\/p>\n<p><strong><em>Efectul Esen\u021bei: <\/em><\/strong>Esen\u021ba Pietrei Lunii aduce lumin\u0103 aspectelor noastre creative feminine \u0219i este bun\u0103 pentru inspira\u021bie. Exprimarea de sine este \u00eencurajat\u0103, creativitatea poate fi implementat\u0103 mai bine, propriile sentimente sunt mai bine recunoscute \u0219i acceptate<\/p>\n<p><strong><em>Efectul Esen\u021bei la Nivel Fizic: <\/em><\/strong>Esen\u021ba stimuleaz\u0103 detoxificarea organismului la nivel energetic \u0219i \u00eei \u00eencurajeaz\u0103 for\u021ba. S-a acceptat pe scar\u0103 larg\u0103 ca Piatra Lunii s\u0103 poarte \u0219i denumirea de &#8222;Piatra Feminit\u0103\u021bii&#8221; (efectele sale corespunz\u0103toare pot fi v\u0103zute \u00een esen\u021b\u0103 \u0219i au un efect de reglare asupra c\u00e2mpului energetic \u0219i al echilibrului intern).<\/p>\n<p><strong><em>Efectul Esen\u021bei la Nivel Emo\u021bional: <\/em><\/strong>Esen\u021ba armonizeaz\u0103 via\u021ba sentimentala la toate nivelele. Putem trata blocajele emo\u021bionale, fluctua\u021biile mentale, schizofrenia, fricile, cum ar fi: frica de viitor, frica de interven\u021biile chirurgicale sau de dentist. Putem experimenta noi perspective asupra proces\u0103rii imaginii mamei. Visele noastre pot oferi dovezi cruciale de \u00een\u021belegere a emo\u021biilor, aici esen\u021ba contribuie la ac\u021biunea viselor \u0219i la \u00een\u021belegerea lor. Sentimentele proprii pot fi exprimate mai bine, iar emo\u021biile celorlal\u021bi pot fi acceptate mai u\u0219or. Aceast\u0103 esen\u021b\u0103 promoveaz\u0103 feminitatea, sensibilitatea \u0219i rela\u021biile amoroase cu ceilal\u021bi.<\/p>\n<p><strong><em>Efectul Esen\u021bei la Nivel Mental: <\/em><\/strong>Frecvent femeile sunt atrase de energia esen\u021bei \u0219i experimenteaz\u0103 o serie de impulsuri foarte valoroase, pe care le extinde con\u0219tiin\u021ba. Esen\u021ba ofer\u0103 o nou\u0103 \u00een\u021belegere dezvoltat\u0103, poten\u021bialul nostru, inspira\u021bia \u0219i creativitatea care p\u00e2n\u0103 acum au r\u0103mas latente, se trezesc \u0219i sunt \u00eencorporate mental.<\/p>\n<p><strong><em>Efectul Esen\u021bei la Nivel Spiritual: <\/em><\/strong>Cu esen\u021ba subcon\u0219tientul se purific\u0103 \u0219i este promovat\u0103 con\u0219tiin\u021ba. De aici, ne putem dezvolta \u0219i devenim con\u0219tien\u021bi de clarviziune. Contribuie la o \u00eenr\u0103d\u0103cinare stabil\u0103, ne face s\u0103 ne recunoa\u0219tem pe noi \u00een\u0219ine \u0219i s\u0103 devenim reali scopurilor noastre spirituale. Totodat\u0103, vom c\u0103p\u0103ta o percep\u021bie profund\u0103 a naturii \u0219i deci ne vom l\u0103sa purta\u021bi de mesajul \u0219i de inspira\u021bia sa.<\/p>\n<p><strong>Esen\u021ba de Orhidee Corespondent\u0103:<\/strong><\/p>\n<p>Orhideea Inspira\u021bie<\/p>\n<p><strong><em>Afirma\u021bia<\/em><\/strong><em>: <\/em>Eu \u0219i sentimentele mele suntem uni\u021bi\/unite \u0219i \u00eei putem \u00een\u021belege pe ceilal\u021bi<\/p>\n","protected":false},"excerpt":{"rendered":"<p>Piatra Lunii este un silicat de aluminiu \u0219i potasiu care apar\u021bine feldspatului. Este translucid\u0103 \u0219i incolor\u0103 sau are o tent\u0103 de albastru pal care se aseam\u0103n\u0103 cu o perl\u0103. Poate fi g\u0103sit\u0103 totodat\u0103 \u00een culorile: roz pal, galben sau portocaliu. Este \u00eenv\u0103luit\u0103 \u00een mituri, \u00een special, datorit\u0103 str\u0103lucirii sale secrete, care poate fi v\u0103zut\u0103 c\u00e2nd &hellip; <a href=\"https:\/\/esentevibrationale.com\/?product=moonstone-piatra-lunii\" class=\"more-link\">Continu\u0103 lectura <span class=\"screen-reader-text\">Moonstone \/ Piatra Lunii<\/span> <span class=\"meta-nav\">&rarr;<\/span><\/a><\/p>\n","protected":false},"featured_media":357,"template":"","meta":[],"product_brand":[],"product_cat":[18],"product_tag":[],"class_list":{"0":"post-356","1":"product","2":"type-product","3":"status-publish","4":"has-post-thumbnail","6":"product_cat-esente-de-geme","7":"pa_size-15ml","8":"pa_size-30ml","10":"first","11":"instock","12":"shipping-taxable","13":"purchasable","14":"product-type-variable","15":"has-default-attributes"},"_links":{"self":[{"href":"https:\/\/esentevibrationale.com\/index.php?rest_route=\/wp\/v2\/product\/356","targetHints":{"allow":["GET"]}}],"collection":[{"href":"https:\/\/esentevibrationale.com\/index.php?rest_route=\/wp\/v2\/product"}],"about":[{"href":"https:\/\/esentevibrationale.com\/index.php?rest_route=\/wp\/v2\/types\/product"}],"wp:featuredmedia":[{"embeddable":true,"href":"https:\/\/esentevibrationale.com\/index.php?rest_route=\/wp\/v2\/media\/357"}],"wp:attachment":[{"href":"https:\/\/esentevibrationale.com\/index.php?rest_route=%2Fwp%2Fv2%2Fmedia&parent=356"}],"wp:term":[{"taxonomy":"product_brand","embeddable":true,"href":"https:\/\/esentevibrationale.com\/index.php?rest_route=%2Fwp%2Fv2%2Fproduct_brand&post=356"},{"taxonomy":"product_cat","embeddable":true,"href":"https:\/\/esentevibrationale.com\/index.php?rest_route=%2Fwp%2Fv2%2Fproduct_cat&post=356"},{"taxonomy":"product_tag","embeddable":true,"href":"https:\/\/esentevibrationale.com\/index.php?rest_route=%2Fwp%2Fv2%2Fproduct_tag&post=356"}],"curies":[{"name":"wp","href":"https:\/\/api.w.org\/{rel}","templated":true}]}}