{"id":3567,"date":"2018-12-12T16:52:56","date_gmt":"2018-12-12T15:52:56","guid":{"rendered":"https:\/\/phiessences.com\/Romania\/?post_type=product&#038;p=3567"},"modified":"2026-01-02T16:59:26","modified_gmt":"2026-01-02T14:59:26","slug":"turtle-broasca-testoasa","status":"publish","type":"product","link":"https:\/\/esentevibrationale.com\/?product=turtle-broasca-testoasa","title":{"rendered":"Turtle \/ Broasca \u0162estoas\u0103"},"content":{"rendered":"<p><strong>( Caretta caretta )<\/strong><\/p>\n<p>Esen\u0163a ne ajut\u0103 \u00een situa\u0163iile stresante. \u020anv\u0103\u0163\u0103m cum s\u0103 lucr\u0103m \u00een lini\u015fte pentru noi.<\/p>\n<p>Fotografie: Andreas Korte, PHI Essences<\/p>\n","protected":false},"excerpt":{"rendered":"<p>( Caretta caretta ) Esen\u0163a ne ajut\u0103 \u00een situa\u0163iile stresante. \u020anv\u0103\u0163\u0103m cum s\u0103 lucr\u0103m \u00een lini\u015fte pentru noi. Fotografie: Andreas Korte, PHI Essences<\/p>\n","protected":false},"featured_media":3570,"template":"","meta":[],"product_brand":[],"product_cat":[63],"product_tag":[],"class_list":{"0":"post-3567","1":"product","2":"type-product","3":"status-publish","4":"has-post-thumbnail","6":"product_cat-esente-de-animale-4","7":"pa_size-15ml","8":"pa_size-30ml","10":"first","11":"instock","12":"shipping-taxable","13":"purchasable","14":"product-type-variable","15":"has-default-attributes"},"_links":{"self":[{"href":"https:\/\/esentevibrationale.com\/index.php?rest_route=\/wp\/v2\/product\/3567","targetHints":{"allow":["GET"]}}],"collection":[{"href":"https:\/\/esentevibrationale.com\/index.php?rest_route=\/wp\/v2\/product"}],"about":[{"href":"https:\/\/esentevibrationale.com\/index.php?rest_route=\/wp\/v2\/types\/product"}],"wp:featuredmedia":[{"embeddable":true,"href":"https:\/\/esentevibrationale.com\/index.php?rest_route=\/wp\/v2\/media\/3570"}],"wp:attachment":[{"href":"https:\/\/esentevibrationale.com\/index.php?rest_route=%2Fwp%2Fv2%2Fmedia&parent=3567"}],"wp:term":[{"taxonomy":"product_brand","embeddable":true,"href":"https:\/\/esentevibrationale.com\/index.php?rest_route=%2Fwp%2Fv2%2Fproduct_brand&post=3567"},{"taxonomy":"product_cat","embeddable":true,"href":"https:\/\/esentevibrationale.com\/index.php?rest_route=%2Fwp%2Fv2%2Fproduct_cat&post=3567"},{"taxonomy":"product_tag","embeddable":true,"href":"https:\/\/esentevibrationale.com\/index.php?rest_route=%2Fwp%2Fv2%2Fproduct_tag&post=3567"}],"curies":[{"name":"wp","href":"https:\/\/api.w.org\/{rel}","templated":true}]}}