{"id":3571,"date":"2018-12-12T17:06:43","date_gmt":"2018-12-12T16:06:43","guid":{"rendered":"https:\/\/phiessences.com\/Romania\/?post_type=product&#038;p=3571"},"modified":"2026-01-02T16:57:52","modified_gmt":"2026-01-02T14:57:52","slug":"tarantula-tarantula","status":"publish","type":"product","link":"https:\/\/esentevibrationale.com\/?product=tarantula-tarantula","title":{"rendered":"Tarantula \/ Tarantula"},"content":{"rendered":"<p><strong>(Grammostola rosea)<\/strong><\/p>\n<p>Aceast\u0103 esen\u0163\u0103 ne d\u0103 un sens mai bun al echilibrului \u015fi ne face mai \u00eencrez\u0103tori. \u020anv\u0103\u0163\u0103m cum s\u0103 transform\u0103m sentimentele negative \u015fi fricile \u015fi s\u0103 sim\u0163im mai mult\u0103 \u00eencredere \u015fi siguran\u0163\u0103, ne conecteaz\u0103 cu toate vie\u0163uitoarele.<\/p>\n<p>Fotografie: Dreamstime<\/p>\n","protected":false},"excerpt":{"rendered":"<p>(Grammostola rosea) Aceast\u0103 esen\u0163\u0103 ne d\u0103 un sens mai bun al echilibrului \u015fi ne face mai \u00eencrez\u0103tori. \u020anv\u0103\u0163\u0103m cum s\u0103 transform\u0103m sentimentele negative \u015fi fricile \u015fi s\u0103 sim\u0163im mai mult\u0103 \u00eencredere \u015fi siguran\u0163\u0103, ne conecteaz\u0103 cu toate vie\u0163uitoarele. Fotografie: Dreamstime<\/p>\n","protected":false},"featured_media":3572,"template":"","meta":[],"product_brand":[],"product_cat":[63],"product_tag":[],"class_list":{"0":"post-3571","1":"product","2":"type-product","3":"status-publish","4":"has-post-thumbnail","6":"product_cat-esente-de-animale-4","7":"pa_size-15ml","8":"pa_size-30ml","10":"first","11":"instock","12":"shipping-taxable","13":"purchasable","14":"product-type-variable","15":"has-default-attributes"},"_links":{"self":[{"href":"https:\/\/esentevibrationale.com\/index.php?rest_route=\/wp\/v2\/product\/3571","targetHints":{"allow":["GET"]}}],"collection":[{"href":"https:\/\/esentevibrationale.com\/index.php?rest_route=\/wp\/v2\/product"}],"about":[{"href":"https:\/\/esentevibrationale.com\/index.php?rest_route=\/wp\/v2\/types\/product"}],"wp:featuredmedia":[{"embeddable":true,"href":"https:\/\/esentevibrationale.com\/index.php?rest_route=\/wp\/v2\/media\/3572"}],"wp:attachment":[{"href":"https:\/\/esentevibrationale.com\/index.php?rest_route=%2Fwp%2Fv2%2Fmedia&parent=3571"}],"wp:term":[{"taxonomy":"product_brand","embeddable":true,"href":"https:\/\/esentevibrationale.com\/index.php?rest_route=%2Fwp%2Fv2%2Fproduct_brand&post=3571"},{"taxonomy":"product_cat","embeddable":true,"href":"https:\/\/esentevibrationale.com\/index.php?rest_route=%2Fwp%2Fv2%2Fproduct_cat&post=3571"},{"taxonomy":"product_tag","embeddable":true,"href":"https:\/\/esentevibrationale.com\/index.php?rest_route=%2Fwp%2Fv2%2Fproduct_tag&post=3571"}],"curies":[{"name":"wp","href":"https:\/\/api.w.org\/{rel}","templated":true}]}}