{"id":3575,"date":"2018-12-12T17:24:19","date_gmt":"2018-12-12T16:24:19","guid":{"rendered":"https:\/\/phiessences.com\/Romania\/?post_type=product&#038;p=3575"},"modified":"2026-01-02T16:50:05","modified_gmt":"2026-01-02T14:50:05","slug":"humpback-whale-balena-cocosata","status":"publish","type":"product","link":"https:\/\/esentevibrationale.com\/?product=humpback-whale-balena-cocosata","title":{"rendered":"Humpback Whale \/ Balena cu Cocoa\u015f\u0103"},"content":{"rendered":"<p><strong>(Megaptera novaeangliae)<\/strong><\/p>\n<p><span class=\"Y2IQFc\" lang=\"ro\">Balenele cu cocoa\u0219\u0103 intr\u0103 probabil \u00eentr-o stare de trans\u0103 \u00een timp ce c\u00e2nt\u0103; Ele deschid o poart\u0103 dimensional\u0103 prin tonurile de vibra\u021bie \u00eenalt\u0103 \u0219i merg direct \u00een a cincea dimensiune. La acest nivel energetic nu exist\u0103 spa\u021biu sau timp, totul este \u00een starea de Acum <\/span>\u0219i Aici. <span class=\"Y2IQFc\" lang=\"ro\">Dac\u0103 putem percepe aceste dimensiuni \u00eentr-o medita\u021bie mai profund\u0103, experiment\u0103m cum universurile, p\u0103m\u00e2ntul, toat\u0103 via\u021ba de pe p\u0103m\u00e2nt \u0219i ceea ce este, sunt \u00eenconjurate de un \u00eenveli\u0219 de plasm\u0103 invizibil\u0103 care este \u00een schimb permanent cu alte niveluri. Este foarte greu de imaginat a\u0219a ceva. Realitatea de aici este destul de diferit\u0103, atotcuprinz\u0103toare. \u0218i aici culorile, sunetele \u0219i c\u00e2ntarea domin\u0103 percep\u021bia. Aceste vibra\u021bii pun totul \u00een mi\u0219care \u0219i afecteaz\u0103 totul pentru c\u0103 sunt interconectate cu totul. Con\u0219tiin\u021ba balenei cu cocoa\u0219\u0103 se \u00eendreapt\u0103 direct c\u0103tre aceast\u0103 a cincea dimensiune. Dac\u0103 cre\u0103m un spa\u021biu lini\u0219tit, ne putem conecta meditativ la esen\u021b\u0103 cu nivelul ei de percep\u021bie. \u201eTotul este ceea ce este \u0219i totul este conectat \u00eentr-o vibra\u021bie iubitoare.\u201d<\/span><\/p>\n","protected":false},"excerpt":{"rendered":"<p>(Megaptera novaeangliae) Balenele cu cocoa\u0219\u0103 intr\u0103 probabil \u00eentr-o stare de trans\u0103 \u00een timp ce c\u00e2nt\u0103; Ele deschid o poart\u0103 dimensional\u0103 prin tonurile de vibra\u021bie \u00eenalt\u0103 \u0219i merg direct \u00een a cincea dimensiune. La acest nivel energetic nu exist\u0103 spa\u021biu sau timp, totul este \u00een starea de Acum \u0219i Aici. Dac\u0103 putem percepe aceste dimensiuni \u00eentr-o &hellip; <a href=\"https:\/\/esentevibrationale.com\/?product=humpback-whale-balena-cocosata\" class=\"more-link\">Continu\u0103 lectura <span class=\"screen-reader-text\">Humpback Whale \/ Balena cu Cocoa\u015f\u0103<\/span> <span class=\"meta-nav\">&rarr;<\/span><\/a><\/p>\n","protected":false},"featured_media":3576,"template":"","meta":[],"product_brand":[],"product_cat":[63],"product_tag":[],"class_list":{"0":"post-3575","1":"product","2":"type-product","3":"status-publish","4":"has-post-thumbnail","6":"product_cat-esente-de-animale-4","7":"pa_size-15ml","8":"pa_size-30ml","10":"first","11":"instock","12":"shipping-taxable","13":"purchasable","14":"product-type-variable","15":"has-default-attributes"},"_links":{"self":[{"href":"https:\/\/esentevibrationale.com\/index.php?rest_route=\/wp\/v2\/product\/3575","targetHints":{"allow":["GET"]}}],"collection":[{"href":"https:\/\/esentevibrationale.com\/index.php?rest_route=\/wp\/v2\/product"}],"about":[{"href":"https:\/\/esentevibrationale.com\/index.php?rest_route=\/wp\/v2\/types\/product"}],"wp:featuredmedia":[{"embeddable":true,"href":"https:\/\/esentevibrationale.com\/index.php?rest_route=\/wp\/v2\/media\/3576"}],"wp:attachment":[{"href":"https:\/\/esentevibrationale.com\/index.php?rest_route=%2Fwp%2Fv2%2Fmedia&parent=3575"}],"wp:term":[{"taxonomy":"product_brand","embeddable":true,"href":"https:\/\/esentevibrationale.com\/index.php?rest_route=%2Fwp%2Fv2%2Fproduct_brand&post=3575"},{"taxonomy":"product_cat","embeddable":true,"href":"https:\/\/esentevibrationale.com\/index.php?rest_route=%2Fwp%2Fv2%2Fproduct_cat&post=3575"},{"taxonomy":"product_tag","embeddable":true,"href":"https:\/\/esentevibrationale.com\/index.php?rest_route=%2Fwp%2Fv2%2Fproduct_tag&post=3575"}],"curies":[{"name":"wp","href":"https:\/\/api.w.org\/{rel}","templated":true}]}}