{"id":3579,"date":"2018-12-12T17:44:12","date_gmt":"2018-12-12T16:44:12","guid":{"rendered":"https:\/\/phiessences.com\/Romania\/?post_type=product&#038;p=3579"},"modified":"2026-01-02T16:54:37","modified_gmt":"2026-01-02T14:54:37","slug":"right-whale-balena-dreapta","status":"publish","type":"product","link":"https:\/\/esentevibrationale.com\/?product=right-whale-balena-dreapta","title":{"rendered":"Right Whale \/ Balena Dreapt\u0103"},"content":{"rendered":"<p><strong>(Eubalaena australis)<\/strong><\/p>\n<p>Aceast\u0103 balen\u0103 poate emite sunete de frecven\u0163e mari. Ne poate deschide pentru a experimenta cea de a cincea dimensiune. \u020anv\u0103\u0163\u0103m c\u0103 to\u0163i suntem conecta\u0163i \u015fi c\u0103 separarea este doar o iluzie. Esen\u0163a este bun\u0103 pentru medita\u0163ii \u015fi experien\u0163ele transpersonale. Persoana trebuie s\u0103 fie \u00eemp\u0103m\u00e2ntat\u0103.<\/p>\n<p>Fotografie: Dreamstime<\/p>\n","protected":false},"excerpt":{"rendered":"<p>(Eubalaena australis) Aceast\u0103 balen\u0103 poate emite sunete de frecven\u0163e mari. Ne poate deschide pentru a experimenta cea de a cincea dimensiune. \u020anv\u0103\u0163\u0103m c\u0103 to\u0163i suntem conecta\u0163i \u015fi c\u0103 separarea este doar o iluzie. Esen\u0163a este bun\u0103 pentru medita\u0163ii \u015fi experien\u0163ele transpersonale. Persoana trebuie s\u0103 fie \u00eemp\u0103m\u00e2ntat\u0103. Fotografie: Dreamstime<\/p>\n","protected":false},"featured_media":3582,"template":"","meta":[],"product_brand":[],"product_cat":[63],"product_tag":[],"class_list":{"0":"post-3579","1":"product","2":"type-product","3":"status-publish","4":"has-post-thumbnail","6":"product_cat-esente-de-animale-4","7":"pa_size-15ml","8":"pa_size-30ml","10":"first","11":"instock","12":"shipping-taxable","13":"purchasable","14":"product-type-variable","15":"has-default-attributes"},"_links":{"self":[{"href":"https:\/\/esentevibrationale.com\/index.php?rest_route=\/wp\/v2\/product\/3579","targetHints":{"allow":["GET"]}}],"collection":[{"href":"https:\/\/esentevibrationale.com\/index.php?rest_route=\/wp\/v2\/product"}],"about":[{"href":"https:\/\/esentevibrationale.com\/index.php?rest_route=\/wp\/v2\/types\/product"}],"wp:featuredmedia":[{"embeddable":true,"href":"https:\/\/esentevibrationale.com\/index.php?rest_route=\/wp\/v2\/media\/3582"}],"wp:attachment":[{"href":"https:\/\/esentevibrationale.com\/index.php?rest_route=%2Fwp%2Fv2%2Fmedia&parent=3579"}],"wp:term":[{"taxonomy":"product_brand","embeddable":true,"href":"https:\/\/esentevibrationale.com\/index.php?rest_route=%2Fwp%2Fv2%2Fproduct_brand&post=3579"},{"taxonomy":"product_cat","embeddable":true,"href":"https:\/\/esentevibrationale.com\/index.php?rest_route=%2Fwp%2Fv2%2Fproduct_cat&post=3579"},{"taxonomy":"product_tag","embeddable":true,"href":"https:\/\/esentevibrationale.com\/index.php?rest_route=%2Fwp%2Fv2%2Fproduct_tag&post=3579"}],"curies":[{"name":"wp","href":"https:\/\/api.w.org\/{rel}","templated":true}]}}