{"id":3584,"date":"2018-12-12T18:00:42","date_gmt":"2018-12-12T17:00:42","guid":{"rendered":"https:\/\/phiessences.com\/Romania\/?post_type=product&#038;p=3584"},"modified":"2026-01-02T16:57:00","modified_gmt":"2026-01-02T14:57:00","slug":"sperm-whale-casalot","status":"publish","type":"product","link":"https:\/\/esentevibrationale.com\/?product=sperm-whale-casalot","title":{"rendered":"Sperm Whale \/ Ca\u015falot"},"content":{"rendered":"<p><strong>(Physeter macrocephalus)<\/strong><\/p>\n<p>Acestea sunt gardienii P\u0103m\u00e2ntului \u015fi ne conecteaz\u0103 cu a cincea dimensiune. Ne amintesc c\u0103 trebuie s\u0103 protej\u0103m crea\u0163ia lui Dumnezeu. Forma lor de embrion, ne aminte\u015fte c\u00e2t de important este s\u0103 conserv\u0103m \u00een forma sa original\u0103\u00a0 ADN-ul \u015fi regenerarea sa energetic\u0103.<\/p>\n<p>Fotografie: Gaby BARATHIEU,Wikipedia<\/p>\n","protected":false},"excerpt":{"rendered":"<p>(Physeter macrocephalus) Acestea sunt gardienii P\u0103m\u00e2ntului \u015fi ne conecteaz\u0103 cu a cincea dimensiune. Ne amintesc c\u0103 trebuie s\u0103 protej\u0103m crea\u0163ia lui Dumnezeu. Forma lor de embrion, ne aminte\u015fte c\u00e2t de important este s\u0103 conserv\u0103m \u00een forma sa original\u0103\u00a0 ADN-ul \u015fi regenerarea sa energetic\u0103. Fotografie: Gaby BARATHIEU,Wikipedia<\/p>\n","protected":false},"featured_media":3587,"template":"","meta":[],"product_brand":[],"product_cat":[63],"product_tag":[],"class_list":{"0":"post-3584","1":"product","2":"type-product","3":"status-publish","4":"has-post-thumbnail","6":"product_cat-esente-de-animale-4","7":"pa_size-15ml","8":"pa_size-30ml","10":"first","11":"instock","12":"shipping-taxable","13":"purchasable","14":"product-type-variable","15":"has-default-attributes"},"_links":{"self":[{"href":"https:\/\/esentevibrationale.com\/index.php?rest_route=\/wp\/v2\/product\/3584","targetHints":{"allow":["GET"]}}],"collection":[{"href":"https:\/\/esentevibrationale.com\/index.php?rest_route=\/wp\/v2\/product"}],"about":[{"href":"https:\/\/esentevibrationale.com\/index.php?rest_route=\/wp\/v2\/types\/product"}],"wp:featuredmedia":[{"embeddable":true,"href":"https:\/\/esentevibrationale.com\/index.php?rest_route=\/wp\/v2\/media\/3587"}],"wp:attachment":[{"href":"https:\/\/esentevibrationale.com\/index.php?rest_route=%2Fwp%2Fv2%2Fmedia&parent=3584"}],"wp:term":[{"taxonomy":"product_brand","embeddable":true,"href":"https:\/\/esentevibrationale.com\/index.php?rest_route=%2Fwp%2Fv2%2Fproduct_brand&post=3584"},{"taxonomy":"product_cat","embeddable":true,"href":"https:\/\/esentevibrationale.com\/index.php?rest_route=%2Fwp%2Fv2%2Fproduct_cat&post=3584"},{"taxonomy":"product_tag","embeddable":true,"href":"https:\/\/esentevibrationale.com\/index.php?rest_route=%2Fwp%2Fv2%2Fproduct_tag&post=3584"}],"curies":[{"name":"wp","href":"https:\/\/api.w.org\/{rel}","templated":true}]}}