{"id":3588,"date":"2018-12-12T18:42:26","date_gmt":"2018-12-12T17:42:26","guid":{"rendered":"https:\/\/phiessences.com\/Romania\/?post_type=product&#038;p=3588"},"modified":"2026-01-02T16:49:11","modified_gmt":"2026-01-02T14:49:11","slug":"finback-whale-balena-cu-%c8%8bnotatoare","status":"publish","type":"product","link":"https:\/\/esentevibrationale.com\/?product=finback-whale-balena-cu-%c8%8bnotatoare","title":{"rendered":"Finback Whale \/ Balena cu \u020anot\u0103toare"},"content":{"rendered":"<p>(Balaenoptera physalus)<\/p>\n<p>Ne deschide con\u015ftiin\u0163a noastr\u0103 de la a patra la a cincea dimensiune. Experiment\u0103m con\u015ftientizarea dincolo de timp \u015fi spa\u0163iu. Intr\u0103m \u00een Matrice \u015fi experiment\u0103m \u00eendeplinirea \u015fi manifestarea g\u00e2ndurior \u00een realitate.<\/p>\n<p>Fotografie: Dreamstime<\/p>\n","protected":false},"excerpt":{"rendered":"<p>(Balaenoptera physalus) Ne deschide con\u015ftiin\u0163a noastr\u0103 de la a patra la a cincea dimensiune. Experiment\u0103m con\u015ftientizarea dincolo de timp \u015fi spa\u0163iu. Intr\u0103m \u00een Matrice \u015fi experiment\u0103m \u00eendeplinirea \u015fi manifestarea g\u00e2ndurior \u00een realitate. Fotografie: Dreamstime<\/p>\n","protected":false},"featured_media":3590,"template":"","meta":[],"product_brand":[],"product_cat":[63],"product_tag":[],"class_list":{"0":"post-3588","1":"product","2":"type-product","3":"status-publish","4":"has-post-thumbnail","6":"product_cat-esente-de-animale-4","7":"pa_size-15ml","8":"pa_size-30ml","10":"first","11":"instock","12":"shipping-taxable","13":"purchasable","14":"product-type-variable","15":"has-default-attributes"},"_links":{"self":[{"href":"https:\/\/esentevibrationale.com\/index.php?rest_route=\/wp\/v2\/product\/3588","targetHints":{"allow":["GET"]}}],"collection":[{"href":"https:\/\/esentevibrationale.com\/index.php?rest_route=\/wp\/v2\/product"}],"about":[{"href":"https:\/\/esentevibrationale.com\/index.php?rest_route=\/wp\/v2\/types\/product"}],"wp:featuredmedia":[{"embeddable":true,"href":"https:\/\/esentevibrationale.com\/index.php?rest_route=\/wp\/v2\/media\/3590"}],"wp:attachment":[{"href":"https:\/\/esentevibrationale.com\/index.php?rest_route=%2Fwp%2Fv2%2Fmedia&parent=3588"}],"wp:term":[{"taxonomy":"product_brand","embeddable":true,"href":"https:\/\/esentevibrationale.com\/index.php?rest_route=%2Fwp%2Fv2%2Fproduct_brand&post=3588"},{"taxonomy":"product_cat","embeddable":true,"href":"https:\/\/esentevibrationale.com\/index.php?rest_route=%2Fwp%2Fv2%2Fproduct_cat&post=3588"},{"taxonomy":"product_tag","embeddable":true,"href":"https:\/\/esentevibrationale.com\/index.php?rest_route=%2Fwp%2Fv2%2Fproduct_tag&post=3588"}],"curies":[{"name":"wp","href":"https:\/\/api.w.org\/{rel}","templated":true}]}}