{"id":359,"date":"2018-10-12T17:56:47","date_gmt":"2018-10-12T16:56:47","guid":{"rendered":"http:\/\/phiessences.com\/Romania\/?post_type=product&#038;p=359"},"modified":"2025-12-30T15:47:51","modified_gmt":"2025-12-30T13:47:51","slug":"olivine-olivina","status":"publish","type":"product","link":"https:\/\/esentevibrationale.com\/?product=olivine-olivina","title":{"rendered":"Olivine \/ Olivin\u0103"},"content":{"rendered":"<p><em>Olivina este un silicat de fier \u0219i magneziu, care formeaz\u0103 mici prisme de diamant \u0219i mai este cunoscut\u0103 sub numele de olivin\u0103 sau crisolit. Sf. Hildegard a apreciat aceast\u0103 gem\u0103, \u00een special, pentru poten\u021bialul s\u0103u de a da via\u021b\u0103, care ar trebui s\u0103 activeze etapele naturale de dezvoltare. Ea a recomandat Olivina \u00een cazul durerilor cardiace, al febrei, pentru a \u00eendep\u0103rta energiile negative \u0219i pentru a consolida cunoa\u0219terea. \u00cen Doctrina Chakrelor, gema este asociat\u0103 Chakrei Inimii (Chakr a-IV-a) \u0219i Chakrei Plexului Solar (Chakra a-III-a).<\/em><\/p>\n<p><strong><em>Efectul Esen\u021bei: <\/em><\/strong>Esen\u021ba stimuleaz\u0103 inima \u0219i zonele plexul solar, le cur\u0103\u021b\u0103 \u0219i le deschide spre iubire \u0219i bucurie, pentru noi \u0219i pentru ceilal\u021bi.<\/p>\n<p><strong><em>Efectul Esen\u021bei la Nivel Fizic: <\/em><\/strong>Esen\u021ba Olivinei stimuleaz\u0103 energetic fluxul de energie al organismului av\u00e2nd un impact favorabil asupra \u00eentregului organism. At\u00e2ta timp c\u00e2t noi avem stabilitate interioar\u0103, senza\u021bia de sl\u0103biciune poate fi dep\u0103\u0219it\u0103, de exemplu: sensibilitatea generat\u0103 de schimb\u0103rile de meteorologice.<\/p>\n<p><strong><em>Efectul Esen\u021bei la Nivel Emo\u021bional: <\/em><\/strong>\u00cen cazurile de r\u0103ceal\u0103 emo\u021bional\u0103, egoism, triste\u021be, gelozie, sentimente de invidie sau tensiune interioar\u0103, aceast\u0103 esen\u021b\u0103 poate aduce energie armonioas\u0103 \u0219i astfel se produc schimb\u0103ri pozitive \u00een via\u021ba emo\u021bional\u0103 \u0219i \u00een sentimente prin vibra\u021bia bl\u00e2nd\u0103 \u0219i pl\u0103cut\u0103 a Olivinei. Permite risipirea tensiunilor \u0219i spasmelor fiind astfel, mai u\u0219or s\u0103 exprim\u0103m sentimentele ap\u0103s\u0103toare \u0219i s\u0103 sc\u0103p\u0103m de ele. Stimuleaz\u0103 o planificare pozitiv\u0103 a vie\u021bii, care ne permite s\u0103 ne facem planuri pe termen lung.<\/p>\n<p><strong><em>Efectul Esen\u021bei la Nivel Mental: <\/em><\/strong>Aceast\u0103 esen\u021ba promoveaz\u0103 for\u021b\u0103 mental\u0103, sus\u021bine procesele de con\u0219tiin\u021b\u0103 \u0219i cre\u0219te capacitatea de vizualizare. De exemplu: schimb\u0103rile \u00een via\u021b\u0103 (Cum s\u0103 \u00eemi imaginez via\u021ba?) \u0219i obiectivele pot fi recunoscute \u0219i urm\u0103rite mai clar. Deoarece, esen\u021ba Olivinei spore\u0219te abilitatea de a ne asculta vocea interioar\u0103 \u0219i \u00eenv\u0103\u021b\u0103m s\u0103 recunoa\u0219tem intuitiv ce trebuie f\u0103cut la momentul potrivit.<\/p>\n<p><strong><em>Efectul Esen\u021bei la Nivel Spiritual: <\/em><\/strong>\u00cenv\u0103\u021b\u0103m, g\u0103sim acces la propria natur\u0103 \u0219i s\u0103 ne recunoa\u0219tem Sinele nostru Superior. \u00cen acest fel, esen\u021ba de Olivin\u0103 ne ajut\u0103 s\u0103 clarific\u0103m \u0219i s\u0103 stabiliz\u0103m st\u0103rile de confuzie spiritual\u0103 \u0219i lipsa de \u00eencredere. Promoveaz\u0103 clarviziunea, totodat\u0103, ne ajut\u0103 s\u0103 avem rela\u021bii \u00een\u021belepte.<\/p>\n<p><strong>Esen\u021ba de Orhidee Corespondent\u0103:<\/strong><\/p>\n<p>Orhideea Distrac\u021bie<\/p>\n<p><strong><em>Afirma\u021bia: <\/em><\/strong>M\u0103 simt mai u\u0219or\/u\u0219oar\u0103 \u0219i bucuria mea se extinde natural \u00een exterior<\/p>\n","protected":false},"excerpt":{"rendered":"<p>Olivina este un silicat de fier \u0219i magneziu, care formeaz\u0103 mici prisme de diamant \u0219i mai este cunoscut\u0103 sub numele de olivin\u0103 sau crisolit. Sf. Hildegard a apreciat aceast\u0103 gem\u0103, \u00een special, pentru poten\u021bialul s\u0103u de a da via\u021b\u0103, care ar trebui s\u0103 activeze etapele naturale de dezvoltare. Ea a recomandat Olivina \u00een cazul durerilor &hellip; <a href=\"https:\/\/esentevibrationale.com\/?product=olivine-olivina\" class=\"more-link\">Continu\u0103 lectura <span class=\"screen-reader-text\">Olivine \/ Olivin\u0103<\/span> <span class=\"meta-nav\">&rarr;<\/span><\/a><\/p>\n","protected":false},"featured_media":360,"template":"","meta":[],"product_brand":[],"product_cat":[18],"product_tag":[],"class_list":{"0":"post-359","1":"product","2":"type-product","3":"status-publish","4":"has-post-thumbnail","6":"product_cat-esente-de-geme","7":"pa_size-15ml","8":"pa_size-30ml","10":"first","11":"instock","12":"shipping-taxable","13":"purchasable","14":"product-type-variable","15":"has-default-attributes"},"_links":{"self":[{"href":"https:\/\/esentevibrationale.com\/index.php?rest_route=\/wp\/v2\/product\/359","targetHints":{"allow":["GET"]}}],"collection":[{"href":"https:\/\/esentevibrationale.com\/index.php?rest_route=\/wp\/v2\/product"}],"about":[{"href":"https:\/\/esentevibrationale.com\/index.php?rest_route=\/wp\/v2\/types\/product"}],"wp:featuredmedia":[{"embeddable":true,"href":"https:\/\/esentevibrationale.com\/index.php?rest_route=\/wp\/v2\/media\/360"}],"wp:attachment":[{"href":"https:\/\/esentevibrationale.com\/index.php?rest_route=%2Fwp%2Fv2%2Fmedia&parent=359"}],"wp:term":[{"taxonomy":"product_brand","embeddable":true,"href":"https:\/\/esentevibrationale.com\/index.php?rest_route=%2Fwp%2Fv2%2Fproduct_brand&post=359"},{"taxonomy":"product_cat","embeddable":true,"href":"https:\/\/esentevibrationale.com\/index.php?rest_route=%2Fwp%2Fv2%2Fproduct_cat&post=359"},{"taxonomy":"product_tag","embeddable":true,"href":"https:\/\/esentevibrationale.com\/index.php?rest_route=%2Fwp%2Fv2%2Fproduct_tag&post=359"}],"curies":[{"name":"wp","href":"https:\/\/api.w.org\/{rel}","templated":true}]}}