{"id":3592,"date":"2018-12-12T19:19:49","date_gmt":"2018-12-12T18:19:49","guid":{"rendered":"https:\/\/phiessences.com\/Romania\/?post_type=product&#038;p=3592"},"modified":"2026-01-02T16:51:02","modified_gmt":"2026-01-02T14:51:02","slug":"morpho-butterfly-fluturele-morpho-albastru-gigant","status":"publish","type":"product","link":"https:\/\/esentevibrationale.com\/?product=morpho-butterfly-fluturele-morpho-albastru-gigant","title":{"rendered":"Morpho Butterfly \/ Fluturele Morpho (Albastru Gigant)"},"content":{"rendered":"<p><strong>(Morpho peleides)<\/strong><\/p>\n<p>Fluturele Morpho este unul dintre cei mi frumo\u015fi fluturi din lume \u015fi reprezint\u0103 raza albastr\u0103. Fluturii se mi\u015fc\u0103 \u00een spirale \u015fi aduc energia cosmic\u0103 p\u0103m\u00e2ntului. Raza albastr\u0103 reprezint\u0103: protec\u0163ie, curaj, for\u0163\u0103 \u015fi informa\u0163ie cosmic\u0103.<\/p>\n<p>Fotografie: Dreamstime<\/p>\n","protected":false},"excerpt":{"rendered":"<p>(Morpho peleides) Fluturele Morpho este unul dintre cei mi frumo\u015fi fluturi din lume \u015fi reprezint\u0103 raza albastr\u0103. Fluturii se mi\u015fc\u0103 \u00een spirale \u015fi aduc energia cosmic\u0103 p\u0103m\u00e2ntului. Raza albastr\u0103 reprezint\u0103: protec\u0163ie, curaj, for\u0163\u0103 \u015fi informa\u0163ie cosmic\u0103. Fotografie: Dreamstime<\/p>\n","protected":false},"featured_media":3597,"template":"","meta":[],"product_brand":[],"product_cat":[63],"product_tag":[],"class_list":{"0":"post-3592","1":"product","2":"type-product","3":"status-publish","4":"has-post-thumbnail","6":"product_cat-esente-de-animale-4","7":"pa_size-15ml","8":"pa_size-30ml","10":"first","11":"instock","12":"shipping-taxable","13":"purchasable","14":"product-type-variable","15":"has-default-attributes"},"_links":{"self":[{"href":"https:\/\/esentevibrationale.com\/index.php?rest_route=\/wp\/v2\/product\/3592","targetHints":{"allow":["GET"]}}],"collection":[{"href":"https:\/\/esentevibrationale.com\/index.php?rest_route=\/wp\/v2\/product"}],"about":[{"href":"https:\/\/esentevibrationale.com\/index.php?rest_route=\/wp\/v2\/types\/product"}],"wp:featuredmedia":[{"embeddable":true,"href":"https:\/\/esentevibrationale.com\/index.php?rest_route=\/wp\/v2\/media\/3597"}],"wp:attachment":[{"href":"https:\/\/esentevibrationale.com\/index.php?rest_route=%2Fwp%2Fv2%2Fmedia&parent=3592"}],"wp:term":[{"taxonomy":"product_brand","embeddable":true,"href":"https:\/\/esentevibrationale.com\/index.php?rest_route=%2Fwp%2Fv2%2Fproduct_brand&post=3592"},{"taxonomy":"product_cat","embeddable":true,"href":"https:\/\/esentevibrationale.com\/index.php?rest_route=%2Fwp%2Fv2%2Fproduct_cat&post=3592"},{"taxonomy":"product_tag","embeddable":true,"href":"https:\/\/esentevibrationale.com\/index.php?rest_route=%2Fwp%2Fv2%2Fproduct_tag&post=3592"}],"curies":[{"name":"wp","href":"https:\/\/api.w.org\/{rel}","templated":true}]}}