{"id":3609,"date":"2018-12-14T11:47:06","date_gmt":"2018-12-14T10:47:06","guid":{"rendered":"https:\/\/phiessences.com\/Romania\/?post_type=product&#038;p=3609"},"modified":"2026-01-02T17:08:18","modified_gmt":"2026-01-02T15:08:18","slug":"anauel-angel","status":"publish","type":"product","link":"https:\/\/esentevibrationale.com\/?product=anauel-angel","title":{"rendered":"Anauel"},"content":{"rendered":"<p>Ne ajut\u0103 s\u0103 \u00een\u0163elegem \u00eensemn\u0103tatea lumii materiale \u015fi a banilor \u015fi\u00a0 aplicarea acestora\u00a0 \u00eentr-un mod corect.<\/p>\n","protected":false},"excerpt":{"rendered":"<p>Ne ajut\u0103 s\u0103 \u00een\u0163elegem \u00eensemn\u0103tatea lumii materiale \u015fi a banilor \u015fi\u00a0 aplicarea acestora\u00a0 \u00eentr-un mod corect.<\/p>\n","protected":false},"featured_media":3612,"template":"","meta":[],"product_brand":[],"product_cat":[65],"product_tag":[],"class_list":{"0":"post-3609","1":"product","2":"type-product","3":"status-publish","4":"has-post-thumbnail","6":"product_cat-esente-de-ngeri","7":"pa_size-15ml","8":"pa_size-30ml","10":"first","11":"instock","12":"shipping-taxable","13":"purchasable","14":"product-type-variable","15":"has-default-attributes"},"_links":{"self":[{"href":"https:\/\/esentevibrationale.com\/index.php?rest_route=\/wp\/v2\/product\/3609","targetHints":{"allow":["GET"]}}],"collection":[{"href":"https:\/\/esentevibrationale.com\/index.php?rest_route=\/wp\/v2\/product"}],"about":[{"href":"https:\/\/esentevibrationale.com\/index.php?rest_route=\/wp\/v2\/types\/product"}],"wp:featuredmedia":[{"embeddable":true,"href":"https:\/\/esentevibrationale.com\/index.php?rest_route=\/wp\/v2\/media\/3612"}],"wp:attachment":[{"href":"https:\/\/esentevibrationale.com\/index.php?rest_route=%2Fwp%2Fv2%2Fmedia&parent=3609"}],"wp:term":[{"taxonomy":"product_brand","embeddable":true,"href":"https:\/\/esentevibrationale.com\/index.php?rest_route=%2Fwp%2Fv2%2Fproduct_brand&post=3609"},{"taxonomy":"product_cat","embeddable":true,"href":"https:\/\/esentevibrationale.com\/index.php?rest_route=%2Fwp%2Fv2%2Fproduct_cat&post=3609"},{"taxonomy":"product_tag","embeddable":true,"href":"https:\/\/esentevibrationale.com\/index.php?rest_route=%2Fwp%2Fv2%2Fproduct_tag&post=3609"}],"curies":[{"name":"wp","href":"https:\/\/api.w.org\/{rel}","templated":true}]}}