{"id":3613,"date":"2018-12-14T12:01:34","date_gmt":"2018-12-14T11:01:34","guid":{"rendered":"https:\/\/phiessences.com\/Romania\/?post_type=product&#038;p=3613"},"modified":"2026-01-02T17:08:58","modified_gmt":"2026-01-02T15:08:58","slug":"ariel","status":"publish","type":"product","link":"https:\/\/esentevibrationale.com\/?product=ariel","title":{"rendered":"Ariel"},"content":{"rendered":"<p>Esen\u021ba are un efect de calmare. Ne ajut\u0103 s\u0103 dezvolt\u0103m \u00eencredere \u015fi certitudine \u00een vocea noastr\u0103 interioar\u0103 \u015fi \u00een intui\u0163a noastr\u0103.<\/p>\n","protected":false},"excerpt":{"rendered":"<p>Esen\u021ba are un efect de calmare. Ne ajut\u0103 s\u0103 dezvolt\u0103m \u00eencredere \u015fi certitudine \u00een vocea noastr\u0103 interioar\u0103 \u015fi \u00een intui\u0163a noastr\u0103.<\/p>\n","protected":false},"featured_media":3614,"template":"","meta":[],"product_brand":[],"product_cat":[65],"product_tag":[],"class_list":{"0":"post-3613","1":"product","2":"type-product","3":"status-publish","4":"has-post-thumbnail","6":"product_cat-esente-de-ngeri","7":"pa_size-15ml","8":"pa_size-30ml","10":"first","11":"instock","12":"shipping-taxable","13":"purchasable","14":"product-type-variable","15":"has-default-attributes"},"_links":{"self":[{"href":"https:\/\/esentevibrationale.com\/index.php?rest_route=\/wp\/v2\/product\/3613","targetHints":{"allow":["GET"]}}],"collection":[{"href":"https:\/\/esentevibrationale.com\/index.php?rest_route=\/wp\/v2\/product"}],"about":[{"href":"https:\/\/esentevibrationale.com\/index.php?rest_route=\/wp\/v2\/types\/product"}],"wp:featuredmedia":[{"embeddable":true,"href":"https:\/\/esentevibrationale.com\/index.php?rest_route=\/wp\/v2\/media\/3614"}],"wp:attachment":[{"href":"https:\/\/esentevibrationale.com\/index.php?rest_route=%2Fwp%2Fv2%2Fmedia&parent=3613"}],"wp:term":[{"taxonomy":"product_brand","embeddable":true,"href":"https:\/\/esentevibrationale.com\/index.php?rest_route=%2Fwp%2Fv2%2Fproduct_brand&post=3613"},{"taxonomy":"product_cat","embeddable":true,"href":"https:\/\/esentevibrationale.com\/index.php?rest_route=%2Fwp%2Fv2%2Fproduct_cat&post=3613"},{"taxonomy":"product_tag","embeddable":true,"href":"https:\/\/esentevibrationale.com\/index.php?rest_route=%2Fwp%2Fv2%2Fproduct_tag&post=3613"}],"curies":[{"name":"wp","href":"https:\/\/api.w.org\/{rel}","templated":true}]}}