{"id":3617,"date":"2018-12-14T12:04:48","date_gmt":"2018-12-14T11:04:48","guid":{"rendered":"https:\/\/phiessences.com\/Romania\/?post_type=product&#038;p=3617"},"modified":"2026-01-02T17:09:36","modified_gmt":"2026-01-02T15:09:36","slug":"asaliah","status":"publish","type":"product","link":"https:\/\/esentevibrationale.com\/?product=asaliah","title":{"rendered":"Asaliah"},"content":{"rendered":"<p>Esen\u021ba ne ajut\u0103 s\u0103 dezvolt\u0103m toleran\u0163a \u015fi compasiunea, astfel \u00eenc\u00e2t vom accepta mai u\u015for adev\u0103rul personal al altor persoane.<\/p>\n","protected":false},"excerpt":{"rendered":"<p>Esen\u021ba ne ajut\u0103 s\u0103 dezvolt\u0103m toleran\u0163a \u015fi compasiunea, astfel \u00eenc\u00e2t vom accepta mai u\u015for adev\u0103rul personal al altor persoane.<\/p>\n","protected":false},"featured_media":3618,"template":"","meta":[],"product_brand":[],"product_cat":[65],"product_tag":[],"class_list":{"0":"post-3617","1":"product","2":"type-product","3":"status-publish","4":"has-post-thumbnail","6":"product_cat-esente-de-ngeri","7":"pa_size-15ml","8":"pa_size-30ml","10":"first","11":"instock","12":"shipping-taxable","13":"purchasable","14":"product-type-variable","15":"has-default-attributes"},"_links":{"self":[{"href":"https:\/\/esentevibrationale.com\/index.php?rest_route=\/wp\/v2\/product\/3617","targetHints":{"allow":["GET"]}}],"collection":[{"href":"https:\/\/esentevibrationale.com\/index.php?rest_route=\/wp\/v2\/product"}],"about":[{"href":"https:\/\/esentevibrationale.com\/index.php?rest_route=\/wp\/v2\/types\/product"}],"wp:featuredmedia":[{"embeddable":true,"href":"https:\/\/esentevibrationale.com\/index.php?rest_route=\/wp\/v2\/media\/3618"}],"wp:attachment":[{"href":"https:\/\/esentevibrationale.com\/index.php?rest_route=%2Fwp%2Fv2%2Fmedia&parent=3617"}],"wp:term":[{"taxonomy":"product_brand","embeddable":true,"href":"https:\/\/esentevibrationale.com\/index.php?rest_route=%2Fwp%2Fv2%2Fproduct_brand&post=3617"},{"taxonomy":"product_cat","embeddable":true,"href":"https:\/\/esentevibrationale.com\/index.php?rest_route=%2Fwp%2Fv2%2Fproduct_cat&post=3617"},{"taxonomy":"product_tag","embeddable":true,"href":"https:\/\/esentevibrationale.com\/index.php?rest_route=%2Fwp%2Fv2%2Fproduct_tag&post=3617"}],"curies":[{"name":"wp","href":"https:\/\/api.w.org\/{rel}","templated":true}]}}