{"id":3621,"date":"2018-12-14T16:23:20","date_gmt":"2018-12-14T15:23:20","guid":{"rendered":"https:\/\/phiessences.com\/Romania\/?post_type=product&#038;p=3621"},"modified":"2026-01-02T17:10:20","modified_gmt":"2026-01-02T15:10:20","slug":"ayael","status":"publish","type":"product","link":"https:\/\/esentevibrationale.com\/?product=ayael","title":{"rendered":"Ayael"},"content":{"rendered":"<p>Esen\u021ba ne ajut\u0103 s\u0103 \u00een\u0163elegem mai bine adev\u0103rul cosmic \u015fi legile divine. De asemenea, ne poate sprijinii s\u0103 sc\u0103p\u0103m de balast \u015fi s\u0103 devenim mai liberi l\u0103untric.<\/p>\n","protected":false},"excerpt":{"rendered":"<p>Esen\u021ba ne ajut\u0103 s\u0103 \u00een\u0163elegem mai bine adev\u0103rul cosmic \u015fi legile divine. De asemenea, ne poate sprijinii s\u0103 sc\u0103p\u0103m de balast \u015fi s\u0103 devenim mai liberi l\u0103untric.<\/p>\n","protected":false},"featured_media":3625,"template":"","meta":[],"product_brand":[],"product_cat":[65],"product_tag":[],"class_list":{"0":"post-3621","1":"product","2":"type-product","3":"status-publish","4":"has-post-thumbnail","6":"product_cat-esente-de-ngeri","7":"pa_size-15ml","8":"pa_size-30ml","10":"first","11":"instock","12":"shipping-taxable","13":"purchasable","14":"product-type-variable","15":"has-default-attributes"},"_links":{"self":[{"href":"https:\/\/esentevibrationale.com\/index.php?rest_route=\/wp\/v2\/product\/3621","targetHints":{"allow":["GET"]}}],"collection":[{"href":"https:\/\/esentevibrationale.com\/index.php?rest_route=\/wp\/v2\/product"}],"about":[{"href":"https:\/\/esentevibrationale.com\/index.php?rest_route=\/wp\/v2\/types\/product"}],"wp:featuredmedia":[{"embeddable":true,"href":"https:\/\/esentevibrationale.com\/index.php?rest_route=\/wp\/v2\/media\/3625"}],"wp:attachment":[{"href":"https:\/\/esentevibrationale.com\/index.php?rest_route=%2Fwp%2Fv2%2Fmedia&parent=3621"}],"wp:term":[{"taxonomy":"product_brand","embeddable":true,"href":"https:\/\/esentevibrationale.com\/index.php?rest_route=%2Fwp%2Fv2%2Fproduct_brand&post=3621"},{"taxonomy":"product_cat","embeddable":true,"href":"https:\/\/esentevibrationale.com\/index.php?rest_route=%2Fwp%2Fv2%2Fproduct_cat&post=3621"},{"taxonomy":"product_tag","embeddable":true,"href":"https:\/\/esentevibrationale.com\/index.php?rest_route=%2Fwp%2Fv2%2Fproduct_tag&post=3621"}],"curies":[{"name":"wp","href":"https:\/\/api.w.org\/{rel}","templated":true}]}}