{"id":3626,"date":"2018-12-14T16:28:37","date_gmt":"2018-12-14T15:28:37","guid":{"rendered":"https:\/\/phiessences.com\/Romania\/?post_type=product&#038;p=3626"},"modified":"2026-01-02T17:11:24","modified_gmt":"2026-01-02T15:11:24","slug":"damabiah","status":"publish","type":"product","link":"https:\/\/esentevibrationale.com\/?product=damabiah","title":{"rendered":"Damabiah"},"content":{"rendered":"<p>Esen\u021ba ne d\u0103 vitalitate \u015fi curaj. Ne ajut\u0103 \u00een situa\u0163iile dificile \u015fi \u00een timpul c\u0103l\u0103toriei.<\/p>\n","protected":false},"excerpt":{"rendered":"<p>Esen\u021ba ne d\u0103 vitalitate \u015fi curaj. Ne ajut\u0103 \u00een situa\u0163iile dificile \u015fi \u00een timpul c\u0103l\u0103toriei.<\/p>\n","protected":false},"featured_media":3627,"template":"","meta":[],"product_brand":[],"product_cat":[65],"product_tag":[],"class_list":{"0":"post-3626","1":"product","2":"type-product","3":"status-publish","4":"has-post-thumbnail","6":"product_cat-esente-de-ngeri","7":"pa_size-15ml","8":"pa_size-30ml","10":"first","11":"instock","12":"shipping-taxable","13":"purchasable","14":"product-type-variable","15":"has-default-attributes"},"_links":{"self":[{"href":"https:\/\/esentevibrationale.com\/index.php?rest_route=\/wp\/v2\/product\/3626","targetHints":{"allow":["GET"]}}],"collection":[{"href":"https:\/\/esentevibrationale.com\/index.php?rest_route=\/wp\/v2\/product"}],"about":[{"href":"https:\/\/esentevibrationale.com\/index.php?rest_route=\/wp\/v2\/types\/product"}],"wp:featuredmedia":[{"embeddable":true,"href":"https:\/\/esentevibrationale.com\/index.php?rest_route=\/wp\/v2\/media\/3627"}],"wp:attachment":[{"href":"https:\/\/esentevibrationale.com\/index.php?rest_route=%2Fwp%2Fv2%2Fmedia&parent=3626"}],"wp:term":[{"taxonomy":"product_brand","embeddable":true,"href":"https:\/\/esentevibrationale.com\/index.php?rest_route=%2Fwp%2Fv2%2Fproduct_brand&post=3626"},{"taxonomy":"product_cat","embeddable":true,"href":"https:\/\/esentevibrationale.com\/index.php?rest_route=%2Fwp%2Fv2%2Fproduct_cat&post=3626"},{"taxonomy":"product_tag","embeddable":true,"href":"https:\/\/esentevibrationale.com\/index.php?rest_route=%2Fwp%2Fv2%2Fproduct_tag&post=3626"}],"curies":[{"name":"wp","href":"https:\/\/api.w.org\/{rel}","templated":true}]}}