{"id":3630,"date":"2018-12-14T16:32:29","date_gmt":"2018-12-14T15:32:29","guid":{"rendered":"https:\/\/phiessences.com\/Romania\/?post_type=product&#038;p=3630"},"modified":"2026-01-02T17:12:14","modified_gmt":"2026-01-02T15:12:14","slug":"daniel","status":"publish","type":"product","link":"https:\/\/esentevibrationale.com\/?product=daniel","title":{"rendered":"Daniel"},"content":{"rendered":"<p>Esen\u021ba ne ajut\u0103 sa \u00een\u0163elegem, faptul c\u0103 \u00een spatele fiec\u0103rei lucru \u00eentotdeauna exist\u0103 un sens suprem. Totul corespunde voin\u0163ei divine. Esen\u0163a ne d\u0103 energie \u015fi vitalitate.<\/p>\n","protected":false},"excerpt":{"rendered":"<p>Esen\u021ba ne ajut\u0103 sa \u00een\u0163elegem, faptul c\u0103 \u00een spatele fiec\u0103rei lucru \u00eentotdeauna exist\u0103 un sens suprem. Totul corespunde voin\u0163ei divine. Esen\u0163a ne d\u0103 energie \u015fi vitalitate.<\/p>\n","protected":false},"featured_media":3634,"template":"","meta":[],"product_brand":[],"product_cat":[65],"product_tag":[],"class_list":{"0":"post-3630","1":"product","2":"type-product","3":"status-publish","4":"has-post-thumbnail","6":"product_cat-esente-de-ngeri","7":"pa_size-15ml","8":"pa_size-30ml","10":"first","11":"instock","12":"shipping-taxable","13":"purchasable","14":"product-type-variable","15":"has-default-attributes"},"_links":{"self":[{"href":"https:\/\/esentevibrationale.com\/index.php?rest_route=\/wp\/v2\/product\/3630","targetHints":{"allow":["GET"]}}],"collection":[{"href":"https:\/\/esentevibrationale.com\/index.php?rest_route=\/wp\/v2\/product"}],"about":[{"href":"https:\/\/esentevibrationale.com\/index.php?rest_route=\/wp\/v2\/types\/product"}],"wp:featuredmedia":[{"embeddable":true,"href":"https:\/\/esentevibrationale.com\/index.php?rest_route=\/wp\/v2\/media\/3634"}],"wp:attachment":[{"href":"https:\/\/esentevibrationale.com\/index.php?rest_route=%2Fwp%2Fv2%2Fmedia&parent=3630"}],"wp:term":[{"taxonomy":"product_brand","embeddable":true,"href":"https:\/\/esentevibrationale.com\/index.php?rest_route=%2Fwp%2Fv2%2Fproduct_brand&post=3630"},{"taxonomy":"product_cat","embeddable":true,"href":"https:\/\/esentevibrationale.com\/index.php?rest_route=%2Fwp%2Fv2%2Fproduct_cat&post=3630"},{"taxonomy":"product_tag","embeddable":true,"href":"https:\/\/esentevibrationale.com\/index.php?rest_route=%2Fwp%2Fv2%2Fproduct_tag&post=3630"}],"curies":[{"name":"wp","href":"https:\/\/api.w.org\/{rel}","templated":true}]}}