{"id":3643,"date":"2018-12-14T16:48:11","date_gmt":"2018-12-14T15:48:11","guid":{"rendered":"https:\/\/phiessences.com\/Romania\/?post_type=product&#038;p=3643"},"modified":"2026-01-02T17:17:32","modified_gmt":"2026-01-02T15:17:32","slug":"habuhiah","status":"publish","type":"product","link":"https:\/\/esentevibrationale.com\/?product=habuhiah","title":{"rendered":"Habuhiah"},"content":{"rendered":"<p>Esen\u021be ne sprijin\u0103 din punct de vedere energetic, sus\u0163ine Chakra g\u00e2tului \u015fi regiunea gurii \u015fi ne cur\u0103\u0163\u0103 \u00a0energetic \u015fi sprijin\u0103 s\u0103n\u0103tatea noastr\u0103. De asemenea, esen\u0163a este potrivit\u0103 pentru animale.<\/p>\n","protected":false},"excerpt":{"rendered":"<p>Esen\u021be ne sprijin\u0103 din punct de vedere energetic, sus\u0163ine Chakra g\u00e2tului \u015fi regiunea gurii \u015fi ne cur\u0103\u0163\u0103 \u00a0energetic \u015fi sprijin\u0103 s\u0103n\u0103tatea noastr\u0103. De asemenea, esen\u0163a este potrivit\u0103 pentru animale.<\/p>\n","protected":false},"featured_media":3644,"template":"","meta":[],"product_brand":[],"product_cat":[65],"product_tag":[],"class_list":{"0":"post-3643","1":"product","2":"type-product","3":"status-publish","4":"has-post-thumbnail","6":"product_cat-esente-de-ngeri","7":"pa_size-15ml","8":"pa_size-30ml","10":"first","11":"instock","12":"shipping-taxable","13":"purchasable","14":"product-type-variable","15":"has-default-attributes"},"_links":{"self":[{"href":"https:\/\/esentevibrationale.com\/index.php?rest_route=\/wp\/v2\/product\/3643","targetHints":{"allow":["GET"]}}],"collection":[{"href":"https:\/\/esentevibrationale.com\/index.php?rest_route=\/wp\/v2\/product"}],"about":[{"href":"https:\/\/esentevibrationale.com\/index.php?rest_route=\/wp\/v2\/types\/product"}],"wp:featuredmedia":[{"embeddable":true,"href":"https:\/\/esentevibrationale.com\/index.php?rest_route=\/wp\/v2\/media\/3644"}],"wp:attachment":[{"href":"https:\/\/esentevibrationale.com\/index.php?rest_route=%2Fwp%2Fv2%2Fmedia&parent=3643"}],"wp:term":[{"taxonomy":"product_brand","embeddable":true,"href":"https:\/\/esentevibrationale.com\/index.php?rest_route=%2Fwp%2Fv2%2Fproduct_brand&post=3643"},{"taxonomy":"product_cat","embeddable":true,"href":"https:\/\/esentevibrationale.com\/index.php?rest_route=%2Fwp%2Fv2%2Fproduct_cat&post=3643"},{"taxonomy":"product_tag","embeddable":true,"href":"https:\/\/esentevibrationale.com\/index.php?rest_route=%2Fwp%2Fv2%2Fproduct_tag&post=3643"}],"curies":[{"name":"wp","href":"https:\/\/api.w.org\/{rel}","templated":true}]}}