{"id":3651,"date":"2018-12-14T17:04:21","date_gmt":"2018-12-14T16:04:21","guid":{"rendered":"https:\/\/phiessences.com\/Romania\/?post_type=product&#038;p=3651"},"modified":"2026-01-02T17:21:27","modified_gmt":"2026-01-02T15:21:27","slug":"jehiel","status":"publish","type":"product","link":"https:\/\/esentevibrationale.com\/?product=jehiel","title":{"rendered":"Jehiel"},"content":{"rendered":"<p><span class=\"Y2IQFc\" lang=\"ro\">\u00ce\u021bi dau dragoste, speran\u021b\u0103 \u0219i m\u00e2ng\u00e2iere. Unde nu pot fi g\u0103site cuvinte. Energia iubit\u0103 este activat\u0103. Potirul a fost umplut cu apa iubirii combinat\u0103 cu energia iubirii divine.<\/span><\/p>\n","protected":false},"excerpt":{"rendered":"<p>\u00ce\u021bi dau dragoste, speran\u021b\u0103 \u0219i m\u00e2ng\u00e2iere. Unde nu pot fi g\u0103site cuvinte. Energia iubit\u0103 este activat\u0103. Potirul a fost umplut cu apa iubirii combinat\u0103 cu energia iubirii divine.<\/p>\n","protected":false},"featured_media":3654,"template":"","meta":[],"product_brand":[],"product_cat":[65],"product_tag":[],"class_list":{"0":"post-3651","1":"product","2":"type-product","3":"status-publish","4":"has-post-thumbnail","6":"product_cat-esente-de-ngeri","7":"pa_size-15ml","8":"pa_size-30ml","10":"first","11":"instock","12":"shipping-taxable","13":"purchasable","14":"product-type-variable","15":"has-default-attributes"},"_links":{"self":[{"href":"https:\/\/esentevibrationale.com\/index.php?rest_route=\/wp\/v2\/product\/3651","targetHints":{"allow":["GET"]}}],"collection":[{"href":"https:\/\/esentevibrationale.com\/index.php?rest_route=\/wp\/v2\/product"}],"about":[{"href":"https:\/\/esentevibrationale.com\/index.php?rest_route=\/wp\/v2\/types\/product"}],"wp:featuredmedia":[{"embeddable":true,"href":"https:\/\/esentevibrationale.com\/index.php?rest_route=\/wp\/v2\/media\/3654"}],"wp:attachment":[{"href":"https:\/\/esentevibrationale.com\/index.php?rest_route=%2Fwp%2Fv2%2Fmedia&parent=3651"}],"wp:term":[{"taxonomy":"product_brand","embeddable":true,"href":"https:\/\/esentevibrationale.com\/index.php?rest_route=%2Fwp%2Fv2%2Fproduct_brand&post=3651"},{"taxonomy":"product_cat","embeddable":true,"href":"https:\/\/esentevibrationale.com\/index.php?rest_route=%2Fwp%2Fv2%2Fproduct_cat&post=3651"},{"taxonomy":"product_tag","embeddable":true,"href":"https:\/\/esentevibrationale.com\/index.php?rest_route=%2Fwp%2Fv2%2Fproduct_tag&post=3651"}],"curies":[{"name":"wp","href":"https:\/\/api.w.org\/{rel}","templated":true}]}}