{"id":3655,"date":"2018-12-14T17:10:42","date_gmt":"2018-12-14T16:10:42","guid":{"rendered":"https:\/\/phiessences.com\/Romania\/?post_type=product&#038;p=3655"},"modified":"2026-01-02T17:26:28","modified_gmt":"2026-01-02T15:26:28","slug":"lehahel","status":"publish","type":"product","link":"https:\/\/esentevibrationale.com\/?product=lehahel","title":{"rendered":"Lehahel"},"content":{"rendered":"<p>Esen\u021ba ne ajut\u0103 s\u0103 dob\u00e2ndim cunoa\u015ftere \u015fi vindecare din punct de vedere energetic. Puterea sa influen\u0163eaz\u0103 iubirea, faima, \u015ftiin\u0163a, arta, <span class=\"Y2IQFc\" lang=\"ro\">\u0219tiin\u021ba<\/span> \u015fi <span class=\"Y2IQFc\" lang=\"ro\">bog\u0103\u021bia<\/span>.<\/p>\n","protected":false},"excerpt":{"rendered":"<p>Esen\u021ba ne ajut\u0103 s\u0103 dob\u00e2ndim cunoa\u015ftere \u015fi vindecare din punct de vedere energetic. Puterea sa influen\u0163eaz\u0103 iubirea, faima, \u015ftiin\u0163a, arta, \u0219tiin\u021ba \u015fi bog\u0103\u021bia.<\/p>\n","protected":false},"featured_media":3657,"template":"","meta":[],"product_brand":[],"product_cat":[65],"product_tag":[],"class_list":{"0":"post-3655","1":"product","2":"type-product","3":"status-publish","4":"has-post-thumbnail","6":"product_cat-esente-de-ngeri","7":"pa_size-15ml","8":"pa_size-30ml","10":"first","11":"instock","12":"shipping-taxable","13":"purchasable","14":"product-type-variable","15":"has-default-attributes"},"_links":{"self":[{"href":"https:\/\/esentevibrationale.com\/index.php?rest_route=\/wp\/v2\/product\/3655","targetHints":{"allow":["GET"]}}],"collection":[{"href":"https:\/\/esentevibrationale.com\/index.php?rest_route=\/wp\/v2\/product"}],"about":[{"href":"https:\/\/esentevibrationale.com\/index.php?rest_route=\/wp\/v2\/types\/product"}],"wp:featuredmedia":[{"embeddable":true,"href":"https:\/\/esentevibrationale.com\/index.php?rest_route=\/wp\/v2\/media\/3657"}],"wp:attachment":[{"href":"https:\/\/esentevibrationale.com\/index.php?rest_route=%2Fwp%2Fv2%2Fmedia&parent=3655"}],"wp:term":[{"taxonomy":"product_brand","embeddable":true,"href":"https:\/\/esentevibrationale.com\/index.php?rest_route=%2Fwp%2Fv2%2Fproduct_brand&post=3655"},{"taxonomy":"product_cat","embeddable":true,"href":"https:\/\/esentevibrationale.com\/index.php?rest_route=%2Fwp%2Fv2%2Fproduct_cat&post=3655"},{"taxonomy":"product_tag","embeddable":true,"href":"https:\/\/esentevibrationale.com\/index.php?rest_route=%2Fwp%2Fv2%2Fproduct_tag&post=3655"}],"curies":[{"name":"wp","href":"https:\/\/api.w.org\/{rel}","templated":true}]}}