{"id":3663,"date":"2018-12-14T17:31:59","date_gmt":"2018-12-14T16:31:59","guid":{"rendered":"https:\/\/phiessences.com\/Romania\/?post_type=product&#038;p=3663"},"modified":"2026-01-02T17:28:44","modified_gmt":"2026-01-02T15:28:44","slug":"manakel","status":"publish","type":"product","link":"https:\/\/esentevibrationale.com\/?product=manakel","title":{"rendered":"Manakel"},"content":{"rendered":"<p>Esen\u021be \u00eenv\u0103t\u0103m s\u0103 \u00eentelegem, cum noi ne cre\u0103m realitatea noastr\u0103 prin g\u00e2ndurile noastre. Ne ajut\u0103 s\u0103 ne purific\u0103m g\u00e2ndurile \u015fi s\u0103 tr\u0103im \u00een mod con\u015ftient.<\/p>\n","protected":false},"excerpt":{"rendered":"<p>Esen\u021be \u00eenv\u0103t\u0103m s\u0103 \u00eentelegem, cum noi ne cre\u0103m realitatea noastr\u0103 prin g\u00e2ndurile noastre. Ne ajut\u0103 s\u0103 ne purific\u0103m g\u00e2ndurile \u015fi s\u0103 tr\u0103im \u00een mod con\u015ftient.<\/p>\n","protected":false},"featured_media":3666,"template":"","meta":[],"product_brand":[],"product_cat":[65],"product_tag":[],"class_list":{"0":"post-3663","1":"product","2":"type-product","3":"status-publish","4":"has-post-thumbnail","6":"product_cat-esente-de-ngeri","7":"pa_size-15ml","8":"pa_size-30ml","10":"first","11":"instock","12":"shipping-taxable","13":"purchasable","14":"product-type-variable","15":"has-default-attributes"},"_links":{"self":[{"href":"https:\/\/esentevibrationale.com\/index.php?rest_route=\/wp\/v2\/product\/3663","targetHints":{"allow":["GET"]}}],"collection":[{"href":"https:\/\/esentevibrationale.com\/index.php?rest_route=\/wp\/v2\/product"}],"about":[{"href":"https:\/\/esentevibrationale.com\/index.php?rest_route=\/wp\/v2\/types\/product"}],"wp:featuredmedia":[{"embeddable":true,"href":"https:\/\/esentevibrationale.com\/index.php?rest_route=\/wp\/v2\/media\/3666"}],"wp:attachment":[{"href":"https:\/\/esentevibrationale.com\/index.php?rest_route=%2Fwp%2Fv2%2Fmedia&parent=3663"}],"wp:term":[{"taxonomy":"product_brand","embeddable":true,"href":"https:\/\/esentevibrationale.com\/index.php?rest_route=%2Fwp%2Fv2%2Fproduct_brand&post=3663"},{"taxonomy":"product_cat","embeddable":true,"href":"https:\/\/esentevibrationale.com\/index.php?rest_route=%2Fwp%2Fv2%2Fproduct_cat&post=3663"},{"taxonomy":"product_tag","embeddable":true,"href":"https:\/\/esentevibrationale.com\/index.php?rest_route=%2Fwp%2Fv2%2Fproduct_tag&post=3663"}],"curies":[{"name":"wp","href":"https:\/\/api.w.org\/{rel}","templated":true}]}}