{"id":3667,"date":"2018-12-14T19:00:42","date_gmt":"2018-12-14T18:00:42","guid":{"rendered":"https:\/\/phiessences.com\/Romania\/?post_type=product&#038;p=3667"},"modified":"2026-01-02T17:27:58","modified_gmt":"2026-01-02T15:27:58","slug":"mehiel","status":"publish","type":"product","link":"https:\/\/esentevibrationale.com\/?product=mehiel","title":{"rendered":"Mehiel"},"content":{"rendered":"<p>Esen\u021ba ne ajut\u0103 s\u0103 g\u0103sim cuvintele potrivite la momentul potrivit \u015fi s\u0103 \u00een\u0163elegem puterea rug\u0103ciunii.<\/p>\n","protected":false},"excerpt":{"rendered":"<p>Esen\u021ba ne ajut\u0103 s\u0103 g\u0103sim cuvintele potrivite la momentul potrivit \u015fi s\u0103 \u00een\u0163elegem puterea rug\u0103ciunii.<\/p>\n","protected":false},"featured_media":3670,"template":"","meta":[],"product_brand":[],"product_cat":[65],"product_tag":[],"class_list":{"0":"post-3667","1":"product","2":"type-product","3":"status-publish","4":"has-post-thumbnail","6":"product_cat-esente-de-ngeri","7":"pa_size-15ml","8":"pa_size-30ml","10":"first","11":"instock","12":"shipping-taxable","13":"purchasable","14":"product-type-variable","15":"has-default-attributes"},"_links":{"self":[{"href":"https:\/\/esentevibrationale.com\/index.php?rest_route=\/wp\/v2\/product\/3667","targetHints":{"allow":["GET"]}}],"collection":[{"href":"https:\/\/esentevibrationale.com\/index.php?rest_route=\/wp\/v2\/product"}],"about":[{"href":"https:\/\/esentevibrationale.com\/index.php?rest_route=\/wp\/v2\/types\/product"}],"wp:featuredmedia":[{"embeddable":true,"href":"https:\/\/esentevibrationale.com\/index.php?rest_route=\/wp\/v2\/media\/3670"}],"wp:attachment":[{"href":"https:\/\/esentevibrationale.com\/index.php?rest_route=%2Fwp%2Fv2%2Fmedia&parent=3667"}],"wp:term":[{"taxonomy":"product_brand","embeddable":true,"href":"https:\/\/esentevibrationale.com\/index.php?rest_route=%2Fwp%2Fv2%2Fproduct_brand&post=3667"},{"taxonomy":"product_cat","embeddable":true,"href":"https:\/\/esentevibrationale.com\/index.php?rest_route=%2Fwp%2Fv2%2Fproduct_cat&post=3667"},{"taxonomy":"product_tag","embeddable":true,"href":"https:\/\/esentevibrationale.com\/index.php?rest_route=%2Fwp%2Fv2%2Fproduct_tag&post=3667"}],"curies":[{"name":"wp","href":"https:\/\/api.w.org\/{rel}","templated":true}]}}