{"id":3687,"date":"2018-12-14T19:24:38","date_gmt":"2018-12-14T18:24:38","guid":{"rendered":"https:\/\/phiessences.com\/Romania\/?post_type=product&#038;p=3687"},"modified":"2026-01-02T17:25:30","modified_gmt":"2026-01-02T15:25:30","slug":"vehuel","status":"publish","type":"product","link":"https:\/\/esentevibrationale.com\/?product=vehuel","title":{"rendered":"Vehuel"},"content":{"rendered":"<p>Esen\u021ba ne ajut\u0103 la alinarea \u015fi transformarea informa\u0163iei durerii vechi.<\/p>\n","protected":false},"excerpt":{"rendered":"<p>Esen\u021ba ne ajut\u0103 la alinarea \u015fi transformarea informa\u0163iei durerii vechi.<\/p>\n","protected":false},"featured_media":3690,"template":"","meta":[],"product_brand":[],"product_cat":[65],"product_tag":[],"class_list":{"0":"post-3687","1":"product","2":"type-product","3":"status-publish","4":"has-post-thumbnail","6":"product_cat-esente-de-ngeri","7":"pa_size-15ml","8":"pa_size-30ml","10":"first","11":"instock","12":"shipping-taxable","13":"purchasable","14":"product-type-variable","15":"has-default-attributes"},"_links":{"self":[{"href":"https:\/\/esentevibrationale.com\/index.php?rest_route=\/wp\/v2\/product\/3687","targetHints":{"allow":["GET"]}}],"collection":[{"href":"https:\/\/esentevibrationale.com\/index.php?rest_route=\/wp\/v2\/product"}],"about":[{"href":"https:\/\/esentevibrationale.com\/index.php?rest_route=\/wp\/v2\/types\/product"}],"wp:featuredmedia":[{"embeddable":true,"href":"https:\/\/esentevibrationale.com\/index.php?rest_route=\/wp\/v2\/media\/3690"}],"wp:attachment":[{"href":"https:\/\/esentevibrationale.com\/index.php?rest_route=%2Fwp%2Fv2%2Fmedia&parent=3687"}],"wp:term":[{"taxonomy":"product_brand","embeddable":true,"href":"https:\/\/esentevibrationale.com\/index.php?rest_route=%2Fwp%2Fv2%2Fproduct_brand&post=3687"},{"taxonomy":"product_cat","embeddable":true,"href":"https:\/\/esentevibrationale.com\/index.php?rest_route=%2Fwp%2Fv2%2Fproduct_cat&post=3687"},{"taxonomy":"product_tag","embeddable":true,"href":"https:\/\/esentevibrationale.com\/index.php?rest_route=%2Fwp%2Fv2%2Fproduct_tag&post=3687"}],"curies":[{"name":"wp","href":"https:\/\/api.w.org\/{rel}","templated":true}]}}