{"id":3691,"date":"2018-12-14T19:28:44","date_gmt":"2018-12-14T18:28:44","guid":{"rendered":"https:\/\/phiessences.com\/Romania\/?post_type=product&#038;p=3691"},"modified":"2026-01-02T17:24:20","modified_gmt":"2026-01-02T15:24:20","slug":"vehuiah","status":"publish","type":"product","link":"https:\/\/esentevibrationale.com\/?product=vehuiah","title":{"rendered":"Vehuiah"},"content":{"rendered":"<p>Esen\u021ba este pentru echilibru interior. Ne ajut\u0103 s\u0103 ne dezvolt\u0103m mai mult \u00eencrederea noastr\u0103 \u015fi poten\u0163ialul nostru.<\/p>\n","protected":false},"excerpt":{"rendered":"<p>Esen\u021ba este pentru echilibru interior. Ne ajut\u0103 s\u0103 ne dezvolt\u0103m mai mult \u00eencrederea noastr\u0103 \u015fi poten\u0163ialul nostru.<\/p>\n","protected":false},"featured_media":3694,"template":"","meta":[],"product_brand":[],"product_cat":[65],"product_tag":[],"class_list":{"0":"post-3691","1":"product","2":"type-product","3":"status-publish","4":"has-post-thumbnail","6":"product_cat-esente-de-ngeri","7":"pa_size-15ml","8":"pa_size-30ml","10":"first","11":"instock","12":"shipping-taxable","13":"purchasable","14":"product-type-variable","15":"has-default-attributes"},"_links":{"self":[{"href":"https:\/\/esentevibrationale.com\/index.php?rest_route=\/wp\/v2\/product\/3691","targetHints":{"allow":["GET"]}}],"collection":[{"href":"https:\/\/esentevibrationale.com\/index.php?rest_route=\/wp\/v2\/product"}],"about":[{"href":"https:\/\/esentevibrationale.com\/index.php?rest_route=\/wp\/v2\/types\/product"}],"wp:featuredmedia":[{"embeddable":true,"href":"https:\/\/esentevibrationale.com\/index.php?rest_route=\/wp\/v2\/media\/3694"}],"wp:attachment":[{"href":"https:\/\/esentevibrationale.com\/index.php?rest_route=%2Fwp%2Fv2%2Fmedia&parent=3691"}],"wp:term":[{"taxonomy":"product_brand","embeddable":true,"href":"https:\/\/esentevibrationale.com\/index.php?rest_route=%2Fwp%2Fv2%2Fproduct_brand&post=3691"},{"taxonomy":"product_cat","embeddable":true,"href":"https:\/\/esentevibrationale.com\/index.php?rest_route=%2Fwp%2Fv2%2Fproduct_cat&post=3691"},{"taxonomy":"product_tag","embeddable":true,"href":"https:\/\/esentevibrationale.com\/index.php?rest_route=%2Fwp%2Fv2%2Fproduct_tag&post=3691"}],"curies":[{"name":"wp","href":"https:\/\/api.w.org\/{rel}","templated":true}]}}