{"id":3695,"date":"2018-12-14T19:32:17","date_gmt":"2018-12-14T18:32:17","guid":{"rendered":"https:\/\/phiessences.com\/Romania\/?post_type=product&#038;p=3695"},"modified":"2026-01-02T17:23:19","modified_gmt":"2026-01-02T15:23:19","slug":"yeiazel","status":"publish","type":"product","link":"https:\/\/esentevibrationale.com\/?product=yeiazel","title":{"rendered":"Yeiazel"},"content":{"rendered":"<p>Ne ajut\u0103 s\u0103 conect\u0103m Mintea cu Intui\u0163ia. \u020ant\u0103re\u015fte lumina interioar\u0103 \u015fi ne sprijin\u0103 \u00een procesul transform\u0103rii noastre.<\/p>\n","protected":false},"excerpt":{"rendered":"<p>Ne ajut\u0103 s\u0103 conect\u0103m Mintea cu Intui\u0163ia. \u020ant\u0103re\u015fte lumina interioar\u0103 \u015fi ne sprijin\u0103 \u00een procesul transform\u0103rii noastre.<\/p>\n","protected":false},"featured_media":3696,"template":"","meta":[],"product_brand":[],"product_cat":[65],"product_tag":[],"class_list":{"0":"post-3695","1":"product","2":"type-product","3":"status-publish","4":"has-post-thumbnail","6":"product_cat-esente-de-ngeri","7":"pa_size-15ml","8":"pa_size-30ml","10":"first","11":"instock","12":"shipping-taxable","13":"purchasable","14":"product-type-variable","15":"has-default-attributes"},"_links":{"self":[{"href":"https:\/\/esentevibrationale.com\/index.php?rest_route=\/wp\/v2\/product\/3695","targetHints":{"allow":["GET"]}}],"collection":[{"href":"https:\/\/esentevibrationale.com\/index.php?rest_route=\/wp\/v2\/product"}],"about":[{"href":"https:\/\/esentevibrationale.com\/index.php?rest_route=\/wp\/v2\/types\/product"}],"wp:featuredmedia":[{"embeddable":true,"href":"https:\/\/esentevibrationale.com\/index.php?rest_route=\/wp\/v2\/media\/3696"}],"wp:attachment":[{"href":"https:\/\/esentevibrationale.com\/index.php?rest_route=%2Fwp%2Fv2%2Fmedia&parent=3695"}],"wp:term":[{"taxonomy":"product_brand","embeddable":true,"href":"https:\/\/esentevibrationale.com\/index.php?rest_route=%2Fwp%2Fv2%2Fproduct_brand&post=3695"},{"taxonomy":"product_cat","embeddable":true,"href":"https:\/\/esentevibrationale.com\/index.php?rest_route=%2Fwp%2Fv2%2Fproduct_cat&post=3695"},{"taxonomy":"product_tag","embeddable":true,"href":"https:\/\/esentevibrationale.com\/index.php?rest_route=%2Fwp%2Fv2%2Fproduct_tag&post=3695"}],"curies":[{"name":"wp","href":"https:\/\/api.w.org\/{rel}","templated":true}]}}