{"id":370,"date":"2018-10-12T18:13:08","date_gmt":"2018-10-12T17:13:08","guid":{"rendered":"http:\/\/phiessences.com\/Romania\/?post_type=product&#038;p=370"},"modified":"2025-12-30T16:17:24","modified_gmt":"2025-12-30T14:17:24","slug":"rose-quartz-cuart-roz","status":"publish","type":"product","link":"https:\/\/esentevibrationale.com\/?product=rose-quartz-cuart-roz","title":{"rendered":"Rose Quartz \/ Cuar\u0163 Roz"},"content":{"rendered":"<p><em>Cuar\u021bul Roz este dioxid de siliciu, al c\u0103rui nume se datoreaz\u0103 culorii sale roz. Poate fi opac\u0103 sau transparent\u0103 \u0219i str\u0103lucirea sa poate ajunge de la nuan\u021be pale la cele puternice. Se g\u0103se\u0219te \u00eentr-o varietate de forma\u021biuni de micro-cristale, dar destul de rar apare \u00een cristale mari. Din antichitate aceast\u0103 piatr\u0103 a stimulat fantezia. Cuar\u021bul Roz trebuie s\u0103 fi fost pus pe p\u0103m\u00e2nt de m\u00e2inile iubirii \u0219i ale lui Eros, deoarece cu culoarea sa tandr\u0103 treze\u0219te dragostea \u0219i dorin\u021b\u0103. \u00cen Doctrina Chakrelor corespunde Chakrei Inimii (Chakrei a-IV-a).<\/em><\/p>\n<p><strong><em>Efectul Esen\u021bei<\/em><\/strong><em>: <\/em>Aceast\u0103 esen\u021b\u0103 transmite o vibra\u021bia bl\u00e2nd\u0103, cald\u0103 \u0219i afectuoas\u0103 \u00een timp ce disip\u0103 negativitatea. Aduce la suprafa\u021b\u0103 iubirea tandr\u0103 \u0219i are un efect de armonizare a corpului emo\u021bional.<\/p>\n<p><strong><em>Efectul Esen\u021bei la Nivel Fizic: <\/em><\/strong>Esen\u021ba Cuar\u021bului Roz asigur\u0103 zona Chakrei a-IV-a cu o vibra\u021bie de protec\u021bie benefic\u0103. Dup\u0103 administrarea acestei esen\u021be grijile, fricile sau nevrozele sau st\u0103rile de nervozitate, care sunt manifest\u0103ri ale disconfortului, ajung la un echilibru compensator. Din punct de vedere energetic, aceast\u0103 esen\u021b\u0103 protejeaz\u0103 organele sexuale Chakra a-II-a \u0219i \u00een acela\u0219i timp, aduce fericire \u00een sexualitate. Promoveaz\u0103 sexualitatea \u0219i fertilitatea<\/p>\n<p><strong><em>Efectul Esen\u021bei la Nivel Emo\u021bional: <\/em><\/strong>Am putea spune c\u0103 specialitatea esen\u021bei este controlul emo\u021bional. Indic\u0103 vindecarea corpului emo\u021bional, \u00een plus, ajut\u0103 foarte mult la purificarea multor situa\u021bii emo\u021bionale, rezultatul fiind realizarea echilibrului interior. Dup\u0103 o dezam\u0103gire \u00een dragoste ne ajut\u0103 s\u0103 dep\u0103\u0219im durerea \u0219i s\u0103 ne g\u0103sim sprijinul \u00een noi \u00een\u0219ine. Respectul de sine \u0219i \u00een\u021belegerea fa\u021b\u0103 de semenii no\u0219tri se dezvolt\u0103 \u0219i astfel,<\/p>\n<p>ne sim\u021bim proteja\u021bi cu energia sa. Ne ofer\u0103 protec\u021bie \u0219i \u00eenr\u0103d\u0103cinare, care \u00een schimb, la r\u00e2ndul lor sunt o baz\u0103 sigur\u0103 pentru o percepere a emo\u021biilor noastre la un nivel mai \u00eenalt. Ca rezultat al tuturor acestor efecte, prietenia \u0219i orice ce fel de rela\u021bie social\u0103 sunt benefice.<\/p>\n<p><strong><em>Efectul Esen\u021bei la Nivel Mental: <\/em><\/strong>Esen\u021ba Cuar\u021bului Roz favorizeaz\u0103 \u00eenlocuirea g\u00e2ndirii negative cu g\u00e2ndirea pozitiv\u0103. Ne va consolida con\u0219tiin\u021ba despre noi, \u00een timp ce \u00eembun\u0103t\u0103\u021be\u0219te aspectul nostru. Cu esen\u021ba ni se dezvolt\u0103 creativitatea \u00een abordarea propriei persoane \u0219i a altora \u0219i vom putea s\u0103 ar\u0103t\u0103m cu toat\u0103 fantezia noastr\u0103.<\/p>\n<p><strong><em>Efectul Esen\u021bei la Nivel Spiritual: <\/em><\/strong>Esen\u021ba ne permite s\u0103 percepem emo\u021biile care corespund unui plan superior. Devenim receptivi la toate lucrurile frumoase, dezvolt\u0103m un sim\u021b profund al artei \u0219i experiment\u0103m un nou aspect al iubirii \u0219i al uniunii cu natura.<\/p>\n<p><strong>Esen\u021ba de Orhidee Corespondent\u0103:<\/strong><\/p>\n<p>Orhideea Inim\u0103.<\/p>\n<p><strong><em>Afirma\u021bia: <\/em><\/strong>\u00cemi deschid inima c\u0103tre bucuria \u0219i frumuse\u021bea de a tr\u0103i<\/p>\n","protected":false},"excerpt":{"rendered":"<p>Cuar\u021bul Roz este dioxid de siliciu, al c\u0103rui nume se datoreaz\u0103 culorii sale roz. Poate fi opac\u0103 sau transparent\u0103 \u0219i str\u0103lucirea sa poate ajunge de la nuan\u021be pale la cele puternice. Se g\u0103se\u0219te \u00eentr-o varietate de forma\u021biuni de micro-cristale, dar destul de rar apare \u00een cristale mari. Din antichitate aceast\u0103 piatr\u0103 a stimulat fantezia. Cuar\u021bul &hellip; <a href=\"https:\/\/esentevibrationale.com\/?product=rose-quartz-cuart-roz\" class=\"more-link\">Continu\u0103 lectura <span class=\"screen-reader-text\">Rose Quartz \/ Cuar\u0163 Roz<\/span> <span class=\"meta-nav\">&rarr;<\/span><\/a><\/p>\n","protected":false},"featured_media":369,"template":"","meta":[],"product_brand":[],"product_cat":[18],"product_tag":[],"class_list":{"0":"post-370","1":"product","2":"type-product","3":"status-publish","4":"has-post-thumbnail","6":"product_cat-esente-de-geme","7":"pa_size-15ml","8":"pa_size-30ml","10":"first","11":"instock","12":"shipping-taxable","13":"purchasable","14":"product-type-variable","15":"has-default-attributes"},"_links":{"self":[{"href":"https:\/\/esentevibrationale.com\/index.php?rest_route=\/wp\/v2\/product\/370","targetHints":{"allow":["GET"]}}],"collection":[{"href":"https:\/\/esentevibrationale.com\/index.php?rest_route=\/wp\/v2\/product"}],"about":[{"href":"https:\/\/esentevibrationale.com\/index.php?rest_route=\/wp\/v2\/types\/product"}],"wp:featuredmedia":[{"embeddable":true,"href":"https:\/\/esentevibrationale.com\/index.php?rest_route=\/wp\/v2\/media\/369"}],"wp:attachment":[{"href":"https:\/\/esentevibrationale.com\/index.php?rest_route=%2Fwp%2Fv2%2Fmedia&parent=370"}],"wp:term":[{"taxonomy":"product_brand","embeddable":true,"href":"https:\/\/esentevibrationale.com\/index.php?rest_route=%2Fwp%2Fv2%2Fproduct_brand&post=370"},{"taxonomy":"product_cat","embeddable":true,"href":"https:\/\/esentevibrationale.com\/index.php?rest_route=%2Fwp%2Fv2%2Fproduct_cat&post=370"},{"taxonomy":"product_tag","embeddable":true,"href":"https:\/\/esentevibrationale.com\/index.php?rest_route=%2Fwp%2Fv2%2Fproduct_tag&post=370"}],"curies":[{"name":"wp","href":"https:\/\/api.w.org\/{rel}","templated":true}]}}