{"id":371,"date":"2018-10-12T18:15:04","date_gmt":"2018-10-12T17:15:04","guid":{"rendered":"http:\/\/phiessences.com\/Romania\/?post_type=product&#038;p=371"},"modified":"2025-12-30T16:58:53","modified_gmt":"2025-12-30T14:58:53","slug":"ruby-rubin","status":"publish","type":"product","link":"https:\/\/esentevibrationale.com\/?product=ruby-rubin","title":{"rendered":"Ruby \/ Rubin"},"content":{"rendered":"<p><em>Rubinul este un monoxid de aluminiu \u0219i numele s\u0103u este ca \u0219i culoarea sa (\u00een latin\u0103 <\/em>Rubeus<em>, \u00eenseamn\u0103 &#8222;ro\u0219u&#8221;). Ochii de pisic\u0103 fosforescen\u021bi sau efectele celor \u0219ase raze sunt de obicei rezultatul rutilului \u00eencrustat. Rubinul \u0219lefuit cap\u0103t\u0103 o str\u0103lucire similar\u0103 cu cea a diamantului. Grecii \u00eel considerau &#8222;mama tuturor nestematelor&#8221;, datorit\u0103 frumuse\u021bii \u0219i particularit\u0103\u021bii sale. Sf. Hildegard recomanda Rubinul pentru tratarea infec\u021biilor, frisoanelor, sl\u0103biciunii, durerilor de cap \u0219i a sensibilit\u0103\u021bii date de meteodependen\u021b\u0103.<\/em><\/p>\n<p><strong><em>Efectul Esen\u021bei: <\/em><\/strong>Esen\u021ba Rubinului stimuleaz\u0103 \u0219i stabilizeaz\u0103 Chakra Bazei (Prima Chakr\u0103) \u0219i Chakra Inimii (Chakra a-IV-a), \u00een momentul \u00een care se solicit\u0103 for\u021ba de via\u021b\u0103.<\/p>\n<p><strong><em>Efectul Esen\u021bei la Nivel Fizic: <\/em><\/strong>Intensitatea revigoratoare a energiei esen\u021bei poate fi perceput\u0103 ca o senza\u021bie corporal\u0103 vitalizat\u0103 holistic \u0219i un sistem imunitar \u00eembun\u0103t\u0103\u021bit. Reac\u021bia din zona Chakrei a-IV-a la esen\u021b\u0103 este foarte pozitiv\u0103, deoarece favorizeaz\u0103 o putere sexual\u0103 intens\u0103, oferind un efect revigoratoare asupra organelor de reproducere \u0219i sus\u021bine simptomele menopauzei. \u00cen plus, poate fi util\u0103 \u00een cazurile de obezitate, fiindc\u0103 contracareaz\u0103 sentimentelor de greutate \u0219i lene.<\/p>\n<p><strong><em>Efectul Esen\u021bei la Nivel Emo\u021bional: <\/em><\/strong>Considerat ca fiind o piatr\u0103 norocoas\u0103 \u00een ceea ce prive\u0219te rela\u021biile amoroase, Rubinul \u0219i esen\u021ba sa ne fac senzitivi \u00een ceea ce prive\u0219te prietenia. Poate favoriza pasiunea, entuziasmul \u0219i \u00eencrederea. Tr\u0103irile se \u00eent\u00e2mpl\u0103 lin, ne permit s\u0103 respir\u0103m, s\u0103 se risipeasc\u0103 blocajele \u0219i s\u0103 ne echilibr\u0103m. Iubirea corporal\u0103 \u0219i spiritual\u0103 se unesc una cu cealalt\u0103 armonios.\u00cencurajeaz\u0103 iubirea de sine \u0219i iubirea fa\u021b\u0103 de alte persoane.<\/p>\n<p><strong><em>Efectul Esen\u021bei la Nivel Mental: <\/em><\/strong>S-a dovedit c\u0103 esen\u021ba este benefic\u0103 energiei noastre mentale \u00een multiple aspecte: capacit\u0103\u021bile noastre mentale \u0219i intui\u021bia noastr\u0103 sunt stimulate \u0219i reorientate cu \u00een\u021belepciune. Totodat\u0103, stimuleaz\u0103 abilit\u0103\u021bile noastre de negociere, curajul, con\u0219tiin\u021ba de sine, flexibilitatea, pentru a putea r\u0103m\u00e2nem loiali propriilor idealurilor. R\u0103m\u00e2nem \u00een contact cu energia proprie focului l\u0103untric \u0219i putem ac\u021biona acum.<\/p>\n<p><strong><em>Efectul Esen\u021bei la Nivel Spiritual: <\/em><\/strong>Esen\u021ba poate fi perceput\u0103 ca fiind cea care conduce la evolu\u021bia con\u0219tiin\u021bei noastre. Suntem intim conecta\u021bi cu P\u0103m\u00e2ntul, ne echilibr\u0103m mult mai repede, prin urmare ne este mai u\u0219or s\u0103 ne deschidem inspira\u021biei \u0219i perceperii Iubirii Divine.<\/p>\n<p><strong>Esen\u021ba de Orhidee Corespondent\u0103:<\/strong><\/p>\n<p>Victoria Regia.<\/p>\n<p><strong><em>Afirma\u021bia: <\/em><\/strong>Bucuria de a tr\u0103i \u00eemi d\u0103 aripi \u0219i tr\u0103iesc intens \u00een adev\u0103rul meu l\u0103untric.<\/p>\n<p>&nbsp;<\/p>\n","protected":false},"excerpt":{"rendered":"<p>Rubinul este un monoxid de aluminiu \u0219i numele s\u0103u este ca \u0219i culoarea sa (\u00een latin\u0103 Rubeus, \u00eenseamn\u0103 &#8222;ro\u0219u&#8221;). Ochii de pisic\u0103 fosforescen\u021bi sau efectele celor \u0219ase raze sunt de obicei rezultatul rutilului \u00eencrustat. Rubinul \u0219lefuit cap\u0103t\u0103 o str\u0103lucire similar\u0103 cu cea a diamantului. Grecii \u00eel considerau &#8222;mama tuturor nestematelor&#8221;, datorit\u0103 frumuse\u021bii \u0219i particularit\u0103\u021bii sale. &hellip; <a href=\"https:\/\/esentevibrationale.com\/?product=ruby-rubin\" class=\"more-link\">Continu\u0103 lectura <span class=\"screen-reader-text\">Ruby \/ Rubin<\/span> <span class=\"meta-nav\">&rarr;<\/span><\/a><\/p>\n","protected":false},"featured_media":372,"template":"","meta":[],"product_brand":[],"product_cat":[18],"product_tag":[],"class_list":{"0":"post-371","1":"product","2":"type-product","3":"status-publish","4":"has-post-thumbnail","6":"product_cat-esente-de-geme","7":"pa_size-15ml","8":"pa_size-30ml","10":"first","11":"instock","12":"shipping-taxable","13":"purchasable","14":"product-type-variable","15":"has-default-attributes"},"_links":{"self":[{"href":"https:\/\/esentevibrationale.com\/index.php?rest_route=\/wp\/v2\/product\/371","targetHints":{"allow":["GET"]}}],"collection":[{"href":"https:\/\/esentevibrationale.com\/index.php?rest_route=\/wp\/v2\/product"}],"about":[{"href":"https:\/\/esentevibrationale.com\/index.php?rest_route=\/wp\/v2\/types\/product"}],"wp:featuredmedia":[{"embeddable":true,"href":"https:\/\/esentevibrationale.com\/index.php?rest_route=\/wp\/v2\/media\/372"}],"wp:attachment":[{"href":"https:\/\/esentevibrationale.com\/index.php?rest_route=%2Fwp%2Fv2%2Fmedia&parent=371"}],"wp:term":[{"taxonomy":"product_brand","embeddable":true,"href":"https:\/\/esentevibrationale.com\/index.php?rest_route=%2Fwp%2Fv2%2Fproduct_brand&post=371"},{"taxonomy":"product_cat","embeddable":true,"href":"https:\/\/esentevibrationale.com\/index.php?rest_route=%2Fwp%2Fv2%2Fproduct_cat&post=371"},{"taxonomy":"product_tag","embeddable":true,"href":"https:\/\/esentevibrationale.com\/index.php?rest_route=%2Fwp%2Fv2%2Fproduct_tag&post=371"}],"curies":[{"name":"wp","href":"https:\/\/api.w.org\/{rel}","templated":true}]}}