{"id":381,"date":"2018-10-12T18:57:27","date_gmt":"2018-10-12T17:57:27","guid":{"rendered":"http:\/\/phiessences.com\/Romania\/?post_type=product&#038;p=381"},"modified":"2025-12-30T16:59:54","modified_gmt":"2025-12-30T14:59:54","slug":"rutilated-quartz-rutil","status":"publish","type":"product","link":"https:\/\/esentevibrationale.com\/?product=rutilated-quartz-rutil","title":{"rendered":"Rutilated Quartz \/ Cuar\u0163 Rutilat"},"content":{"rendered":"<p><em>Cuar\u021bul Rutilat este format \u00een principal din dioxid de titan. Dioxidul de titan este rezultatul stratific\u0103rii metalelor (titan, cupru, aur) \u00een cristalul de roc\u0103 sau cuar\u021bului fumuriu (dioxid de siliciu). Piatra poate fi incolor\u0103, clara sau maro cu diferite umbre de negru, maro ro\u0219cat sau auriu. Cuar\u021bul Rutilat este considerat mineralul adev\u0103rului \u0219i mineralul protec\u021biei. Ne ajut\u0103 s\u0103 ne respect\u0103m promisiunile. \u00cen Doctrina Chakrelor este asociat tuturor Chakrelor, dar \u00een special Plexului Solar (Chakra a-III-a). \u00cen ceea ce prive\u0219te aura, acesta ac\u021bioneaz\u0103 pe corpul energetic.<\/em><\/p>\n<p><strong><em>Efectul Esen\u021bei: <\/em><\/strong>Esen\u021ba Cuar\u021bului Rutilat ne ajut\u0103 s\u0103 g\u0103sim cauzele problemelor noastre \u0219i aduce lumin\u0103 \u00een col\u021burile cele mai \u00eentunecate ale sufletului nostru. Lini\u0219te\u0219te mintea \u0219i ne ajut\u0103 s\u0103 vedem cum poli opu\u0219i ajung \u00eempreun\u0103.<\/p>\n<p><strong><em>Efectul Esen\u021bei la Nivel Fizic: <\/em><\/strong>Esen\u021ba Cuar\u021bului Rutilat are un efect revigorator energetic asupra c\u0103ilor respiratorii \u0219i astfel, sus\u021bine bolile pulmonare. Datorit\u0103 efectului s\u0103u calmant asupra min\u021bii noastre, inconvenien\u021bele nervoase, totodat\u0103, pot fi dep\u0103\u0219ite, datorit\u0103 armoniz\u0103rii bazei noastre de energie.<\/p>\n<p><strong><em>Efectul Esen\u021bei la Nivel Emo\u021bional: <\/em><\/strong>Fibrele Rutilului sunt similare razelor solare. \u00centr-un mod similar cu imaginea men\u021bionat\u0103, aceast\u0103 esen\u021b\u0103 ne ajut\u0103 s\u0103 ne ilumineze sentimentele \u0219i s\u0103 identific\u0103m situa\u021biile negative. Ne putem desprinde de acestea \u0219i ne g\u0103sim claritatea. Plexul solar, ca centru senza\u021bional, se \u00eent\u0103re\u0219te. Ne vom sim\u021bi bine \u0219i ne vom elibera de energiile agresive. De asemenea, esen\u021ba ofer\u0103 protec\u021bie energetic\u0103, care ne protejeaz\u0103 de for\u021bele negative.<\/p>\n<p><strong><em>Efectul Esen\u021bei la Nivel Mental: <\/em><\/strong>Energia esen\u021bei este intens iluminatoare, lini\u0219titoare \u0219i grijulie, la nivel mental ne ajut\u0103 s\u0103 ne distan\u021b\u0103m de problemele care au fost \u00een detrimentul puterii noastre mentale. De aici, rezult\u0103 o capacitatea clar\u0103 de \u00een\u021belegere, de care putem profita sub forma inspira\u021biei (ob\u021binut\u0103 printr-o mare con\u0219tientizare) sau a memoriei.<\/p>\n<p><strong><em>Efectul Esen\u021bei la Nivel Spiritual: <\/em><\/strong>Esen\u021ba Cuar\u021bului Rutilat poate fi un aliat foarte bun \u00een visele \u0219i c\u0103l\u0103toriile noastre astrale. Contribuie la \u00eembun\u0103t\u0103\u021birea memoriei \u0219i la abilitatea de a decoda mesajele viselor noastre. Esen\u021ba \u00eencurajeaz\u0103 evolu\u021bia con- \u0219tiin\u021bei \u0219i a \u00eemp\u0103m\u00e2nt\u0103rii, pe de alt\u0103 parte dezvolt\u0103 abilitatea clarviziunii \u0219i uniunea cu natura.<\/p>\n<p><strong>Esen\u021ba de Orhidee Corespondent\u0103:<\/strong><\/p>\n<p>Orhideea Soare<\/p>\n<p><strong><em>Afirma\u021bia: <\/em><\/strong>Sunt plin\/plin\u0103 de g\u00e2nduri str\u0103lucitoare. Claritatea \u0219i armonia se afl\u0103 \u00een interiorul meu.<\/p>\n","protected":false},"excerpt":{"rendered":"<p>Cuar\u021bul Rutilat este format \u00een principal din dioxid de titan. Dioxidul de titan este rezultatul stratific\u0103rii metalelor (titan, cupru, aur) \u00een cristalul de roc\u0103 sau cuar\u021bului fumuriu (dioxid de siliciu). Piatra poate fi incolor\u0103, clara sau maro cu diferite umbre de negru, maro ro\u0219cat sau auriu. Cuar\u021bul Rutilat este considerat mineralul adev\u0103rului \u0219i mineralul protec\u021biei. &hellip; <a href=\"https:\/\/esentevibrationale.com\/?product=rutilated-quartz-rutil\" class=\"more-link\">Continu\u0103 lectura <span class=\"screen-reader-text\">Rutilated Quartz \/ Cuar\u0163 Rutilat<\/span> <span class=\"meta-nav\">&rarr;<\/span><\/a><\/p>\n","protected":false},"featured_media":382,"template":"","meta":[],"product_brand":[],"product_cat":[18],"product_tag":[],"class_list":{"0":"post-381","1":"product","2":"type-product","3":"status-publish","4":"has-post-thumbnail","6":"product_cat-esente-de-geme","7":"pa_size-15ml","8":"pa_size-30ml","10":"first","11":"instock","12":"shipping-taxable","13":"purchasable","14":"product-type-variable","15":"has-default-attributes"},"_links":{"self":[{"href":"https:\/\/esentevibrationale.com\/index.php?rest_route=\/wp\/v2\/product\/381","targetHints":{"allow":["GET"]}}],"collection":[{"href":"https:\/\/esentevibrationale.com\/index.php?rest_route=\/wp\/v2\/product"}],"about":[{"href":"https:\/\/esentevibrationale.com\/index.php?rest_route=\/wp\/v2\/types\/product"}],"wp:featuredmedia":[{"embeddable":true,"href":"https:\/\/esentevibrationale.com\/index.php?rest_route=\/wp\/v2\/media\/382"}],"wp:attachment":[{"href":"https:\/\/esentevibrationale.com\/index.php?rest_route=%2Fwp%2Fv2%2Fmedia&parent=381"}],"wp:term":[{"taxonomy":"product_brand","embeddable":true,"href":"https:\/\/esentevibrationale.com\/index.php?rest_route=%2Fwp%2Fv2%2Fproduct_brand&post=381"},{"taxonomy":"product_cat","embeddable":true,"href":"https:\/\/esentevibrationale.com\/index.php?rest_route=%2Fwp%2Fv2%2Fproduct_cat&post=381"},{"taxonomy":"product_tag","embeddable":true,"href":"https:\/\/esentevibrationale.com\/index.php?rest_route=%2Fwp%2Fv2%2Fproduct_tag&post=381"}],"curies":[{"name":"wp","href":"https:\/\/api.w.org\/{rel}","templated":true}]}}