{"id":383,"date":"2018-10-12T19:03:48","date_gmt":"2018-10-12T18:03:48","guid":{"rendered":"http:\/\/phiessences.com\/Romania\/?post_type=product&#038;p=383"},"modified":"2025-12-30T13:12:06","modified_gmt":"2025-12-30T11:12:06","slug":"esmerald-smarald","status":"publish","type":"product","link":"https:\/\/esentevibrationale.com\/?product=esmerald-smarald","title":{"rendered":"Esmerald \/ Smarald"},"content":{"rendered":"<p><em>Smaraldul este un silicat de aluminiu \u0219i beriliu, care fascineaz\u0103 prin verdele s\u0103u distinctiv, de la transparent la opac, acoper\u0103 mai multe nuan\u021be de verde. Culoarea se datoreaz\u0103 prezen\u021bei cromului \u0219i vanadiului \u0219i se g\u0103se\u0219te \u00een forme de prisme hexahedrale alungite. \u00cen timpul secolului al XII-lea, Hildegard l-a recomandat pentru tratarea disfunc\u021biilor stomacului, cardiace \u0219i a &#8222;bolii c\u0103derii&#8221; (epilepsiei). \u00cen Doctrina Chakrelor este asociat Chakrei a- IV-a \u0219i Chakeri a-VI-a.<\/em><\/p>\n<p><strong><em>Efectul Esen\u021bei: <\/em><\/strong>Esen\u021ba Smaraldului ne deschide inima la diversitatea vie\u021bii. Intui\u021bia noastr\u0103 se activeaz\u0103 \u0219i uniunea cu Sinele Superior devine mult mai evident\u0103.<\/p>\n<p><strong><em>Efectul Esen\u021bei la Nivel Fizic<\/em><\/strong><em>: <\/em>Atunci c\u00e2nd avem nevoie s\u0103 ne g\u0103sim echilibrul interior, aceast\u0103 esen\u021ba ne d\u0103 energia sa. Poate fi aplicat\u0103 pe Chakra a-IV-a ca un sprijin energetic. Revigoreaz\u0103 \u00eentregul organismul \u00eent\u0103rind \u0219i stimul\u00e2nd energia noastr\u0103 auto- vindec\u0103toare.<\/p>\n<p><strong><em>Efectul Esen\u021bei la Nivel Emo\u021bional: <\/em><\/strong>Cu esen\u021ba putem face fa\u021b\u0103 mai bine e\u0219ecurilor destinului \u0219i emo\u021biilor generate de el. Deschide inima c\u0103tre diversitatea vie\u021bii, la care ne-am \u00eenchis din diverse motive. Ne este mai u\u0219or s\u0103 accept\u0103m energiile care nu sunt \u00een concordan\u021b\u0103 cu percep\u021biile noastre. Inima noastr\u0103 se va umple cu iubire sub forma unui sentiment de uniune cu tot ceea ce este \u00een jur. Personalitatea noastr\u0103 se reafirm\u0103 \u0219i putem diminua sau elimina propriile frici.<\/p>\n<p><strong><em>Efectul Esen\u021bei la Nivel Mental: <\/em><\/strong>Vibra\u021bia esen\u021bei este plin\u0103 de afec\u021biune \u0219i armonie \u0219i ne \u00eemprosp\u0103teaz\u0103 \u0219i regenereaz\u0103 corpul \u0219i sufletul nostru. Activeaz\u0103 al Treilea Ochi ca un portal spre inspira\u021bie \u0219i abilit\u0103\u021bi ne\u0219tiute. Fiind cufunda\u021bi \u00een energia \u00een\u021belegerii extinse, sc\u0103p\u0103m de tipare vechi \u0219i le \u00eenlocuim cu mode noi de g\u00e2ndire.<\/p>\n<p><strong><em>Efectul Esen\u021bei la Nivel Spiritual: <\/em><\/strong>Esen\u021ba este provocatoare pentru medita\u021bie, deoarece \u00eencurajeaz\u0103 cunoa\u0219terea spiritual\u0103 pe parcursul s\u0103u \u0219i ne ofer\u0103 posibilitatea de a acumula energie re\u00eennoit\u0103. Puterile de auto-vindecare de la fiecare nivel al corpului, min\u021bii \u0219i sufletului sunt stimulate. Vom percepe acest lucru ca pe un sentiment holistic de ridicare \u0219i prospe\u021bime spiritual\u0103. Simultan, exist\u0103 un sentiment de dragoste profund, speran\u021b\u0103, vindecare \u0219i \u00een\u021belepciune \u00een noi.<\/p>\n<p><strong>Esen\u021ba de Orhidee Corespondent\u0103:<\/strong><\/p>\n<p>Orhideea Venus.<\/p>\n<p><strong><em>Afirma\u021bia<\/em><\/strong><em>: <\/em>Simt iubire imens\u0103 \u0219i prospe\u021bime \u00een interiorul meu, care disip\u0103 toate fricile mele \u0219i \u00eemi permite s\u0103 explorez misterele vie\u021bii.<\/p>\n","protected":false},"excerpt":{"rendered":"<p>Smaraldul este un silicat de aluminiu \u0219i beriliu, care fascineaz\u0103 prin verdele s\u0103u distinctiv, de la transparent la opac, acoper\u0103 mai multe nuan\u021be de verde. Culoarea se datoreaz\u0103 prezen\u021bei cromului \u0219i vanadiului \u0219i se g\u0103se\u0219te \u00een forme de prisme hexahedrale alungite. \u00cen timpul secolului al XII-lea, Hildegard l-a recomandat pentru tratarea disfunc\u021biilor stomacului, cardiace \u0219i &hellip; <a href=\"https:\/\/esentevibrationale.com\/?product=esmerald-smarald\" class=\"more-link\">Continu\u0103 lectura <span class=\"screen-reader-text\">Esmerald \/ Smarald<\/span> <span class=\"meta-nav\">&rarr;<\/span><\/a><\/p>\n","protected":false},"featured_media":384,"template":"","meta":[],"product_brand":[],"product_cat":[18],"product_tag":[],"class_list":{"0":"post-383","1":"product","2":"type-product","3":"status-publish","4":"has-post-thumbnail","6":"product_cat-esente-de-geme","7":"pa_size-15ml","8":"pa_size-30ml","10":"first","11":"instock","12":"shipping-taxable","13":"purchasable","14":"product-type-variable","15":"has-default-attributes"},"_links":{"self":[{"href":"https:\/\/esentevibrationale.com\/index.php?rest_route=\/wp\/v2\/product\/383","targetHints":{"allow":["GET"]}}],"collection":[{"href":"https:\/\/esentevibrationale.com\/index.php?rest_route=\/wp\/v2\/product"}],"about":[{"href":"https:\/\/esentevibrationale.com\/index.php?rest_route=\/wp\/v2\/types\/product"}],"wp:featuredmedia":[{"embeddable":true,"href":"https:\/\/esentevibrationale.com\/index.php?rest_route=\/wp\/v2\/media\/384"}],"wp:attachment":[{"href":"https:\/\/esentevibrationale.com\/index.php?rest_route=%2Fwp%2Fv2%2Fmedia&parent=383"}],"wp:term":[{"taxonomy":"product_brand","embeddable":true,"href":"https:\/\/esentevibrationale.com\/index.php?rest_route=%2Fwp%2Fv2%2Fproduct_brand&post=383"},{"taxonomy":"product_cat","embeddable":true,"href":"https:\/\/esentevibrationale.com\/index.php?rest_route=%2Fwp%2Fv2%2Fproduct_cat&post=383"},{"taxonomy":"product_tag","embeddable":true,"href":"https:\/\/esentevibrationale.com\/index.php?rest_route=%2Fwp%2Fv2%2Fproduct_tag&post=383"}],"curies":[{"name":"wp","href":"https:\/\/api.w.org\/{rel}","templated":true}]}}